{"id":430,"date":"2022-11-17T23:44:56","date_gmt":"2022-11-17T23:44:56","guid":{"rendered":"https:\/\/presur.cl\/?post_type=product&#038;p=430"},"modified":"2024-05-06T17:47:58","modified_gmt":"2024-05-06T17:47:58","slug":"430","status":"publish","type":"product","link":"https:\/\/presur.cl\/?product=430","title":{"rendered":"BANCA FREIRE CON RESPALDO"},"content":{"rendered":"<p><strong>MATERIAL:<\/strong> Hormig\u00f3n gran\u00edtico y madera nativa o biopol\u00edmerica<br \/>\n<strong>ESTRUCTURA:<\/strong> Monol\u00edto armado<br \/>\n<strong>TERMINACI\u00d3N<\/strong>: Gran\u00edtico pulido<br \/>\n<strong>INSTALACI\u00d3N:<\/strong> Anclado con esp\u00e1rragos<br \/>\n<strong>PESO:<\/strong> 300 kg.<br \/>\n<strong>DIMENSIONES<\/strong>: 180 x 54 x 85h Apr\u00f3x.<\/p>\n<p><a href=\"https:\/\/presur.cl\/wp-content\/uploads\/2022\/11\/BANCA-FREIRE-CON-RESPALDO-1.pdf\">ESPECIFICIACI\u00d3N TPECNICA_BANCA FREIRE CON RESPALDO<\/a><\/p>\n","protected":false},"excerpt":{"rendered":"<p>MATERIAL: Hormig\u00f3n gran\u00edtico y madera nativa o biopol\u00edmerica ESTRUCTURA: Monol\u00edto armado TERMINACI\u00d3N: Gran\u00edtico pulido INSTALACI\u00d3N: Anclado con esp\u00e1rragos PESO: 300 kg. DIMENSIONES: 180 x 54 x 85h Apr\u00f3x. ESPECIFICIACI\u00d3N TPECNICA_BANCA FREIRE CON RESPALDO<\/p>\n","protected":false},"featured_media":434,"template":"","meta":{"jetpack_publicize_message":"","jetpack_is_tweetstorm":false,"jetpack_publicize_feature_enabled":true,"jetpack_social_post_already_shared":false,"jetpack_social_options":{"image_generator_settings":{"template":"highway","enabled":false}}},"product_cat":[23],"product_tag":[],"jetpack_publicize_connections":[],"jetpack_sharing_enabled":true,"_links":{"self":[{"href":"https:\/\/presur.cl\/index.php?rest_route=\/wp\/v2\/product\/430"}],"collection":[{"href":"https:\/\/presur.cl\/index.php?rest_route=\/wp\/v2\/product"}],"about":[{"href":"https:\/\/presur.cl\/index.php?rest_route=\/wp\/v2\/types\/product"}],"version-history":[{"count":3,"href":"https:\/\/presur.cl\/index.php?rest_route=\/wp\/v2\/product\/430\/revisions"}],"predecessor-version":[{"id":2485,"href":"https:\/\/presur.cl\/index.php?rest_route=\/wp\/v2\/product\/430\/revisions\/2485"}],"wp:featuredmedia":[{"embeddable":true,"href":"https:\/\/presur.cl\/index.php?rest_route=\/wp\/v2\/media\/434"}],"wp:attachment":[{"href":"https:\/\/presur.cl\/index.php?rest_route=%2Fwp%2Fv2%2Fmedia&parent=430"}],"wp:term":[{"taxonomy":"product_cat","embeddable":true,"href":"https:\/\/presur.cl\/index.php?rest_route=%2Fwp%2Fv2%2Fproduct_cat&post=430"},{"taxonomy":"product_tag","embeddable":true,"href":"https:\/\/presur.cl\/index.php?rest_route=%2Fwp%2Fv2%2Fproduct_tag&post=430"}],"curies":[{"name":"wp","href":"https:\/\/api.w.org\/{rel}","templated":true}]}}