{"id":435,"date":"2022-11-17T23:50:30","date_gmt":"2022-11-17T23:50:30","guid":{"rendered":"https:\/\/presur.cl\/?post_type=product&#038;p=435"},"modified":"2025-04-08T21:20:57","modified_gmt":"2025-04-08T21:20:57","slug":"banca-freire-2","status":"publish","type":"product","link":"https:\/\/presur.cl\/?product=banca-freire-2","title":{"rendered":"BANCA FREIRE"},"content":{"rendered":"<p><strong>MATERIAL:<\/strong> Hormig\u00f3n gran\u00edtico y madera nativa o biopol\u00edmerica<br \/>\n<strong>ESTRUCTURA:<\/strong> Monol\u00edto armado<br \/>\n<strong>TERMINACI\u00d3N<\/strong>: Gran\u00edtico pulido<br \/>\n<strong>INSTALACI\u00d3N:<\/strong> Anclado con esp\u00e1rragos<br \/>\n<strong>PESO:<\/strong> 280 kg.<br \/>\n<strong>DIMENSIONES<\/strong>: 210 x 54 x 45h Apr\u00f3x.<\/p>\n<p><a href=\"https:\/\/presur.cl\/wp-content\/uploads\/2022\/11\/BANCA-FREIRE-SIN-RESPALDO.pdf\">ESPECIFICACI\u00d3N T\u00c9CNICA_BANCA FREIRE SIN RESPALDO<\/a><\/p>\n","protected":false},"excerpt":{"rendered":"<p>MATERIAL: Hormig\u00f3n gran\u00edtico y madera nativa o biopol\u00edmerica ESTRUCTURA: Monol\u00edto armado TERMINACI\u00d3N: Gran\u00edtico pulido INSTALACI\u00d3N: Anclado con esp\u00e1rragos PESO: 280 kg. DIMENSIONES: 210 x 54 x 45h Apr\u00f3x. ESPECIFICACI\u00d3N T\u00c9CNICA_BANCA FREIRE SIN RESPALDO<\/p>\n","protected":false},"featured_media":438,"template":"","meta":{"jetpack_publicize_message":"","jetpack_is_tweetstorm":false,"jetpack_publicize_feature_enabled":true,"jetpack_social_post_already_shared":false,"jetpack_social_options":{"image_generator_settings":{"template":"highway","enabled":false}}},"product_cat":[23],"product_tag":[],"jetpack_publicize_connections":[],"jetpack_sharing_enabled":true,"_links":{"self":[{"href":"https:\/\/presur.cl\/index.php?rest_route=\/wp\/v2\/product\/435"}],"collection":[{"href":"https:\/\/presur.cl\/index.php?rest_route=\/wp\/v2\/product"}],"about":[{"href":"https:\/\/presur.cl\/index.php?rest_route=\/wp\/v2\/types\/product"}],"version-history":[{"count":3,"href":"https:\/\/presur.cl\/index.php?rest_route=\/wp\/v2\/product\/435\/revisions"}],"predecessor-version":[{"id":2482,"href":"https:\/\/presur.cl\/index.php?rest_route=\/wp\/v2\/product\/435\/revisions\/2482"}],"wp:featuredmedia":[{"embeddable":true,"href":"https:\/\/presur.cl\/index.php?rest_route=\/wp\/v2\/media\/438"}],"wp:attachment":[{"href":"https:\/\/presur.cl\/index.php?rest_route=%2Fwp%2Fv2%2Fmedia&parent=435"}],"wp:term":[{"taxonomy":"product_cat","embeddable":true,"href":"https:\/\/presur.cl\/index.php?rest_route=%2Fwp%2Fv2%2Fproduct_cat&post=435"},{"taxonomy":"product_tag","embeddable":true,"href":"https:\/\/presur.cl\/index.php?rest_route=%2Fwp%2Fv2%2Fproduct_tag&post=435"}],"curies":[{"name":"wp","href":"https:\/\/api.w.org\/{rel}","templated":true}]}}