{"id":468,"date":"2022-11-18T02:37:53","date_gmt":"2022-11-18T02:37:53","guid":{"rendered":"https:\/\/presur.cl\/?post_type=product&#038;p=468"},"modified":"2025-10-20T22:26:41","modified_gmt":"2025-10-20T22:26:41","slug":"banca-individual-u","status":"publish","type":"product","link":"https:\/\/presur.cl\/?product=banca-individual-u","title":{"rendered":"BANCA INDIVIDUAL U"},"content":{"rendered":"<p><strong>MATERIAL:<\/strong> Hormig\u00f3n gran\u00edtico<\/p>\n<p><strong>ESTRUCTURA<\/strong>: Monolito armado<\/p>\n<p><strong>TERMINACI\u00d3N:<\/strong> Gran\u00edtico pulido<\/p>\n<p><strong>INSTALACI\u00d3N:<\/strong> Anclado con esp\u00e1rragos<\/p>\n<p><strong>PESO:<\/strong> 120 Kg.<\/p>\n<p><strong>DIMENSIONES<\/strong>: 45 x 45 x 45h Apr\u00f3x.<\/p>\n<p><strong><a href=\"https:\/\/presur.cl\/wp-content\/uploads\/2022\/11\/BANCA-INDIVIDUAL-U-1-1.pdf\">ESPECIFICACI\u00d3N T\u00c9CNICA BANCA INDIVIDUAL U<\/a><\/strong><\/p>\n","protected":false},"excerpt":{"rendered":"<p>MATERIAL: Hormig\u00f3n gran\u00edtico ESTRUCTURA: Monolito armado TERMINACI\u00d3N: Gran\u00edtico pulido INSTALACI\u00d3N: Anclado con esp\u00e1rragos PESO: 120 Kg. DIMENSIONES: 45 x 45 x 45h Apr\u00f3x. ESPECIFICACI\u00d3N T\u00c9CNICA BANCA INDIVIDUAL U<\/p>\n","protected":false},"featured_media":470,"template":"","meta":{"jetpack_publicize_message":"","jetpack_is_tweetstorm":false,"jetpack_publicize_feature_enabled":true,"jetpack_social_post_already_shared":false,"jetpack_social_options":{"image_generator_settings":{"template":"highway","enabled":false}}},"product_cat":[23],"product_tag":[],"jetpack_publicize_connections":[],"jetpack_sharing_enabled":true,"_links":{"self":[{"href":"https:\/\/presur.cl\/index.php?rest_route=\/wp\/v2\/product\/468"}],"collection":[{"href":"https:\/\/presur.cl\/index.php?rest_route=\/wp\/v2\/product"}],"about":[{"href":"https:\/\/presur.cl\/index.php?rest_route=\/wp\/v2\/types\/product"}],"version-history":[{"count":5,"href":"https:\/\/presur.cl\/index.php?rest_route=\/wp\/v2\/product\/468\/revisions"}],"predecessor-version":[{"id":3322,"href":"https:\/\/presur.cl\/index.php?rest_route=\/wp\/v2\/product\/468\/revisions\/3322"}],"wp:featuredmedia":[{"embeddable":true,"href":"https:\/\/presur.cl\/index.php?rest_route=\/wp\/v2\/media\/470"}],"wp:attachment":[{"href":"https:\/\/presur.cl\/index.php?rest_route=%2Fwp%2Fv2%2Fmedia&parent=468"}],"wp:term":[{"taxonomy":"product_cat","embeddable":true,"href":"https:\/\/presur.cl\/index.php?rest_route=%2Fwp%2Fv2%2Fproduct_cat&post=468"},{"taxonomy":"product_tag","embeddable":true,"href":"https:\/\/presur.cl\/index.php?rest_route=%2Fwp%2Fv2%2Fproduct_tag&post=468"}],"curies":[{"name":"wp","href":"https:\/\/api.w.org\/{rel}","templated":true}]}}