{"id":491,"date":"2022-11-18T03:11:12","date_gmt":"2022-11-18T03:11:12","guid":{"rendered":"https:\/\/presur.cl\/?post_type=product&#038;p=491"},"modified":"2024-05-07T16:49:28","modified_gmt":"2024-05-07T16:49:28","slug":"banca-los-angeles-con-madera-150","status":"publish","type":"product","link":"https:\/\/presur.cl\/?product=banca-los-angeles-con-madera-150","title":{"rendered":"BANCA LOS \u00c1NGELES CON MADERA"},"content":{"rendered":"<p><strong>MATERIAL:<\/strong> Hormig\u00f3n gran\u00edtico con madera nativa o biopolim\u00e9rica<\/p>\n<p><strong>ESTRUCTURA<\/strong>: Monolito armado<\/p>\n<p><strong>TERMINACI\u00d3N:<\/strong> Gran\u00edtico pulido<\/p>\n<p><strong>INSTALACI\u00d3N:<\/strong> Anclado con esp\u00e1rragos<\/p>\n<p>&nbsp;<\/p>\n<p><a href=\"https:\/\/presur.cl\/wp-content\/uploads\/2022\/11\/BANCA-LOS-ANGELES-CON-MADERA-150-1.pdf\">ESPECIFICACI\u00d3N T\u00c9CNICA_BANCA LOS \u00c1NGELES CON MADERA 150<\/a><\/p>\n<p><strong>PESO :<\/strong> 250 Kg. \/<strong>DIMENSIONES <\/strong>: 150 x 56 x 45h Apr\u00f3x.<\/p>\n<p>&nbsp;<\/p>\n<p><a href=\"https:\/\/presur.cl\/wp-content\/uploads\/2022\/11\/BANCA-LOS-ANGELES-CON-MADERA-180-1.pdf\">ESPECIFICI\u00d3N T\u00c9CNICA_BANCA LOS \u00c1NGELES CON MADERA 180<\/a><\/p>\n<p><strong>PESO:<\/strong> 330 Kg. \/\u00a0<strong>DIMENSIONES <\/strong>: 180 x 54 x 45h Apr\u00f3x.<\/p>\n","protected":false},"excerpt":{"rendered":"<p>MATERIAL: Hormig\u00f3n gran\u00edtico con madera nativa o biopolim\u00e9rica ESTRUCTURA: Monolito armado TERMINACI\u00d3N: Gran\u00edtico pulido INSTALACI\u00d3N: Anclado con esp\u00e1rragos &nbsp; ESPECIFICACI\u00d3N T\u00c9CNICA_BANCA LOS \u00c1NGELES CON MADERA 150 PESO : 250 Kg. \/DIMENSIONES : 150 x 56 x 45h Apr\u00f3x. &nbsp; ESPECIFICI\u00d3N T\u00c9CNICA_BANCA LOS \u00c1NGELES CON MADERA 180 PESO: 330 Kg. \/\u00a0DIMENSIONES : 180 x 54 x [&hellip;]<\/p>\n","protected":false},"featured_media":493,"template":"","meta":{"jetpack_publicize_message":"","jetpack_is_tweetstorm":false,"jetpack_publicize_feature_enabled":true,"jetpack_social_post_already_shared":false,"jetpack_social_options":{"image_generator_settings":{"template":"highway","enabled":false}}},"product_cat":[23],"product_tag":[],"jetpack_publicize_connections":[],"jetpack_sharing_enabled":true,"_links":{"self":[{"href":"https:\/\/presur.cl\/index.php?rest_route=\/wp\/v2\/product\/491"}],"collection":[{"href":"https:\/\/presur.cl\/index.php?rest_route=\/wp\/v2\/product"}],"about":[{"href":"https:\/\/presur.cl\/index.php?rest_route=\/wp\/v2\/types\/product"}],"version-history":[{"count":5,"href":"https:\/\/presur.cl\/index.php?rest_route=\/wp\/v2\/product\/491\/revisions"}],"predecessor-version":[{"id":2544,"href":"https:\/\/presur.cl\/index.php?rest_route=\/wp\/v2\/product\/491\/revisions\/2544"}],"wp:featuredmedia":[{"embeddable":true,"href":"https:\/\/presur.cl\/index.php?rest_route=\/wp\/v2\/media\/493"}],"wp:attachment":[{"href":"https:\/\/presur.cl\/index.php?rest_route=%2Fwp%2Fv2%2Fmedia&parent=491"}],"wp:term":[{"taxonomy":"product_cat","embeddable":true,"href":"https:\/\/presur.cl\/index.php?rest_route=%2Fwp%2Fv2%2Fproduct_cat&post=491"},{"taxonomy":"product_tag","embeddable":true,"href":"https:\/\/presur.cl\/index.php?rest_route=%2Fwp%2Fv2%2Fproduct_tag&post=491"}],"curies":[{"name":"wp","href":"https:\/\/api.w.org\/{rel}","templated":true}]}}