{"id":496,"date":"2022-11-18T03:18:05","date_gmt":"2022-11-18T03:18:05","guid":{"rendered":"https:\/\/presur.cl\/?post_type=product&#038;p=496"},"modified":"2024-05-07T15:53:36","modified_gmt":"2024-05-07T15:53:36","slug":"banca-marruecos-inclusiva","status":"publish","type":"product","link":"https:\/\/presur.cl\/?product=banca-marruecos-inclusiva","title":{"rendered":"BANCA MARRUECOS INCLUSIVA"},"content":{"rendered":"<p><strong>MATERIAL:<\/strong> Hormig\u00f3n gran\u00edtico y madera nativa o biopolimerica<\/p>\n<p><strong>ESTRUCTURA<\/strong>: Monolito armado<\/p>\n<p><strong>TERMINACI\u00d3N:<\/strong> Gran\u00edtico pulido<\/p>\n<p><strong>INSTALACI\u00d3N:<\/strong> Anclado con esp\u00e1rragos<\/p>\n<p><strong>PESO:<\/strong> 230 Kg.<\/p>\n<p><strong>DIMENSIONES<\/strong>: 180 x 50 x 75h Apr\u00f3x.<\/p>\n<p><a href=\"https:\/\/presur.cl\/wp-content\/uploads\/2022\/11\/BANCA-MARRUECOS-INCLUSIVA-1.pdf\">ESPECIFICACI\u00d3N T\u00c9CNICA_BANCA MARRUECOS INCLUSIVA<\/a><\/p>\n","protected":false},"excerpt":{"rendered":"<p>MATERIAL: Hormig\u00f3n gran\u00edtico y madera nativa o biopolimerica ESTRUCTURA: Monolito armado TERMINACI\u00d3N: Gran\u00edtico pulido INSTALACI\u00d3N: Anclado con esp\u00e1rragos PESO: 230 Kg. DIMENSIONES: 180 x 50 x 75h Apr\u00f3x. ESPECIFICACI\u00d3N T\u00c9CNICA_BANCA MARRUECOS INCLUSIVA<\/p>\n","protected":false},"featured_media":498,"template":"","meta":{"jetpack_publicize_message":"","jetpack_is_tweetstorm":false,"jetpack_publicize_feature_enabled":true,"jetpack_social_post_already_shared":false,"jetpack_social_options":{"image_generator_settings":{"template":"highway","enabled":false}}},"product_cat":[23],"product_tag":[],"jetpack_publicize_connections":[],"jetpack_sharing_enabled":true,"_links":{"self":[{"href":"https:\/\/presur.cl\/index.php?rest_route=\/wp\/v2\/product\/496"}],"collection":[{"href":"https:\/\/presur.cl\/index.php?rest_route=\/wp\/v2\/product"}],"about":[{"href":"https:\/\/presur.cl\/index.php?rest_route=\/wp\/v2\/types\/product"}],"version-history":[{"count":3,"href":"https:\/\/presur.cl\/index.php?rest_route=\/wp\/v2\/product\/496\/revisions"}],"predecessor-version":[{"id":2501,"href":"https:\/\/presur.cl\/index.php?rest_route=\/wp\/v2\/product\/496\/revisions\/2501"}],"wp:featuredmedia":[{"embeddable":true,"href":"https:\/\/presur.cl\/index.php?rest_route=\/wp\/v2\/media\/498"}],"wp:attachment":[{"href":"https:\/\/presur.cl\/index.php?rest_route=%2Fwp%2Fv2%2Fmedia&parent=496"}],"wp:term":[{"taxonomy":"product_cat","embeddable":true,"href":"https:\/\/presur.cl\/index.php?rest_route=%2Fwp%2Fv2%2Fproduct_cat&post=496"},{"taxonomy":"product_tag","embeddable":true,"href":"https:\/\/presur.cl\/index.php?rest_route=%2Fwp%2Fv2%2Fproduct_tag&post=496"}],"curies":[{"name":"wp","href":"https:\/\/api.w.org\/{rel}","templated":true}]}}