{"id":499,"date":"2022-11-18T03:20:09","date_gmt":"2022-11-18T03:20:09","guid":{"rendered":"https:\/\/presur.cl\/?post_type=product&#038;p=499"},"modified":"2024-05-07T15:59:32","modified_gmt":"2024-05-07T15:59:32","slug":"banca-media-esfera-con-madera","status":"publish","type":"product","link":"https:\/\/presur.cl\/?product=banca-media-esfera-con-madera","title":{"rendered":"BANCA MEDIA ESFERA CON MADERA"},"content":{"rendered":"<p><strong>MATERIAL:<\/strong> Hormig\u00f3n gran\u00edtico y madera nativa o biopolim\u00e9rica<\/p>\n<p><strong>ESTRUCTURA<\/strong>: Monolito armado<\/p>\n<p><strong>TERMINACI\u00d3N:<\/strong> Gran\u00edtico pulido<\/p>\n<p><strong>INSTALACI\u00d3N:<\/strong> Anclado con esp\u00e1rragos<\/p>\n<p><strong>PESO:<\/strong> 545 Kg.<\/p>\n<p><strong>DIMENSIONES<\/strong>: D100 x 55h Apr\u00f3x.<\/p>\n<p><a href=\"https:\/\/presur.cl\/wp-content\/uploads\/2022\/11\/BANCA-MEDIA-ESFERA-CON-MADERA-1.pdf\">ESPECIFICACI\u00d3N T\u00c9CNICA_BANCA MEDIA ESFERA CON MADERA<\/a><\/p>\n","protected":false},"excerpt":{"rendered":"<p>MATERIAL: Hormig\u00f3n gran\u00edtico y madera nativa o biopolim\u00e9rica ESTRUCTURA: Monolito armado TERMINACI\u00d3N: Gran\u00edtico pulido INSTALACI\u00d3N: Anclado con esp\u00e1rragos PESO: 545 Kg. DIMENSIONES: D100 x 55h Apr\u00f3x. ESPECIFICACI\u00d3N T\u00c9CNICA_BANCA MEDIA ESFERA CON MADERA<\/p>\n","protected":false},"featured_media":501,"template":"","meta":{"jetpack_publicize_message":"","jetpack_is_tweetstorm":false,"jetpack_publicize_feature_enabled":true,"jetpack_social_post_already_shared":false,"jetpack_social_options":{"image_generator_settings":{"template":"highway","enabled":false}}},"product_cat":[23],"product_tag":[],"jetpack_publicize_connections":[],"jetpack_sharing_enabled":true,"_links":{"self":[{"href":"https:\/\/presur.cl\/index.php?rest_route=\/wp\/v2\/product\/499"}],"collection":[{"href":"https:\/\/presur.cl\/index.php?rest_route=\/wp\/v2\/product"}],"about":[{"href":"https:\/\/presur.cl\/index.php?rest_route=\/wp\/v2\/types\/product"}],"version-history":[{"count":4,"href":"https:\/\/presur.cl\/index.php?rest_route=\/wp\/v2\/product\/499\/revisions"}],"predecessor-version":[{"id":2505,"href":"https:\/\/presur.cl\/index.php?rest_route=\/wp\/v2\/product\/499\/revisions\/2505"}],"wp:featuredmedia":[{"embeddable":true,"href":"https:\/\/presur.cl\/index.php?rest_route=\/wp\/v2\/media\/501"}],"wp:attachment":[{"href":"https:\/\/presur.cl\/index.php?rest_route=%2Fwp%2Fv2%2Fmedia&parent=499"}],"wp:term":[{"taxonomy":"product_cat","embeddable":true,"href":"https:\/\/presur.cl\/index.php?rest_route=%2Fwp%2Fv2%2Fproduct_cat&post=499"},{"taxonomy":"product_tag","embeddable":true,"href":"https:\/\/presur.cl\/index.php?rest_route=%2Fwp%2Fv2%2Fproduct_tag&post=499"}],"curies":[{"name":"wp","href":"https:\/\/api.w.org\/{rel}","templated":true}]}}