{"id":502,"date":"2022-11-18T03:23:30","date_gmt":"2022-11-18T03:23:30","guid":{"rendered":"https:\/\/presur.cl\/?post_type=product&#038;p=502"},"modified":"2026-01-13T14:06:21","modified_gmt":"2026-01-13T14:06:21","slug":"banca-mirador-ar","status":"publish","type":"product","link":"https:\/\/presur.cl\/?product=banca-mirador-ar","title":{"rendered":"BANCA MIRADOR AR"},"content":{"rendered":"<p><strong>MATERIAL:<\/strong> Hormig\u00f3n gran\u00edtico y madera nativa o biopolim\u00e9rica<\/p>\n<p><strong>ESTRUCTURA<\/strong>: Monolito armado<\/p>\n<p><strong>TERMINACI\u00d3N:<\/strong> Gran\u00edtico pulido<\/p>\n<p><strong>INSTALACI\u00d3N:<\/strong> Anclado con esp\u00e1rragos<\/p>\n<p><strong>PESO:<\/strong> 750 Kg.<\/p>\n<p><strong>DIMENSIONES<\/strong>: 200 x 50 x 77.5h<\/p>\n<p><a href=\"https:\/\/presur.cl\/wp-content\/uploads\/2026\/01\/BANCA-MIRADOR-AR-CON-RESPALDO.pdf\">ESPECIFICACI\u00d3N T\u00c9CNICA BANCA MIRADOR-AR-CON-RESPALDO<\/a><\/p>\n","protected":false},"excerpt":{"rendered":"<p>MATERIAL: Hormig\u00f3n gran\u00edtico y madera nativa o biopolim\u00e9rica ESTRUCTURA: Monolito armado TERMINACI\u00d3N: Gran\u00edtico pulido INSTALACI\u00d3N: Anclado con esp\u00e1rragos PESO: 750 Kg. DIMENSIONES: 200 x 50 x 77.5h ESPECIFICACI\u00d3N T\u00c9CNICA BANCA MIRADOR-AR-CON-RESPALDO<\/p>\n","protected":false},"featured_media":3414,"template":"","meta":{"jetpack_publicize_message":"","jetpack_is_tweetstorm":false,"jetpack_publicize_feature_enabled":true,"jetpack_social_post_already_shared":false,"jetpack_social_options":{"image_generator_settings":{"template":"highway","enabled":false}}},"product_cat":[23],"product_tag":[],"jetpack_publicize_connections":[],"jetpack_sharing_enabled":true,"_links":{"self":[{"href":"https:\/\/presur.cl\/index.php?rest_route=\/wp\/v2\/product\/502"}],"collection":[{"href":"https:\/\/presur.cl\/index.php?rest_route=\/wp\/v2\/product"}],"about":[{"href":"https:\/\/presur.cl\/index.php?rest_route=\/wp\/v2\/types\/product"}],"version-history":[{"count":5,"href":"https:\/\/presur.cl\/index.php?rest_route=\/wp\/v2\/product\/502\/revisions"}],"predecessor-version":[{"id":3422,"href":"https:\/\/presur.cl\/index.php?rest_route=\/wp\/v2\/product\/502\/revisions\/3422"}],"wp:featuredmedia":[{"embeddable":true,"href":"https:\/\/presur.cl\/index.php?rest_route=\/wp\/v2\/media\/3414"}],"wp:attachment":[{"href":"https:\/\/presur.cl\/index.php?rest_route=%2Fwp%2Fv2%2Fmedia&parent=502"}],"wp:term":[{"taxonomy":"product_cat","embeddable":true,"href":"https:\/\/presur.cl\/index.php?rest_route=%2Fwp%2Fv2%2Fproduct_cat&post=502"},{"taxonomy":"product_tag","embeddable":true,"href":"https:\/\/presur.cl\/index.php?rest_route=%2Fwp%2Fv2%2Fproduct_tag&post=502"}],"curies":[{"name":"wp","href":"https:\/\/api.w.org\/{rel}","templated":true}]}}