{"id":508,"date":"2022-11-18T03:32:09","date_gmt":"2022-11-18T03:32:09","guid":{"rendered":"https:\/\/presur.cl\/?post_type=product&#038;p=508"},"modified":"2026-01-13T14:04:10","modified_gmt":"2026-01-13T14:04:10","slug":"banca-modular-z-con-respaldo","status":"publish","type":"product","link":"https:\/\/presur.cl\/?product=banca-modular-z-con-respaldo","title":{"rendered":"BANCA MODULAR Z CON RESPALDO"},"content":{"rendered":"<p><strong>MATERIAL:<\/strong> Hormig\u00f3n gran\u00edtico<\/p>\n<p><strong>ESTRUCTURA<\/strong>: Monolito armado<\/p>\n<p><strong>TERMINACI\u00d3N:<\/strong> Gran\u00edtico pulido<\/p>\n<p><strong>INSTALACI\u00d3N:<\/strong> Anclado con esp\u00e1rragos<\/p>\n<p><strong>PESO:<\/strong> 190 Kg.<\/p>\n<p><strong>DIMENSIONES<\/strong>: 60 x 67 x 69h Apr\u00f3x.<\/p>\n<p><a href=\"https:\/\/presur.cl\/wp-content\/uploads\/2026\/01\/BANCA-MODULAR-Z-CON-RESPALDO.pdf\">ESPECIFICACI\u00d3N T\u00c9CNICA BANCA MODULAR-Z-CON-RESPALDO<\/a><\/p>\n","protected":false},"excerpt":{"rendered":"<p>MATERIAL: Hormig\u00f3n gran\u00edtico ESTRUCTURA: Monolito armado TERMINACI\u00d3N: Gran\u00edtico pulido INSTALACI\u00d3N: Anclado con esp\u00e1rragos PESO: 190 Kg. DIMENSIONES: 60 x 67 x 69h Apr\u00f3x. ESPECIFICACI\u00d3N T\u00c9CNICA BANCA MODULAR-Z-CON-RESPALDO<\/p>\n","protected":false},"featured_media":3416,"template":"","meta":{"jetpack_publicize_message":"","jetpack_is_tweetstorm":false,"jetpack_publicize_feature_enabled":true,"jetpack_social_post_already_shared":false,"jetpack_social_options":{"image_generator_settings":{"template":"highway","enabled":false}}},"product_cat":[23],"product_tag":[],"jetpack_publicize_connections":[],"jetpack_sharing_enabled":true,"_links":{"self":[{"href":"https:\/\/presur.cl\/index.php?rest_route=\/wp\/v2\/product\/508"}],"collection":[{"href":"https:\/\/presur.cl\/index.php?rest_route=\/wp\/v2\/product"}],"about":[{"href":"https:\/\/presur.cl\/index.php?rest_route=\/wp\/v2\/types\/product"}],"version-history":[{"count":8,"href":"https:\/\/presur.cl\/index.php?rest_route=\/wp\/v2\/product\/508\/revisions"}],"predecessor-version":[{"id":3420,"href":"https:\/\/presur.cl\/index.php?rest_route=\/wp\/v2\/product\/508\/revisions\/3420"}],"wp:featuredmedia":[{"embeddable":true,"href":"https:\/\/presur.cl\/index.php?rest_route=\/wp\/v2\/media\/3416"}],"wp:attachment":[{"href":"https:\/\/presur.cl\/index.php?rest_route=%2Fwp%2Fv2%2Fmedia&parent=508"}],"wp:term":[{"taxonomy":"product_cat","embeddable":true,"href":"https:\/\/presur.cl\/index.php?rest_route=%2Fwp%2Fv2%2Fproduct_cat&post=508"},{"taxonomy":"product_tag","embeddable":true,"href":"https:\/\/presur.cl\/index.php?rest_route=%2Fwp%2Fv2%2Fproduct_tag&post=508"}],"curies":[{"name":"wp","href":"https:\/\/api.w.org\/{rel}","templated":true}]}}