{"id":525,"date":"2022-11-18T03:47:12","date_gmt":"2022-11-18T03:47:12","guid":{"rendered":"https:\/\/presur.cl\/?post_type=product&#038;p=525"},"modified":"2025-02-04T12:14:41","modified_gmt":"2025-02-04T12:14:41","slug":"banca-nieve-sin-respaldo","status":"publish","type":"product","link":"https:\/\/presur.cl\/?product=banca-nieve-sin-respaldo","title":{"rendered":"BANCA NIEVE SIN RESPALDO"},"content":{"rendered":"<p><strong>MATERIAL:<\/strong> Hormig\u00f3n gran\u00edtico<\/p>\n<p><strong>ESTRUCTURA<\/strong>: Monolito armado<\/p>\n<p><strong>TERMINACI\u00d3N:<\/strong> Gran\u00edtico pulido<\/p>\n<p><strong>INSTALACI\u00d3N:<\/strong> Anclado con esp\u00e1rragos<\/p>\n<p><strong>PESO:<\/strong> 370 Kg.<\/p>\n<p><strong>DIMENSIONES<\/strong>: 180 x 55 x 45h Apr\u00f3x.<\/p>\n<p><strong><a href=\"https:\/\/presur.cl\/wp-content\/uploads\/2022\/11\/BANCA-NIEVE-SIN-RESPALDO-2.pdf\">ESPECIFICACI\u00d3N T\u00c9CNICA BANCA NIEVE SIN RESPALDO<\/a><\/strong><\/p>\n","protected":false},"excerpt":{"rendered":"<p>MATERIAL: Hormig\u00f3n gran\u00edtico ESTRUCTURA: Monolito armado TERMINACI\u00d3N: Gran\u00edtico pulido INSTALACI\u00d3N: Anclado con esp\u00e1rragos PESO: 370 Kg. DIMENSIONES: 180 x 55 x 45h Apr\u00f3x. ESPECIFICACI\u00d3N T\u00c9CNICA BANCA NIEVE SIN RESPALDO<\/p>\n","protected":false},"featured_media":527,"template":"","meta":{"jetpack_publicize_message":"","jetpack_is_tweetstorm":false,"jetpack_publicize_feature_enabled":true,"jetpack_social_post_already_shared":false,"jetpack_social_options":{"image_generator_settings":{"template":"highway","enabled":false}}},"product_cat":[23],"product_tag":[],"jetpack_publicize_connections":[],"jetpack_sharing_enabled":true,"_links":{"self":[{"href":"https:\/\/presur.cl\/index.php?rest_route=\/wp\/v2\/product\/525"}],"collection":[{"href":"https:\/\/presur.cl\/index.php?rest_route=\/wp\/v2\/product"}],"about":[{"href":"https:\/\/presur.cl\/index.php?rest_route=\/wp\/v2\/types\/product"}],"version-history":[{"count":5,"href":"https:\/\/presur.cl\/index.php?rest_route=\/wp\/v2\/product\/525\/revisions"}],"predecessor-version":[{"id":2979,"href":"https:\/\/presur.cl\/index.php?rest_route=\/wp\/v2\/product\/525\/revisions\/2979"}],"wp:featuredmedia":[{"embeddable":true,"href":"https:\/\/presur.cl\/index.php?rest_route=\/wp\/v2\/media\/527"}],"wp:attachment":[{"href":"https:\/\/presur.cl\/index.php?rest_route=%2Fwp%2Fv2%2Fmedia&parent=525"}],"wp:term":[{"taxonomy":"product_cat","embeddable":true,"href":"https:\/\/presur.cl\/index.php?rest_route=%2Fwp%2Fv2%2Fproduct_cat&post=525"},{"taxonomy":"product_tag","embeddable":true,"href":"https:\/\/presur.cl\/index.php?rest_route=%2Fwp%2Fv2%2Fproduct_tag&post=525"}],"curies":[{"name":"wp","href":"https:\/\/api.w.org\/{rel}","templated":true}]}}