{"id":542,"date":"2022-11-18T14:24:13","date_gmt":"2022-11-18T14:24:13","guid":{"rendered":"https:\/\/presur.cl\/?post_type=product&#038;p=542"},"modified":"2025-02-07T01:56:59","modified_gmt":"2025-02-07T01:56:59","slug":"banca-porvenir-2","status":"publish","type":"product","link":"https:\/\/presur.cl\/?product=banca-porvenir-2","title":{"rendered":"BANCA PORVENIR"},"content":{"rendered":"<p><strong>MATERIAL:<\/strong> Hormig\u00f3n gran\u00edtico<\/p>\n<p><strong>ESTRUCTURA<\/strong>: Monolito armado<\/p>\n<p><strong>TERMINACI\u00d3N:<\/strong> Gran\u00edtico pulido<\/p>\n<p><strong>INSTALACI\u00d3N:<\/strong> Anclado con esp\u00e1rragos<\/p>\n<p>&nbsp;<\/p>\n<p><a href=\"https:\/\/presur.cl\/wp-content\/uploads\/2022\/11\/BANCA-PORVENIR-150-L-1.pdf\">ESPECIFICACI\u00d3N T\u00c9CNICA_BANCA PORVENIR 150 L<\/a><\/p>\n<p><strong>PESO:<\/strong>300 Kg. \/ <strong>DIMENSIONES<\/strong>: 150 x 54 x 45h Apr\u00f3x.<\/p>\n<p>&nbsp;<\/p>\n<p><a href=\"https:\/\/presur.cl\/wp-content\/uploads\/2022\/11\/BANCA-PORVENIR-180L.pdf\">ESPECIFICACI\u00d3N T\u00c9CNICA_BANCA PORVENIR 180L<\/a><\/p>\n<p><strong>PESO<\/strong>: 300Kg.\u00a0 \/<strong>DIMENSIONES:<\/strong> 180x54x45H.Apr\u00f3x.<\/p>\n<p>&nbsp;<\/p>\n<p><a href=\"https:\/\/presur.cl\/wp-content\/uploads\/2022\/11\/BANCA-PORVENIR-200L-1.pdf\">ESPECIFICACI\u00d3N T\u00c9CNICA_BANCA PORVENIR 200L<\/a><\/p>\n<p><strong>PESO<\/strong>: 300Kg.\u00a0 \/<strong>DIMENSIONES:<\/strong>200x54x45hApr\u00f3x.<\/p>\n","protected":false},"excerpt":{"rendered":"<p>MATERIAL: Hormig\u00f3n gran\u00edtico ESTRUCTURA: Monolito armado TERMINACI\u00d3N: Gran\u00edtico pulido INSTALACI\u00d3N: Anclado con esp\u00e1rragos &nbsp; ESPECIFICACI\u00d3N T\u00c9CNICA_BANCA PORVENIR 150 L PESO:300 Kg. \/ DIMENSIONES: 150 x 54 x 45h Apr\u00f3x. &nbsp; ESPECIFICACI\u00d3N T\u00c9CNICA_BANCA PORVENIR 180L PESO: 300Kg.\u00a0 \/DIMENSIONES: 180x54x45H.Apr\u00f3x. &nbsp; ESPECIFICACI\u00d3N T\u00c9CNICA_BANCA PORVENIR 200L PESO: 300Kg.\u00a0 \/DIMENSIONES:200x54x45hApr\u00f3x.<\/p>\n","protected":false},"featured_media":541,"template":"","meta":{"jetpack_publicize_message":"","jetpack_is_tweetstorm":false,"jetpack_publicize_feature_enabled":true,"jetpack_social_post_already_shared":false,"jetpack_social_options":{"image_generator_settings":{"template":"highway","enabled":false}}},"product_cat":[23],"product_tag":[],"jetpack_publicize_connections":[],"jetpack_sharing_enabled":true,"_links":{"self":[{"href":"https:\/\/presur.cl\/index.php?rest_route=\/wp\/v2\/product\/542"}],"collection":[{"href":"https:\/\/presur.cl\/index.php?rest_route=\/wp\/v2\/product"}],"about":[{"href":"https:\/\/presur.cl\/index.php?rest_route=\/wp\/v2\/types\/product"}],"version-history":[{"count":6,"href":"https:\/\/presur.cl\/index.php?rest_route=\/wp\/v2\/product\/542\/revisions"}],"predecessor-version":[{"id":3047,"href":"https:\/\/presur.cl\/index.php?rest_route=\/wp\/v2\/product\/542\/revisions\/3047"}],"wp:featuredmedia":[{"embeddable":true,"href":"https:\/\/presur.cl\/index.php?rest_route=\/wp\/v2\/media\/541"}],"wp:attachment":[{"href":"https:\/\/presur.cl\/index.php?rest_route=%2Fwp%2Fv2%2Fmedia&parent=542"}],"wp:term":[{"taxonomy":"product_cat","embeddable":true,"href":"https:\/\/presur.cl\/index.php?rest_route=%2Fwp%2Fv2%2Fproduct_cat&post=542"},{"taxonomy":"product_tag","embeddable":true,"href":"https:\/\/presur.cl\/index.php?rest_route=%2Fwp%2Fv2%2Fproduct_tag&post=542"}],"curies":[{"name":"wp","href":"https:\/\/api.w.org\/{rel}","templated":true}]}}