{"id":544,"date":"2022-11-18T14:27:00","date_gmt":"2022-11-18T14:27:00","guid":{"rendered":"https:\/\/presur.cl\/?post_type=product&#038;p=544"},"modified":"2024-05-08T14:17:59","modified_gmt":"2024-05-08T14:17:59","slug":"banca-puerto-varas","status":"publish","type":"product","link":"https:\/\/presur.cl\/?product=banca-puerto-varas","title":{"rendered":"BANCA PUERTO VARAS"},"content":{"rendered":"<p><strong>MATERIAL:<\/strong> Hormig\u00f3n gran\u00edtico y madera nativa o biopolim\u00e9rica<\/p>\n<p><strong>ESTRUCTURA<\/strong>: Monolito armado<\/p>\n<p><strong>TERMINACI\u00d3N:<\/strong> Gran\u00edtico pulido<\/p>\n<p><strong>INSTALACI\u00d3N:<\/strong> Anclado con esp\u00e1rragos<\/p>\n<p><strong>PESO:<\/strong> 250 Kg.<\/p>\n<p><strong>DIMENSIONES<\/strong>: 205 x 75 x 95h Apr\u00f3x.<\/p>\n<p><a href=\"https:\/\/presur.cl\/wp-content\/uploads\/2022\/11\/BANCA-PUERTO-VARAS-2.pdf\">ESPECIFICACI\u00d3N T\u00c9CNICA_BANCA PUERTO VARAS<\/a><\/p>\n","protected":false},"excerpt":{"rendered":"<p>MATERIAL: Hormig\u00f3n gran\u00edtico y madera nativa o biopolim\u00e9rica ESTRUCTURA: Monolito armado TERMINACI\u00d3N: Gran\u00edtico pulido INSTALACI\u00d3N: Anclado con esp\u00e1rragos PESO: 250 Kg. DIMENSIONES: 205 x 75 x 95h Apr\u00f3x. ESPECIFICACI\u00d3N T\u00c9CNICA_BANCA PUERTO VARAS<\/p>\n","protected":false},"featured_media":546,"template":"","meta":{"jetpack_publicize_message":"","jetpack_is_tweetstorm":false,"jetpack_publicize_feature_enabled":true,"jetpack_social_post_already_shared":false,"jetpack_social_options":{"image_generator_settings":{"template":"highway","enabled":false}}},"product_cat":[23],"product_tag":[],"jetpack_publicize_connections":[],"jetpack_sharing_enabled":true,"_links":{"self":[{"href":"https:\/\/presur.cl\/index.php?rest_route=\/wp\/v2\/product\/544"}],"collection":[{"href":"https:\/\/presur.cl\/index.php?rest_route=\/wp\/v2\/product"}],"about":[{"href":"https:\/\/presur.cl\/index.php?rest_route=\/wp\/v2\/types\/product"}],"version-history":[{"count":2,"href":"https:\/\/presur.cl\/index.php?rest_route=\/wp\/v2\/product\/544\/revisions"}],"predecessor-version":[{"id":2606,"href":"https:\/\/presur.cl\/index.php?rest_route=\/wp\/v2\/product\/544\/revisions\/2606"}],"wp:featuredmedia":[{"embeddable":true,"href":"https:\/\/presur.cl\/index.php?rest_route=\/wp\/v2\/media\/546"}],"wp:attachment":[{"href":"https:\/\/presur.cl\/index.php?rest_route=%2Fwp%2Fv2%2Fmedia&parent=544"}],"wp:term":[{"taxonomy":"product_cat","embeddable":true,"href":"https:\/\/presur.cl\/index.php?rest_route=%2Fwp%2Fv2%2Fproduct_cat&post=544"},{"taxonomy":"product_tag","embeddable":true,"href":"https:\/\/presur.cl\/index.php?rest_route=%2Fwp%2Fv2%2Fproduct_tag&post=544"}],"curies":[{"name":"wp","href":"https:\/\/api.w.org\/{rel}","templated":true}]}}