{"id":554,"date":"2022-11-18T14:37:13","date_gmt":"2022-11-18T14:37:13","guid":{"rendered":"https:\/\/presur.cl\/?post_type=product&#038;p=554"},"modified":"2025-04-08T21:17:15","modified_gmt":"2025-04-08T21:17:15","slug":"banca-pucura-180-sin-respaldo","status":"publish","type":"product","link":"https:\/\/presur.cl\/?product=banca-pucura-180-sin-respaldo","title":{"rendered":"BANCA PUCURA HORMIGON SIN RESPALDO"},"content":{"rendered":"<p><strong>MATERIAL:<\/strong> Hormig\u00f3n gran\u00edtico<\/p>\n<p><strong>ESTRUCTURA<\/strong>: Monolito armado<\/p>\n<p><strong>TERMINACI\u00d3N:<\/strong> Gran\u00edtico pulido<\/p>\n<p><strong>INSTALACI\u00d3N:<\/strong> Anclado con esp\u00e1rragos<\/p>\n<p>&nbsp;<\/p>\n<p><a href=\"https:\/\/presur.cl\/wp-content\/uploads\/2022\/11\/BANCA-PUCURA-180-SIN-RESPALDO-HORMIGON.pdf\">ESPECIFICACI\u00d3N T\u00c9CNICA_BANCA PUCURA 180 SIN RESPALDO HORMIGON<\/a><\/p>\n<p><strong>PESO:<\/strong> 380 Kg. \/\u00a0<strong>DIMENSIONES<\/strong>: 180x60x45h<\/p>\n<p>&nbsp;<\/p>\n<p><a href=\"https:\/\/presur.cl\/wp-content\/uploads\/2022\/11\/BANCA-PUCURA-220-SIN-RESPALDO-HORMIGON.pdf\">ESPECIFICACI\u00d3N T\u00c9CNICA_BANCA PUCURA 220 SIN RESPALDO HORMIGON<\/a><\/p>\n<p><strong>PESO:<\/strong> 430 Kg. \/\u00a0<strong>DIMENSIONES<\/strong>: 220x60x45h<\/p>\n","protected":false},"excerpt":{"rendered":"<p>MATERIAL: Hormig\u00f3n gran\u00edtico ESTRUCTURA: Monolito armado TERMINACI\u00d3N: Gran\u00edtico pulido INSTALACI\u00d3N: Anclado con esp\u00e1rragos &nbsp; ESPECIFICACI\u00d3N T\u00c9CNICA_BANCA PUCURA 180 SIN RESPALDO HORMIGON PESO: 380 Kg. \/\u00a0DIMENSIONES: 180x60x45h &nbsp; ESPECIFICACI\u00d3N T\u00c9CNICA_BANCA PUCURA 220 SIN RESPALDO HORMIGON PESO: 430 Kg. \/\u00a0DIMENSIONES: 220x60x45h<\/p>\n","protected":false},"featured_media":556,"template":"","meta":{"jetpack_publicize_message":"","jetpack_is_tweetstorm":false,"jetpack_publicize_feature_enabled":true,"jetpack_social_post_already_shared":false,"jetpack_social_options":{"image_generator_settings":{"template":"highway","enabled":false}}},"product_cat":[23],"product_tag":[],"jetpack_publicize_connections":[],"jetpack_sharing_enabled":true,"_links":{"self":[{"href":"https:\/\/presur.cl\/index.php?rest_route=\/wp\/v2\/product\/554"}],"collection":[{"href":"https:\/\/presur.cl\/index.php?rest_route=\/wp\/v2\/product"}],"about":[{"href":"https:\/\/presur.cl\/index.php?rest_route=\/wp\/v2\/types\/product"}],"version-history":[{"count":5,"href":"https:\/\/presur.cl\/index.php?rest_route=\/wp\/v2\/product\/554\/revisions"}],"predecessor-version":[{"id":2608,"href":"https:\/\/presur.cl\/index.php?rest_route=\/wp\/v2\/product\/554\/revisions\/2608"}],"wp:featuredmedia":[{"embeddable":true,"href":"https:\/\/presur.cl\/index.php?rest_route=\/wp\/v2\/media\/556"}],"wp:attachment":[{"href":"https:\/\/presur.cl\/index.php?rest_route=%2Fwp%2Fv2%2Fmedia&parent=554"}],"wp:term":[{"taxonomy":"product_cat","embeddable":true,"href":"https:\/\/presur.cl\/index.php?rest_route=%2Fwp%2Fv2%2Fproduct_cat&post=554"},{"taxonomy":"product_tag","embeddable":true,"href":"https:\/\/presur.cl\/index.php?rest_route=%2Fwp%2Fv2%2Fproduct_tag&post=554"}],"curies":[{"name":"wp","href":"https:\/\/api.w.org\/{rel}","templated":true}]}}