{"id":588,"date":"2022-11-18T15:26:57","date_gmt":"2022-11-18T15:26:57","guid":{"rendered":"https:\/\/presur.cl\/?post_type=product&#038;p=588"},"modified":"2025-04-08T21:17:51","modified_gmt":"2025-04-08T21:17:51","slug":"banca-villarrica-con-respaldo-y-madera","status":"publish","type":"product","link":"https:\/\/presur.cl\/?product=banca-villarrica-con-respaldo-y-madera","title":{"rendered":"BANCA VILLARRICA CON RESPALDO Y MADERA"},"content":{"rendered":"<p><strong>MATERIAL:<\/strong> Hormig\u00f3n gran\u00edtico y madera nativa o biopolim\u00e9rica<\/p>\n<p><strong>ESTRUCTURA<\/strong>: Monolito armado<\/p>\n<p><strong>TERMINACI\u00d3N:<\/strong> Gran\u00edtico pulido<\/p>\n<p><strong>INSTALACI\u00d3N:<\/strong> Anclado con esp\u00e1rragos<\/p>\n<p><strong>PESO:<\/strong> 380 Kg.<\/p>\n<p><strong>DIMENSIONES<\/strong>: 180 x 60 x 75h Apr\u00f3x.<\/p>\n<p><a href=\"https:\/\/presur.cl\/wp-content\/uploads\/2022\/11\/BANCA-VILLARRICA-CON-RESPALDO-CON-MADERA.pdf\">ESPECIFICACI\u00d3N T\u00c9CNICA_BANCA VILLARRICA CON RESPALDO CON MADERA<\/a><\/p>\n","protected":false},"excerpt":{"rendered":"<p>MATERIAL: Hormig\u00f3n gran\u00edtico y madera nativa o biopolim\u00e9rica ESTRUCTURA: Monolito armado TERMINACI\u00d3N: Gran\u00edtico pulido INSTALACI\u00d3N: Anclado con esp\u00e1rragos PESO: 380 Kg. DIMENSIONES: 180 x 60 x 75h Apr\u00f3x. ESPECIFICACI\u00d3N T\u00c9CNICA_BANCA VILLARRICA CON RESPALDO CON MADERA<\/p>\n","protected":false},"featured_media":590,"template":"","meta":{"jetpack_publicize_message":"","jetpack_is_tweetstorm":false,"jetpack_publicize_feature_enabled":true,"jetpack_social_post_already_shared":false,"jetpack_social_options":{"image_generator_settings":{"template":"highway","enabled":false}}},"product_cat":[23],"product_tag":[],"jetpack_publicize_connections":[],"jetpack_sharing_enabled":true,"_links":{"self":[{"href":"https:\/\/presur.cl\/index.php?rest_route=\/wp\/v2\/product\/588"}],"collection":[{"href":"https:\/\/presur.cl\/index.php?rest_route=\/wp\/v2\/product"}],"about":[{"href":"https:\/\/presur.cl\/index.php?rest_route=\/wp\/v2\/types\/product"}],"version-history":[{"count":3,"href":"https:\/\/presur.cl\/index.php?rest_route=\/wp\/v2\/product\/588\/revisions"}],"predecessor-version":[{"id":2592,"href":"https:\/\/presur.cl\/index.php?rest_route=\/wp\/v2\/product\/588\/revisions\/2592"}],"wp:featuredmedia":[{"embeddable":true,"href":"https:\/\/presur.cl\/index.php?rest_route=\/wp\/v2\/media\/590"}],"wp:attachment":[{"href":"https:\/\/presur.cl\/index.php?rest_route=%2Fwp%2Fv2%2Fmedia&parent=588"}],"wp:term":[{"taxonomy":"product_cat","embeddable":true,"href":"https:\/\/presur.cl\/index.php?rest_route=%2Fwp%2Fv2%2Fproduct_cat&post=588"},{"taxonomy":"product_tag","embeddable":true,"href":"https:\/\/presur.cl\/index.php?rest_route=%2Fwp%2Fv2%2Fproduct_tag&post=588"}],"curies":[{"name":"wp","href":"https:\/\/api.w.org\/{rel}","templated":true}]}}