{"id":622,"date":"2022-11-20T22:59:53","date_gmt":"2022-11-20T22:59:53","guid":{"rendered":"https:\/\/presur.cl\/?post_type=product&#038;p=622"},"modified":"2025-08-29T14:59:28","modified_gmt":"2025-08-29T14:59:28","slug":"banca-conguillio-r-interior","status":"publish","type":"product","link":"https:\/\/presur.cl\/?product=banca-conguillio-r-interior","title":{"rendered":"BANCA CONGUILLIO R INTERIOR"},"content":{"rendered":"<p><strong>MATERIAL:<\/strong> Hormig\u00f3n gran\u00edtico<br \/>\n<strong>ESTRUCTURA:<\/strong> Monol\u00edto armado<br \/>\n<strong>TERMINACI\u00d3N<\/strong>: Gran\u00edtico pulido<br \/>\n<strong>INSTALACI\u00d3N:<\/strong> Anclado con esp\u00e1rragos<\/p>\n<p><strong>DIMENSIONES BANCA CONGUILLIO CURVA R 2.4:<\/strong> 122x 52 x 45h,\u00a0<strong>PESO:<\/strong> 300 kg.<\/p>\n<p><em><strong><a href=\"https:\/\/presur.cl\/wp-content\/uploads\/2022\/11\/BANCA-CONGUILLIO-CURVA-R-2.4-INTERIOR-4.pdf\">ESPECIFICACI\u00d3N T\u00c9CNICA BANCA CONGUILLIO CURVA R 2.4 INTERIOR<\/a><\/strong><\/em><\/p>\n<p><strong>DIMENSIONES BANCA CONGUILLIO CURVA R 3.0:<\/strong> 153x 52 x 45h,\u00a0<strong>PESO:<\/strong> 350 kg.<\/p>\n<p><strong><em><a href=\"https:\/\/presur.cl\/wp-content\/uploads\/2022\/11\/BANCA-CONGUILLIO-CURVA-R-3.0-INTERIOR-4.pdf\">ESPECIFICACION T\u00c9CNICA BANCA CONGUILLIO CURVA R 3.0 INTERIOR<\/a><\/em><\/strong><\/p>\n<p><strong>DIMENSIONES BANCA CONGUILLIO CURVA R 6.8:<\/strong> 109x 52 x 45h, <strong>PESO:<\/strong> 290 kg.<\/p>\n<p><strong><em><a href=\"https:\/\/presur.cl\/wp-content\/uploads\/2022\/11\/BANCA-CONGUILLIO-CURVA-R-6.8-INTERIOR-4.pdf\">ESPECIFICACI\u00d3N T\u00c9CNICA BANCA CONGUILLIO CURVA R 6.8 INTERIOR<\/a><\/em><\/strong><\/p>\n<p><strong>DIMENSIONES BANCA CONGUILLIO CURVA R 10.5:<\/strong> 108x 52 x 45h, <strong>PESO:<\/strong> 290 kg.<\/p>\n<p><strong><em><a href=\"https:\/\/presur.cl\/wp-content\/uploads\/2022\/11\/BANCA-CONGUILLIO-CURVA-R-10.5-INTERIOR-3.pdf\">ESPECIFICACI\u00d3N T\u00c9CNICA BANCA CONGUILLIO CURVA R 10.5 INTERIOR<\/a><\/em><\/strong><\/p>\n<p><em><strong>DIMENSIONES BANCA CONGUILLIO CURVA R 12:<\/strong> 100x 52 x 45h<\/em>, <strong>PESO:<\/strong> 270 kg.<\/p>\n<p><em><strong><a href=\"https:\/\/presur.cl\/wp-content\/uploads\/2022\/11\/BANCA-CONGUILLIO-CURVA-R-12.0-INTERIOR-1-1.pdf\">ESPECIFICACI\u00d3N T\u00c9CNICA BANCA CONGUILLIO CURVA R 12.0 INTERIOR <\/a><\/strong><\/em><\/p>\n<p>&nbsp;<\/p>\n","protected":false},"excerpt":{"rendered":"<p>MATERIAL: Hormig\u00f3n gran\u00edtico ESTRUCTURA: Monol\u00edto armado TERMINACI\u00d3N: Gran\u00edtico pulido INSTALACI\u00d3N: Anclado con esp\u00e1rragos DIMENSIONES BANCA CONGUILLIO CURVA R 2.4: 122x 52 x 45h,\u00a0PESO: 300 kg. ESPECIFICACI\u00d3N T\u00c9CNICA BANCA CONGUILLIO CURVA R 2.4 INTERIOR DIMENSIONES BANCA CONGUILLIO CURVA R 3.0: 153x 52 x 45h,\u00a0PESO: 350 kg. ESPECIFICACION T\u00c9CNICA BANCA CONGUILLIO CURVA R 3.0 INTERIOR DIMENSIONES BANCA [&hellip;]<\/p>\n","protected":false},"featured_media":628,"template":"","meta":{"jetpack_publicize_message":"","jetpack_is_tweetstorm":false,"jetpack_publicize_feature_enabled":true,"jetpack_social_post_already_shared":false,"jetpack_social_options":{"image_generator_settings":{"template":"highway","enabled":false}}},"product_cat":[23],"product_tag":[],"jetpack_publicize_connections":[],"jetpack_sharing_enabled":true,"_links":{"self":[{"href":"https:\/\/presur.cl\/index.php?rest_route=\/wp\/v2\/product\/622"}],"collection":[{"href":"https:\/\/presur.cl\/index.php?rest_route=\/wp\/v2\/product"}],"about":[{"href":"https:\/\/presur.cl\/index.php?rest_route=\/wp\/v2\/types\/product"}],"version-history":[{"count":11,"href":"https:\/\/presur.cl\/index.php?rest_route=\/wp\/v2\/product\/622\/revisions"}],"predecessor-version":[{"id":1749,"href":"https:\/\/presur.cl\/index.php?rest_route=\/wp\/v2\/product\/622\/revisions\/1749"}],"wp:featuredmedia":[{"embeddable":true,"href":"https:\/\/presur.cl\/index.php?rest_route=\/wp\/v2\/media\/628"}],"wp:attachment":[{"href":"https:\/\/presur.cl\/index.php?rest_route=%2Fwp%2Fv2%2Fmedia&parent=622"}],"wp:term":[{"taxonomy":"product_cat","embeddable":true,"href":"https:\/\/presur.cl\/index.php?rest_route=%2Fwp%2Fv2%2Fproduct_cat&post=622"},{"taxonomy":"product_tag","embeddable":true,"href":"https:\/\/presur.cl\/index.php?rest_route=%2Fwp%2Fv2%2Fproduct_tag&post=622"}],"curies":[{"name":"wp","href":"https:\/\/api.w.org\/{rel}","templated":true}]}}