{"id":630,"date":"2022-11-20T23:18:07","date_gmt":"2022-11-20T23:18:07","guid":{"rendered":"https:\/\/presur.cl\/?post_type=product&#038;p=630"},"modified":"2024-05-13T16:35:32","modified_gmt":"2024-05-13T16:35:32","slug":"adoquin-tipo-piedra","status":"publish","type":"product","link":"https:\/\/presur.cl\/?product=adoquin-tipo-piedra","title":{"rendered":"ADOQU\u00cdN TIPO PIEDRA"},"content":{"rendered":"<p>&nbsp;<\/p>\n<p><strong>MATERIAL:<\/strong> Hormig\u00f3n visto liso<\/p>\n<p><strong>ESTRUCTURA<\/strong>: Monolito<\/p>\n<p><strong>TERMINACI\u00d3N:<\/strong>\u00a0 Gran\u00edtico visto liso<\/p>\n<p><strong>INSTALACI\u00d3N:<\/strong> Sobre Radier o base estabilizada<\/p>\n<p><strong>PESO:<\/strong> 96 Kg\/m\u00b2<\/p>\n<p><strong>DIMENSIONES<\/strong>: 18 x 14 x 4h Apr\u00f3x.<\/p>\n<p><strong>EMBALAJE<\/strong>: 12 m2\/PALLET<\/p>\n<p><a href=\"https:\/\/presur.cl\/wp-content\/uploads\/2022\/11\/ADOQUIN-TIPO-PIEDRA.pdf\">ESPECIFICACI\u00d3N T\u00c9CNICA_ADOQU\u00cdN TIPO PIEDRA<\/a><\/p>\n","protected":false},"excerpt":{"rendered":"<p>&nbsp; MATERIAL: Hormig\u00f3n visto liso ESTRUCTURA: Monolito TERMINACI\u00d3N:\u00a0 Gran\u00edtico visto liso INSTALACI\u00d3N: Sobre Radier o base estabilizada PESO: 96 Kg\/m\u00b2 DIMENSIONES: 18 x 14 x 4h Apr\u00f3x. EMBALAJE: 12 m2\/PALLET ESPECIFICACI\u00d3N T\u00c9CNICA_ADOQU\u00cdN TIPO PIEDRA<\/p>\n","protected":false},"featured_media":632,"template":"","meta":{"jetpack_publicize_message":"","jetpack_is_tweetstorm":false,"jetpack_publicize_feature_enabled":true,"jetpack_social_post_already_shared":false,"jetpack_social_options":{"image_generator_settings":{"template":"highway","enabled":false}}},"product_cat":[36,39],"product_tag":[],"jetpack_publicize_connections":[],"jetpack_sharing_enabled":true,"_links":{"self":[{"href":"https:\/\/presur.cl\/index.php?rest_route=\/wp\/v2\/product\/630"}],"collection":[{"href":"https:\/\/presur.cl\/index.php?rest_route=\/wp\/v2\/product"}],"about":[{"href":"https:\/\/presur.cl\/index.php?rest_route=\/wp\/v2\/types\/product"}],"version-history":[{"count":3,"href":"https:\/\/presur.cl\/index.php?rest_route=\/wp\/v2\/product\/630\/revisions"}],"predecessor-version":[{"id":2758,"href":"https:\/\/presur.cl\/index.php?rest_route=\/wp\/v2\/product\/630\/revisions\/2758"}],"wp:featuredmedia":[{"embeddable":true,"href":"https:\/\/presur.cl\/index.php?rest_route=\/wp\/v2\/media\/632"}],"wp:attachment":[{"href":"https:\/\/presur.cl\/index.php?rest_route=%2Fwp%2Fv2%2Fmedia&parent=630"}],"wp:term":[{"taxonomy":"product_cat","embeddable":true,"href":"https:\/\/presur.cl\/index.php?rest_route=%2Fwp%2Fv2%2Fproduct_cat&post=630"},{"taxonomy":"product_tag","embeddable":true,"href":"https:\/\/presur.cl\/index.php?rest_route=%2Fwp%2Fv2%2Fproduct_tag&post=630"}],"curies":[{"name":"wp","href":"https:\/\/api.w.org\/{rel}","templated":true}]}}