{"id":633,"date":"2022-11-20T23:21:07","date_gmt":"2022-11-20T23:21:07","guid":{"rendered":"https:\/\/presur.cl\/?post_type=product&#038;p=633"},"modified":"2025-06-30T19:40:35","modified_gmt":"2025-06-30T19:40:35","slug":"barbecue-presur","status":"publish","type":"product","link":"https:\/\/presur.cl\/?product=barbecue-presur","title":{"rendered":"BARBECUE PRESUR"},"content":{"rendered":"<p><strong>MATERIAL:<\/strong> Hormig\u00f3n gran\u00edtico<\/p>\n<p><strong>ESTRUCTURA<\/strong>: Monolito armado<\/p>\n<p><strong>TERMINACI\u00d3N:<\/strong> Gran\u00edtico Pulido\/Liso<\/p>\n<p><strong>INSTALACI\u00d3N:<\/strong> Anclado con esp\u00e1rragos<\/p>\n<p><strong>PESO:<\/strong> 800 Kg.<\/p>\n<p><strong>DIMENSIONES<\/strong>: 175 x 70 x 127h Apr\u00f3x.<\/p>\n<p><a href=\"https:\/\/presur.cl\/wp-content\/uploads\/2025\/06\/BARBECUE-PRESUR.pdf\">ESPECIFICAC\u00cdON T\u00c9CNICA BARBECUE-PRESUR<\/a><\/p>\n","protected":false},"excerpt":{"rendered":"<p>MATERIAL: Hormig\u00f3n gran\u00edtico ESTRUCTURA: Monolito armado TERMINACI\u00d3N: Gran\u00edtico Pulido\/Liso INSTALACI\u00d3N: Anclado con esp\u00e1rragos PESO: 800 Kg. DIMENSIONES: 175 x 70 x 127h Apr\u00f3x. ESPECIFICAC\u00cdON T\u00c9CNICA BARBECUE-PRESUR<\/p>\n","protected":false},"featured_media":3179,"template":"","meta":{"jetpack_publicize_message":"","jetpack_is_tweetstorm":false,"jetpack_publicize_feature_enabled":true,"jetpack_social_post_already_shared":false,"jetpack_social_options":{"image_generator_settings":{"template":"highway","enabled":false}}},"product_cat":[36],"product_tag":[],"jetpack_publicize_connections":[],"jetpack_sharing_enabled":true,"_links":{"self":[{"href":"https:\/\/presur.cl\/index.php?rest_route=\/wp\/v2\/product\/633"}],"collection":[{"href":"https:\/\/presur.cl\/index.php?rest_route=\/wp\/v2\/product"}],"about":[{"href":"https:\/\/presur.cl\/index.php?rest_route=\/wp\/v2\/types\/product"}],"version-history":[{"count":4,"href":"https:\/\/presur.cl\/index.php?rest_route=\/wp\/v2\/product\/633\/revisions"}],"predecessor-version":[{"id":3188,"href":"https:\/\/presur.cl\/index.php?rest_route=\/wp\/v2\/product\/633\/revisions\/3188"}],"wp:featuredmedia":[{"embeddable":true,"href":"https:\/\/presur.cl\/index.php?rest_route=\/wp\/v2\/media\/3179"}],"wp:attachment":[{"href":"https:\/\/presur.cl\/index.php?rest_route=%2Fwp%2Fv2%2Fmedia&parent=633"}],"wp:term":[{"taxonomy":"product_cat","embeddable":true,"href":"https:\/\/presur.cl\/index.php?rest_route=%2Fwp%2Fv2%2Fproduct_cat&post=633"},{"taxonomy":"product_tag","embeddable":true,"href":"https:\/\/presur.cl\/index.php?rest_route=%2Fwp%2Fv2%2Fproduct_tag&post=633"}],"curies":[{"name":"wp","href":"https:\/\/api.w.org\/{rel}","templated":true}]}}