{"id":636,"date":"2022-11-20T23:33:42","date_gmt":"2022-11-20T23:33:42","guid":{"rendered":"https:\/\/presur.cl\/?post_type=product&#038;p=636"},"modified":"2024-05-13T16:32:39","modified_gmt":"2024-05-13T16:32:39","slug":"huella-peatonal-200-x-50","status":"publish","type":"product","link":"https:\/\/presur.cl\/?product=huella-peatonal-200-x-50","title":{"rendered":"HUELLA PEATONAL 200 x 50"},"content":{"rendered":"<p><strong>MATERIAL:<\/strong> Hormig\u00f3n gran\u00edtico<\/p>\n<p><strong>ESTRUCTURA<\/strong>: Monolito armado<\/p>\n<p><strong>TERMINACI\u00d3N:<\/strong> Gran\u00edtico pulido<\/p>\n<p><strong>INSTALACI\u00d3N:<\/strong> Con mortero de pega<\/p>\n<p><strong>PESO:<\/strong> 280 Kg.<\/p>\n<p><strong>DIMENSIONES<\/strong>: 200 x 50 x 10h Apr\u00f3x.<\/p>\n<p><strong>PROTECCI\u00d3N: <\/strong>SOBRE PALLET (6 UNDS. POR CADA PALLET)<\/p>\n<p><a href=\"https:\/\/presur.cl\/wp-content\/uploads\/2022\/11\/HUELLA-PEATONAL-200-x-50.pdf\">ESPECIFICACI\u00d3N T\u00c9CNICA_HUELLA PEATONAL 200 x 50<\/a><\/p>\n","protected":false},"excerpt":{"rendered":"<p>MATERIAL: Hormig\u00f3n gran\u00edtico ESTRUCTURA: Monolito armado TERMINACI\u00d3N: Gran\u00edtico pulido INSTALACI\u00d3N: Con mortero de pega PESO: 280 Kg. DIMENSIONES: 200 x 50 x 10h Apr\u00f3x. PROTECCI\u00d3N: SOBRE PALLET (6 UNDS. POR CADA PALLET) ESPECIFICACI\u00d3N T\u00c9CNICA_HUELLA PEATONAL 200 x 50<\/p>\n","protected":false},"featured_media":638,"template":"","meta":{"jetpack_publicize_message":"","jetpack_is_tweetstorm":false,"jetpack_publicize_feature_enabled":true,"jetpack_social_post_already_shared":false,"jetpack_social_options":{"image_generator_settings":{"template":"highway","enabled":false}}},"product_cat":[36,39],"product_tag":[],"jetpack_publicize_connections":[],"jetpack_sharing_enabled":true,"_links":{"self":[{"href":"https:\/\/presur.cl\/index.php?rest_route=\/wp\/v2\/product\/636"}],"collection":[{"href":"https:\/\/presur.cl\/index.php?rest_route=\/wp\/v2\/product"}],"about":[{"href":"https:\/\/presur.cl\/index.php?rest_route=\/wp\/v2\/types\/product"}],"version-history":[{"count":2,"href":"https:\/\/presur.cl\/index.php?rest_route=\/wp\/v2\/product\/636\/revisions"}],"predecessor-version":[{"id":2756,"href":"https:\/\/presur.cl\/index.php?rest_route=\/wp\/v2\/product\/636\/revisions\/2756"}],"wp:featuredmedia":[{"embeddable":true,"href":"https:\/\/presur.cl\/index.php?rest_route=\/wp\/v2\/media\/638"}],"wp:attachment":[{"href":"https:\/\/presur.cl\/index.php?rest_route=%2Fwp%2Fv2%2Fmedia&parent=636"}],"wp:term":[{"taxonomy":"product_cat","embeddable":true,"href":"https:\/\/presur.cl\/index.php?rest_route=%2Fwp%2Fv2%2Fproduct_cat&post=636"},{"taxonomy":"product_tag","embeddable":true,"href":"https:\/\/presur.cl\/index.php?rest_route=%2Fwp%2Fv2%2Fproduct_tag&post=636"}],"curies":[{"name":"wp","href":"https:\/\/api.w.org\/{rel}","templated":true}]}}