{"id":639,"date":"2022-11-20T23:45:01","date_gmt":"2022-11-20T23:45:01","guid":{"rendered":"https:\/\/presur.cl\/?post_type=product&#038;p=639"},"modified":"2024-05-13T16:32:21","modified_gmt":"2024-05-13T16:32:21","slug":"huella-peatonal","status":"publish","type":"product","link":"https:\/\/presur.cl\/?product=huella-peatonal","title":{"rendered":"HUELLA PEATONAL"},"content":{"rendered":"<p><strong>MATERIAL:<\/strong> Hormig\u00f3n gran\u00edtico<\/p>\n<p><strong>ESTRUCTURA<\/strong>: Monolito armado<\/p>\n<p><strong>TERMINACI\u00d3N:<\/strong> Gran\u00edtico pulido\/ Visto<\/p>\n<p><strong>INSTALACI\u00d3N:<\/strong> Anclado con esp\u00e1rragos<\/p>\n<p><strong>PESO:<\/strong> 60 Kg.<\/p>\n<p><strong>DIMENSIONES<\/strong>: 120 x 30 x 7h Apr\u00f3x.<\/p>\n<p><strong>EMBALAJE:<\/strong> Sobre pellet (6 UNDS. POR CADA PALLET)<\/p>\n<p><a href=\"https:\/\/presur.cl\/wp-content\/uploads\/2022\/11\/HUELLA-PEATONAL.pdf\">ESPECIFICACI\u00d3N T\u00c9CNICA_HUELLA PEATONAL<\/a><\/p>\n","protected":false},"excerpt":{"rendered":"<p>MATERIAL: Hormig\u00f3n gran\u00edtico ESTRUCTURA: Monolito armado TERMINACI\u00d3N: Gran\u00edtico pulido\/ Visto INSTALACI\u00d3N: Anclado con esp\u00e1rragos PESO: 60 Kg. DIMENSIONES: 120 x 30 x 7h Apr\u00f3x. EMBALAJE: Sobre pellet (6 UNDS. POR CADA PALLET) ESPECIFICACI\u00d3N T\u00c9CNICA_HUELLA PEATONAL<\/p>\n","protected":false},"featured_media":638,"template":"","meta":{"jetpack_publicize_message":"","jetpack_is_tweetstorm":false,"jetpack_publicize_feature_enabled":true,"jetpack_social_post_already_shared":false,"jetpack_social_options":{"image_generator_settings":{"template":"highway","enabled":false}}},"product_cat":[36,39],"product_tag":[],"jetpack_publicize_connections":[],"jetpack_sharing_enabled":true,"_links":{"self":[{"href":"https:\/\/presur.cl\/index.php?rest_route=\/wp\/v2\/product\/639"}],"collection":[{"href":"https:\/\/presur.cl\/index.php?rest_route=\/wp\/v2\/product"}],"about":[{"href":"https:\/\/presur.cl\/index.php?rest_route=\/wp\/v2\/types\/product"}],"version-history":[{"count":2,"href":"https:\/\/presur.cl\/index.php?rest_route=\/wp\/v2\/product\/639\/revisions"}],"predecessor-version":[{"id":2755,"href":"https:\/\/presur.cl\/index.php?rest_route=\/wp\/v2\/product\/639\/revisions\/2755"}],"wp:featuredmedia":[{"embeddable":true,"href":"https:\/\/presur.cl\/index.php?rest_route=\/wp\/v2\/media\/638"}],"wp:attachment":[{"href":"https:\/\/presur.cl\/index.php?rest_route=%2Fwp%2Fv2%2Fmedia&parent=639"}],"wp:term":[{"taxonomy":"product_cat","embeddable":true,"href":"https:\/\/presur.cl\/index.php?rest_route=%2Fwp%2Fv2%2Fproduct_cat&post=639"},{"taxonomy":"product_tag","embeddable":true,"href":"https:\/\/presur.cl\/index.php?rest_route=%2Fwp%2Fv2%2Fproduct_tag&post=639"}],"curies":[{"name":"wp","href":"https:\/\/api.w.org\/{rel}","templated":true}]}}