{"id":641,"date":"2022-11-21T00:01:28","date_gmt":"2022-11-21T00:01:28","guid":{"rendered":"https:\/\/presur.cl\/?post_type=product&#038;p=641"},"modified":"2025-08-21T23:28:57","modified_gmt":"2025-08-21T23:28:57","slug":"bicicletero-t6","status":"publish","type":"product","link":"https:\/\/presur.cl\/?product=bicicletero-t6","title":{"rendered":"BICICLETERO T6"},"content":{"rendered":"<p><strong>MATERIAL:<\/strong> Perfil galvanizado 30 x 50 mm en 2 mm de espesor<\/p>\n<p><strong>TERMINACI\u00d3N:<\/strong> Pintura Polvo Poli\u00e9ster Electro-est\u00e1tica<\/p>\n<p><strong>TIPO DE ANCLAJE:<\/strong> Pernado<\/p>\n<p><strong>PESO:<\/strong> 30 Kg.<\/p>\n<p><strong>DIMENSIONES<\/strong>: 140 x 48 x 63h Apr\u00f3x.<\/p>\n<p><strong><em><a href=\"https:\/\/presur.cl\/wp-content\/uploads\/2022\/11\/BICICLETERO-T6-3.pdf\">ESPECIFICACI\u00d3N T\u00c9CNICA BICICLETERO-T6<\/a><\/em><\/strong><\/p>\n","protected":false},"excerpt":{"rendered":"<p>MATERIAL: Perfil galvanizado 30 x 50 mm en 2 mm de espesor TERMINACI\u00d3N: Pintura Polvo Poli\u00e9ster Electro-est\u00e1tica TIPO DE ANCLAJE: Pernado PESO: 30 Kg. DIMENSIONES: 140 x 48 x 63h Apr\u00f3x. ESPECIFICACI\u00d3N T\u00c9CNICA BICICLETERO-T6<\/p>\n","protected":false},"featured_media":665,"template":"","meta":{"jetpack_publicize_message":"","jetpack_is_tweetstorm":false,"jetpack_publicize_feature_enabled":true,"jetpack_social_post_already_shared":false,"jetpack_social_options":{"image_generator_settings":{"template":"highway","enabled":false}}},"product_cat":[36,47],"product_tag":[],"jetpack_publicize_connections":[],"jetpack_sharing_enabled":true,"_links":{"self":[{"href":"https:\/\/presur.cl\/index.php?rest_route=\/wp\/v2\/product\/641"}],"collection":[{"href":"https:\/\/presur.cl\/index.php?rest_route=\/wp\/v2\/product"}],"about":[{"href":"https:\/\/presur.cl\/index.php?rest_route=\/wp\/v2\/types\/product"}],"version-history":[{"count":7,"href":"https:\/\/presur.cl\/index.php?rest_route=\/wp\/v2\/product\/641\/revisions"}],"predecessor-version":[{"id":3011,"href":"https:\/\/presur.cl\/index.php?rest_route=\/wp\/v2\/product\/641\/revisions\/3011"}],"wp:featuredmedia":[{"embeddable":true,"href":"https:\/\/presur.cl\/index.php?rest_route=\/wp\/v2\/media\/665"}],"wp:attachment":[{"href":"https:\/\/presur.cl\/index.php?rest_route=%2Fwp%2Fv2%2Fmedia&parent=641"}],"wp:term":[{"taxonomy":"product_cat","embeddable":true,"href":"https:\/\/presur.cl\/index.php?rest_route=%2Fwp%2Fv2%2Fproduct_cat&post=641"},{"taxonomy":"product_tag","embeddable":true,"href":"https:\/\/presur.cl\/index.php?rest_route=%2Fwp%2Fv2%2Fproduct_tag&post=641"}],"curies":[{"name":"wp","href":"https:\/\/api.w.org\/{rel}","templated":true}]}}