{"id":643,"date":"2022-11-21T00:03:45","date_gmt":"2022-11-21T00:03:45","guid":{"rendered":"https:\/\/presur.cl\/?post_type=product&#038;p=643"},"modified":"2025-08-21T23:29:04","modified_gmt":"2025-08-21T23:29:04","slug":"bicicletero-tolten-acero-inoxidable","status":"publish","type":"product","link":"https:\/\/presur.cl\/?product=bicicletero-tolten-acero-inoxidable","title":{"rendered":"BICICLETERO TOLT\u00c9N ACERO INOXIDABLE"},"content":{"rendered":"<p><strong>MATERIAL:<\/strong> &#8211;<\/p>\n<p><strong>ESTRUCTURA<\/strong>: Monolito armado<\/p>\n<p><strong>TERMINACI\u00d3N:<\/strong> Gran\u00edtico pulido<\/p>\n<p><strong>INSTALACI\u00d3N:<\/strong> Anclado con esp\u00e1rragos<\/p>\n<p><strong>PESO:<\/strong> 140 Kg.<\/p>\n<p><strong>DIMENSIONES<\/strong>: 300x50x45<\/p>\n<p><em><a href=\"https:\/\/presur.cl\/wp-content\/uploads\/2022\/11\/BICICLETERO-TOLTEN-ACERO-INOXIDABLE1.pdf\">ESPECIFICACI\u00d3N T\u00c9CNICA BICICLETERO TOLTEN ACERO INOXIDABLE<\/a><\/em><\/p>\n","protected":false},"excerpt":{"rendered":"<p>MATERIAL: &#8211; ESTRUCTURA: Monolito armado TERMINACI\u00d3N: Gran\u00edtico pulido INSTALACI\u00d3N: Anclado con esp\u00e1rragos PESO: 140 Kg. DIMENSIONES: 300x50x45 ESPECIFICACI\u00d3N T\u00c9CNICA BICICLETERO TOLTEN ACERO INOXIDABLE<\/p>\n","protected":false},"featured_media":645,"template":"","meta":{"jetpack_publicize_message":"","jetpack_is_tweetstorm":false,"jetpack_publicize_feature_enabled":true,"jetpack_social_post_already_shared":false,"jetpack_social_options":{"image_generator_settings":{"template":"highway","enabled":false}}},"product_cat":[36,47],"product_tag":[],"jetpack_publicize_connections":[],"jetpack_sharing_enabled":true,"_links":{"self":[{"href":"https:\/\/presur.cl\/index.php?rest_route=\/wp\/v2\/product\/643"}],"collection":[{"href":"https:\/\/presur.cl\/index.php?rest_route=\/wp\/v2\/product"}],"about":[{"href":"https:\/\/presur.cl\/index.php?rest_route=\/wp\/v2\/types\/product"}],"version-history":[{"count":3,"href":"https:\/\/presur.cl\/index.php?rest_route=\/wp\/v2\/product\/643\/revisions"}],"predecessor-version":[{"id":3132,"href":"https:\/\/presur.cl\/index.php?rest_route=\/wp\/v2\/product\/643\/revisions\/3132"}],"wp:featuredmedia":[{"embeddable":true,"href":"https:\/\/presur.cl\/index.php?rest_route=\/wp\/v2\/media\/645"}],"wp:attachment":[{"href":"https:\/\/presur.cl\/index.php?rest_route=%2Fwp%2Fv2%2Fmedia&parent=643"}],"wp:term":[{"taxonomy":"product_cat","embeddable":true,"href":"https:\/\/presur.cl\/index.php?rest_route=%2Fwp%2Fv2%2Fproduct_cat&post=643"},{"taxonomy":"product_tag","embeddable":true,"href":"https:\/\/presur.cl\/index.php?rest_route=%2Fwp%2Fv2%2Fproduct_tag&post=643"}],"curies":[{"name":"wp","href":"https:\/\/api.w.org\/{rel}","templated":true}]}}