{"id":650,"date":"2022-11-21T00:13:11","date_gmt":"2022-11-21T00:13:11","guid":{"rendered":"https:\/\/presur.cl\/?post_type=product&#038;p=650"},"modified":"2025-08-21T23:29:13","modified_gmt":"2025-08-21T23:29:13","slug":"estacion-de-descanso-con-bicicletero","status":"publish","type":"product","link":"https:\/\/presur.cl\/?product=estacion-de-descanso-con-bicicletero","title":{"rendered":"ESTACI\u00d3N DE DESCANSO CON BICICLETERO"},"content":{"rendered":"<p><strong>MATERIAL:<\/strong> Hormig\u00f3n gran\u00edtico<\/p>\n<p><strong>ESTRUCTURA<\/strong>: Monolito armado<\/p>\n<p><strong>TERMINACI\u00d3N:<\/strong> Gran\u00edtico pulido\/liso<\/p>\n<p><strong>INSTALACI\u00d3N:<\/strong> Anclado con esp\u00e1rragos<\/p>\n<p><strong>PESO:<\/strong> 1360 Kg.<\/p>\n<p><strong>DIMENSIONES<\/strong>: 650x72x45h<\/p>\n<p><strong>EMBALAJE:\u00a0<\/strong>2 Pallet por unidad<\/p>\n<p><em><a href=\"https:\/\/presur.cl\/wp-content\/uploads\/2022\/11\/ESTACION-DE-DESCANSO-CON-BICICLETERO-1.pdf\">FICHA T\u00c9CNICA ESTACION DE DESCANSO CON BICICLETERO<\/a><\/em><\/p>\n","protected":false},"excerpt":{"rendered":"<p>MATERIAL: Hormig\u00f3n gran\u00edtico ESTRUCTURA: Monolito armado TERMINACI\u00d3N: Gran\u00edtico pulido\/liso INSTALACI\u00d3N: Anclado con esp\u00e1rragos PESO: 1360 Kg. DIMENSIONES: 650x72x45h EMBALAJE:\u00a02 Pallet por unidad FICHA T\u00c9CNICA ESTACION DE DESCANSO CON BICICLETERO<\/p>\n","protected":false},"featured_media":652,"template":"","meta":{"jetpack_publicize_message":"","jetpack_is_tweetstorm":false,"jetpack_publicize_feature_enabled":true,"jetpack_social_post_already_shared":false,"jetpack_social_options":{"image_generator_settings":{"template":"highway","enabled":false}}},"product_cat":[36,47],"product_tag":[],"jetpack_publicize_connections":[],"jetpack_sharing_enabled":true,"_links":{"self":[{"href":"https:\/\/presur.cl\/index.php?rest_route=\/wp\/v2\/product\/650"}],"collection":[{"href":"https:\/\/presur.cl\/index.php?rest_route=\/wp\/v2\/product"}],"about":[{"href":"https:\/\/presur.cl\/index.php?rest_route=\/wp\/v2\/types\/product"}],"version-history":[{"count":4,"href":"https:\/\/presur.cl\/index.php?rest_route=\/wp\/v2\/product\/650\/revisions"}],"predecessor-version":[{"id":3127,"href":"https:\/\/presur.cl\/index.php?rest_route=\/wp\/v2\/product\/650\/revisions\/3127"}],"wp:featuredmedia":[{"embeddable":true,"href":"https:\/\/presur.cl\/index.php?rest_route=\/wp\/v2\/media\/652"}],"wp:attachment":[{"href":"https:\/\/presur.cl\/index.php?rest_route=%2Fwp%2Fv2%2Fmedia&parent=650"}],"wp:term":[{"taxonomy":"product_cat","embeddable":true,"href":"https:\/\/presur.cl\/index.php?rest_route=%2Fwp%2Fv2%2Fproduct_cat&post=650"},{"taxonomy":"product_tag","embeddable":true,"href":"https:\/\/presur.cl\/index.php?rest_route=%2Fwp%2Fv2%2Fproduct_tag&post=650"}],"curies":[{"name":"wp","href":"https:\/\/api.w.org\/{rel}","templated":true}]}}