{"id":657,"date":"2022-11-21T01:55:54","date_gmt":"2022-11-21T01:55:54","guid":{"rendered":"https:\/\/presur.cl\/?post_type=product&#038;p=657"},"modified":"2024-08-14T17:32:06","modified_gmt":"2024-08-14T17:32:06","slug":"liston-de-madera","status":"publish","type":"product","link":"https:\/\/presur.cl\/?product=liston-de-madera","title":{"rendered":"LIST\u00d3N DE HORMIG\u00d3N"},"content":{"rendered":"<p><strong>MATERIAL:<\/strong> List\u00f3n de hormig\u00f3n<\/p>\n<p><strong>TERMINACI\u00d3N:<\/strong> Tipo madera<\/p>\n<p><strong>INSTALACI\u00d3N:<\/strong> Anclado con esp\u00e1rragos<\/p>\n<p><strong>PESO:<\/strong> 96 kg\/m\u00b2<\/p>\n<p><strong>DIMENSIONES<\/strong>: 60 x 15 x 3.5h Apr\u00f3x.<\/p>\n<p><a href=\"https:\/\/presur.cl\/wp-content\/uploads\/2022\/11\/LISTON-DE-HORMIGON-TIPO-MADERA-1.pdf\">ESPECIFICIACI\u00d3N T\u00c9CNICA DE LISTON DE HORMIG\u00d3N TIPO MADERA<\/a><\/p>\n","protected":false},"excerpt":{"rendered":"<p>MATERIAL: List\u00f3n de hormig\u00f3n TERMINACI\u00d3N: Tipo madera INSTALACI\u00d3N: Anclado con esp\u00e1rragos PESO: 96 kg\/m\u00b2 DIMENSIONES: 60 x 15 x 3.5h Apr\u00f3x. ESPECIFICIACI\u00d3N T\u00c9CNICA DE LISTON DE HORMIG\u00d3N TIPO MADERA<\/p>\n","protected":false},"featured_media":659,"template":"","meta":{"jetpack_publicize_message":"","jetpack_is_tweetstorm":false,"jetpack_publicize_feature_enabled":true,"jetpack_social_post_already_shared":false,"jetpack_social_options":{"image_generator_settings":{"template":"highway","enabled":false}}},"product_cat":[36,39],"product_tag":[],"jetpack_publicize_connections":[],"jetpack_sharing_enabled":true,"_links":{"self":[{"href":"https:\/\/presur.cl\/index.php?rest_route=\/wp\/v2\/product\/657"}],"collection":[{"href":"https:\/\/presur.cl\/index.php?rest_route=\/wp\/v2\/product"}],"about":[{"href":"https:\/\/presur.cl\/index.php?rest_route=\/wp\/v2\/types\/product"}],"version-history":[{"count":8,"href":"https:\/\/presur.cl\/index.php?rest_route=\/wp\/v2\/product\/657\/revisions"}],"predecessor-version":[{"id":2849,"href":"https:\/\/presur.cl\/index.php?rest_route=\/wp\/v2\/product\/657\/revisions\/2849"}],"wp:featuredmedia":[{"embeddable":true,"href":"https:\/\/presur.cl\/index.php?rest_route=\/wp\/v2\/media\/659"}],"wp:attachment":[{"href":"https:\/\/presur.cl\/index.php?rest_route=%2Fwp%2Fv2%2Fmedia&parent=657"}],"wp:term":[{"taxonomy":"product_cat","embeddable":true,"href":"https:\/\/presur.cl\/index.php?rest_route=%2Fwp%2Fv2%2Fproduct_cat&post=657"},{"taxonomy":"product_tag","embeddable":true,"href":"https:\/\/presur.cl\/index.php?rest_route=%2Fwp%2Fv2%2Fproduct_tag&post=657"}],"curies":[{"name":"wp","href":"https:\/\/api.w.org\/{rel}","templated":true}]}}