{"id":660,"date":"2022-11-21T01:58:42","date_gmt":"2022-11-21T01:58:42","guid":{"rendered":"https:\/\/presur.cl\/?post_type=product&#038;p=660"},"modified":"2025-04-08T21:13:29","modified_gmt":"2025-04-08T21:13:29","slug":"tranquera-hormigon","status":"publish","type":"product","link":"https:\/\/presur.cl\/?product=tranquera-hormigon","title":{"rendered":"TRANQUERA HORMIG\u00d3N"},"content":{"rendered":"<p><strong>MATERIAL:<\/strong> Hormig\u00f3n gran\u00edtico<\/p>\n<p><strong>ESTRUCTURA<\/strong>: Monolito armado<\/p>\n<p><strong>TERMINACI\u00d3N:<\/strong> Gran\u00edtico pulido<\/p>\n<p><strong>INSTALACI\u00d3N:<\/strong> Anclado con esp\u00e1rragos<\/p>\n<p><strong>PESO:<\/strong> 80 Kg.<\/p>\n<p><strong>DIMENSIONES<\/strong>: 23 x 12x150h<\/p>\n<p><a href=\"https:\/\/presur.cl\/wp-content\/uploads\/2022\/11\/TRANQUERA-HORMIGON-5.pdf\">ESPECIFICACI\u00d3N T\u00c9CNICA TRANQUERA HORMIG\u00d3N.<\/a><\/p>\n","protected":false},"excerpt":{"rendered":"<p>MATERIAL: Hormig\u00f3n gran\u00edtico ESTRUCTURA: Monolito armado TERMINACI\u00d3N: Gran\u00edtico pulido INSTALACI\u00d3N: Anclado con esp\u00e1rragos PESO: 80 Kg. DIMENSIONES: 23 x 12x150h ESPECIFICACI\u00d3N T\u00c9CNICA TRANQUERA HORMIG\u00d3N.<\/p>\n","protected":false},"featured_media":3089,"template":"","meta":{"jetpack_publicize_message":"","jetpack_is_tweetstorm":false,"jetpack_publicize_feature_enabled":true,"jetpack_social_post_already_shared":false,"jetpack_social_options":{"image_generator_settings":{"template":"highway","enabled":false}}},"product_cat":[36],"product_tag":[],"jetpack_publicize_connections":[],"jetpack_sharing_enabled":true,"_links":{"self":[{"href":"https:\/\/presur.cl\/index.php?rest_route=\/wp\/v2\/product\/660"}],"collection":[{"href":"https:\/\/presur.cl\/index.php?rest_route=\/wp\/v2\/product"}],"about":[{"href":"https:\/\/presur.cl\/index.php?rest_route=\/wp\/v2\/types\/product"}],"version-history":[{"count":5,"href":"https:\/\/presur.cl\/index.php?rest_route=\/wp\/v2\/product\/660\/revisions"}],"predecessor-version":[{"id":3091,"href":"https:\/\/presur.cl\/index.php?rest_route=\/wp\/v2\/product\/660\/revisions\/3091"}],"wp:featuredmedia":[{"embeddable":true,"href":"https:\/\/presur.cl\/index.php?rest_route=\/wp\/v2\/media\/3089"}],"wp:attachment":[{"href":"https:\/\/presur.cl\/index.php?rest_route=%2Fwp%2Fv2%2Fmedia&parent=660"}],"wp:term":[{"taxonomy":"product_cat","embeddable":true,"href":"https:\/\/presur.cl\/index.php?rest_route=%2Fwp%2Fv2%2Fproduct_cat&post=660"},{"taxonomy":"product_tag","embeddable":true,"href":"https:\/\/presur.cl\/index.php?rest_route=%2Fwp%2Fv2%2Fproduct_tag&post=660"}],"curies":[{"name":"wp","href":"https:\/\/api.w.org\/{rel}","templated":true}]}}