{"id":666,"date":"2022-11-21T02:06:59","date_gmt":"2022-11-21T02:06:59","guid":{"rendered":"https:\/\/presur.cl\/?post_type=product&#038;p=666"},"modified":"2025-10-07T15:00:15","modified_gmt":"2025-10-07T15:00:15","slug":"basurero-calafquen","status":"publish","type":"product","link":"https:\/\/presur.cl\/?product=basurero-calafquen","title":{"rendered":"BASURERO CALAFQUEN"},"content":{"rendered":"<p><strong>MATERIAL:<\/strong> Hormig\u00f3n gran\u00edtico y acero<\/p>\n<p><strong>ESTRUCTURA<\/strong>: Monolito armado<\/p>\n<p><strong>TERMINACI\u00d3N:<\/strong> Gran\u00edtico pulido\/Liso<\/p>\n<p><strong>INSTALACI\u00d3N:<\/strong> Anclado con esp\u00e1rragos<\/p>\n<p><strong>OPCIONALES:\u00a0<\/strong>Recipiente en acero inoxidable o acero electro pintado<\/p>\n<p><a href=\"https:\/\/presur.cl\/wp-content\/uploads\/2022\/11\/BASURERO-CALAFQUEN-1.pdf\">ESPECIFICACI\u00d3N T\u00c9CNICA_BASURERO CALAFQUEN<\/a><\/p>\n<p><strong>PESO:<\/strong> 120 Kg. \/ <strong>DIMENSIONES<\/strong>: 60 x 30 x 90h Apr\u00f3x.<\/p>\n<p>&nbsp;<\/p>\n<p><strong><em><a href=\"https:\/\/presur.cl\/wp-content\/uploads\/2022\/11\/BASURERO-CALAFQUEN-CON-CENICERO-2.pdf\">ESPECIFICACI\u00d3N T\u00c9CNICA BASURERO CALAFQUEN CON CENICERO<\/a><\/em><\/strong><\/p>\n<p><strong>PESO:<\/strong> 120 Kg.\/\u00a0<strong>DIMENSIONES<\/strong>: 60 x 30 x 90h Apr\u00f3x.<\/p>\n<p>&nbsp;<\/p>\n<p><a href=\"https:\/\/presur.cl\/wp-content\/uploads\/2025\/08\/BASURERO-CALAFQUEN-CON-TAPA-INTERNA.pdf\">ESPECIFICIACI\u00d3N T\u00c9CNICA BASURERO CALAFQUEN CON TAPA INTERNA<\/a><\/p>\n<p><strong>PESO:<\/strong> 120 Kg. \/ <strong>DIMENSIONES<\/strong>: 60 x 30 x 90h Apr\u00f3x.<\/p>\n<p>&nbsp;<\/p>\n<p><a href=\"https:\/\/presur.cl\/wp-content\/uploads\/2025\/08\/basurero-calafquen-personalizado-en-madera.pdf\">ESPECIFICACI\u00d3N T\u00c9CNICA BASURERO CALAFQUEN PERSONALIZADO EN MADERA<\/a><\/p>\n<p><strong>PESO:<\/strong> 120 Kg. \/\u00a0<strong>DIMENSIONES<\/strong>: 80 x 32 x 80.5h.<\/p>\n","protected":false},"excerpt":{"rendered":"<p>MATERIAL: Hormig\u00f3n gran\u00edtico y acero ESTRUCTURA: Monolito armado TERMINACI\u00d3N: Gran\u00edtico pulido\/Liso INSTALACI\u00d3N: Anclado con esp\u00e1rragos OPCIONALES:\u00a0Recipiente en acero inoxidable o acero electro pintado ESPECIFICACI\u00d3N T\u00c9CNICA_BASURERO CALAFQUEN PESO: 120 Kg. \/ DIMENSIONES: 60 x 30 x 90h Apr\u00f3x. &nbsp; ESPECIFICACI\u00d3N T\u00c9CNICA BASURERO CALAFQUEN CON CENICERO PESO: 120 Kg.\/\u00a0DIMENSIONES: 60 x 30 x 90h Apr\u00f3x. &nbsp; ESPECIFICIACI\u00d3N [&hellip;]<\/p>\n","protected":false},"featured_media":668,"template":"","meta":{"jetpack_publicize_message":"","jetpack_is_tweetstorm":false,"jetpack_publicize_feature_enabled":true,"jetpack_social_post_already_shared":false,"jetpack_social_options":{"image_generator_settings":{"template":"highway","enabled":false}}},"product_cat":[27],"product_tag":[],"jetpack_publicize_connections":[],"jetpack_sharing_enabled":true,"_links":{"self":[{"href":"https:\/\/presur.cl\/index.php?rest_route=\/wp\/v2\/product\/666"}],"collection":[{"href":"https:\/\/presur.cl\/index.php?rest_route=\/wp\/v2\/product"}],"about":[{"href":"https:\/\/presur.cl\/index.php?rest_route=\/wp\/v2\/types\/product"}],"version-history":[{"count":10,"href":"https:\/\/presur.cl\/index.php?rest_route=\/wp\/v2\/product\/666\/revisions"}],"predecessor-version":[{"id":1743,"href":"https:\/\/presur.cl\/index.php?rest_route=\/wp\/v2\/product\/666\/revisions\/1743"}],"wp:featuredmedia":[{"embeddable":true,"href":"https:\/\/presur.cl\/index.php?rest_route=\/wp\/v2\/media\/668"}],"wp:attachment":[{"href":"https:\/\/presur.cl\/index.php?rest_route=%2Fwp%2Fv2%2Fmedia&parent=666"}],"wp:term":[{"taxonomy":"product_cat","embeddable":true,"href":"https:\/\/presur.cl\/index.php?rest_route=%2Fwp%2Fv2%2Fproduct_cat&post=666"},{"taxonomy":"product_tag","embeddable":true,"href":"https:\/\/presur.cl\/index.php?rest_route=%2Fwp%2Fv2%2Fproduct_tag&post=666"}],"curies":[{"name":"wp","href":"https:\/\/api.w.org\/{rel}","templated":true}]}}