{"id":672,"date":"2022-11-21T02:12:14","date_gmt":"2022-11-21T02:12:14","guid":{"rendered":"https:\/\/presur.cl\/?post_type=product&#038;p=672"},"modified":"2025-04-08T21:26:12","modified_gmt":"2025-04-08T21:26:12","slug":"basurero-panguipulli","status":"publish","type":"product","link":"https:\/\/presur.cl\/?product=basurero-panguipulli","title":{"rendered":"BASURERO PANGUIPULLI"},"content":{"rendered":"<p><strong>MATERIAL:<\/strong> Hormig\u00f3n gran\u00edtico y acero<\/p>\n<p><strong>ESTRUCTURA<\/strong>: Monolito armado<\/p>\n<p><strong>TERMINACI\u00d3N:<\/strong> Gran\u00edtico pulido<\/p>\n<p><strong>INSTALACI\u00d3N:<\/strong> Anclado con esp\u00e1rragos<\/p>\n<p><strong>PESO:<\/strong> 99 Kg.<\/p>\n<p><strong>DIMENSIONES<\/strong>: 60 x 27 x 70h Apr\u00f3x.<\/p>\n<p><em><strong><a href=\"https:\/\/presur.cl\/wp-content\/uploads\/2022\/11\/BASURERO-PANGUIPULLI-2.pdf\">ESPECIFICACI\u00d3N T\u00c9CNICA BASURERO PANGUIPULLI<\/a><\/strong><\/em><\/p>\n","protected":false},"excerpt":{"rendered":"<p>MATERIAL: Hormig\u00f3n gran\u00edtico y acero ESTRUCTURA: Monolito armado TERMINACI\u00d3N: Gran\u00edtico pulido INSTALACI\u00d3N: Anclado con esp\u00e1rragos PESO: 99 Kg. DIMENSIONES: 60 x 27 x 70h Apr\u00f3x. ESPECIFICACI\u00d3N T\u00c9CNICA BASURERO PANGUIPULLI<\/p>\n","protected":false},"featured_media":674,"template":"","meta":{"jetpack_publicize_message":"","jetpack_is_tweetstorm":false,"jetpack_publicize_feature_enabled":true,"jetpack_social_post_already_shared":false,"jetpack_social_options":{"image_generator_settings":{"template":"highway","enabled":false}}},"product_cat":[27],"product_tag":[],"jetpack_publicize_connections":[],"jetpack_sharing_enabled":true,"_links":{"self":[{"href":"https:\/\/presur.cl\/index.php?rest_route=\/wp\/v2\/product\/672"}],"collection":[{"href":"https:\/\/presur.cl\/index.php?rest_route=\/wp\/v2\/product"}],"about":[{"href":"https:\/\/presur.cl\/index.php?rest_route=\/wp\/v2\/types\/product"}],"version-history":[{"count":3,"href":"https:\/\/presur.cl\/index.php?rest_route=\/wp\/v2\/product\/672\/revisions"}],"predecessor-version":[{"id":2989,"href":"https:\/\/presur.cl\/index.php?rest_route=\/wp\/v2\/product\/672\/revisions\/2989"}],"wp:featuredmedia":[{"embeddable":true,"href":"https:\/\/presur.cl\/index.php?rest_route=\/wp\/v2\/media\/674"}],"wp:attachment":[{"href":"https:\/\/presur.cl\/index.php?rest_route=%2Fwp%2Fv2%2Fmedia&parent=672"}],"wp:term":[{"taxonomy":"product_cat","embeddable":true,"href":"https:\/\/presur.cl\/index.php?rest_route=%2Fwp%2Fv2%2Fproduct_cat&post=672"},{"taxonomy":"product_tag","embeddable":true,"href":"https:\/\/presur.cl\/index.php?rest_route=%2Fwp%2Fv2%2Fproduct_tag&post=672"}],"curies":[{"name":"wp","href":"https:\/\/api.w.org\/{rel}","templated":true}]}}