{"id":675,"date":"2022-11-21T02:15:44","date_gmt":"2022-11-21T02:15:44","guid":{"rendered":"https:\/\/presur.cl\/?post_type=product&#038;p=675"},"modified":"2024-05-13T15:55:50","modified_gmt":"2024-05-13T15:55:50","slug":"basurero-hormigon-pr-con-cenicero","status":"publish","type":"product","link":"https:\/\/presur.cl\/?product=basurero-hormigon-pr-con-cenicero","title":{"rendered":"BASURERO HORMIG\u00d3N PR CON CENICERO"},"content":{"rendered":"<p><strong>MATERIAL:<\/strong> Hormig\u00f3n gran\u00edtico<\/p>\n<p><strong>ESTRUCTURA<\/strong>: Monolito armado<\/p>\n<p><strong>TERMINACI\u00d3N:<\/strong> Gran\u00edtico pulido<\/p>\n<p><strong>INSTALACI\u00d3N:<\/strong> Anclado con esp\u00e1rragos<\/p>\n<p><strong>PESO:<\/strong> 190 Kg.<\/p>\n<p><strong>DIMENSIONES<\/strong>: 50 x 62 x 95h Apr\u00f3x.<\/p>\n<p><a href=\"https:\/\/presur.cl\/wp-content\/uploads\/2022\/11\/BASURERO-HORMIGON-PR-CON-CENICERO-1.pdf\">ESPECIFICACI\u00d3N T\u00c9CNICA_BASURERO HORMIG\u00d3N PR CON CENICERO<\/a><\/p>\n","protected":false},"excerpt":{"rendered":"<p>MATERIAL: Hormig\u00f3n gran\u00edtico ESTRUCTURA: Monolito armado TERMINACI\u00d3N: Gran\u00edtico pulido INSTALACI\u00d3N: Anclado con esp\u00e1rragos PESO: 190 Kg. DIMENSIONES: 50 x 62 x 95h Apr\u00f3x. ESPECIFICACI\u00d3N T\u00c9CNICA_BASURERO HORMIG\u00d3N PR CON CENICERO<\/p>\n","protected":false},"featured_media":677,"template":"","meta":{"jetpack_publicize_message":"","jetpack_is_tweetstorm":false,"jetpack_publicize_feature_enabled":true,"jetpack_social_post_already_shared":false,"jetpack_social_options":{"image_generator_settings":{"template":"highway","enabled":false}}},"product_cat":[27],"product_tag":[],"jetpack_publicize_connections":[],"jetpack_sharing_enabled":true,"_links":{"self":[{"href":"https:\/\/presur.cl\/index.php?rest_route=\/wp\/v2\/product\/675"}],"collection":[{"href":"https:\/\/presur.cl\/index.php?rest_route=\/wp\/v2\/product"}],"about":[{"href":"https:\/\/presur.cl\/index.php?rest_route=\/wp\/v2\/types\/product"}],"version-history":[{"count":2,"href":"https:\/\/presur.cl\/index.php?rest_route=\/wp\/v2\/product\/675\/revisions"}],"predecessor-version":[{"id":2693,"href":"https:\/\/presur.cl\/index.php?rest_route=\/wp\/v2\/product\/675\/revisions\/2693"}],"wp:featuredmedia":[{"embeddable":true,"href":"https:\/\/presur.cl\/index.php?rest_route=\/wp\/v2\/media\/677"}],"wp:attachment":[{"href":"https:\/\/presur.cl\/index.php?rest_route=%2Fwp%2Fv2%2Fmedia&parent=675"}],"wp:term":[{"taxonomy":"product_cat","embeddable":true,"href":"https:\/\/presur.cl\/index.php?rest_route=%2Fwp%2Fv2%2Fproduct_cat&post=675"},{"taxonomy":"product_tag","embeddable":true,"href":"https:\/\/presur.cl\/index.php?rest_route=%2Fwp%2Fv2%2Fproduct_tag&post=675"}],"curies":[{"name":"wp","href":"https:\/\/api.w.org\/{rel}","templated":true}]}}