{"id":678,"date":"2022-11-21T02:18:14","date_gmt":"2022-11-21T02:18:14","guid":{"rendered":"https:\/\/presur.cl\/?post_type=product&#038;p=678"},"modified":"2025-04-08T21:25:58","modified_gmt":"2025-04-08T21:25:58","slug":"basurero-pellaifa","status":"publish","type":"product","link":"https:\/\/presur.cl\/?product=basurero-pellaifa","title":{"rendered":"BASURERO PELLAIFA"},"content":{"rendered":"<p><strong>MATERIAL:<\/strong> Hormig\u00f3n gran\u00edtico<\/p>\n<p><strong>ESTRUCTURA<\/strong>: Monolito armado<\/p>\n<p><strong>TERMINACI\u00d3N:<\/strong> Gran\u00edtico pulido<\/p>\n<p><strong>INSTALACI\u00d3N:<\/strong> Anclado con esp\u00e1rragos<\/p>\n<p><strong>PESO:<\/strong> 200 Kg.<\/p>\n<p><strong>DIMENSIONES<\/strong>: 57 x 54 x 70h Apr\u00f3x.<\/p>\n<p><a href=\"https:\/\/presur.cl\/wp-content\/uploads\/2022\/11\/BASURERO-PELLAIFA-1.pdf\">ESPECIFICACI\u00d3N T\u00c9CNICA_BASURERO PELLAIFA<\/a><\/p>\n","protected":false},"excerpt":{"rendered":"<p>MATERIAL: Hormig\u00f3n gran\u00edtico ESTRUCTURA: Monolito armado TERMINACI\u00d3N: Gran\u00edtico pulido INSTALACI\u00d3N: Anclado con esp\u00e1rragos PESO: 200 Kg. DIMENSIONES: 57 x 54 x 70h Apr\u00f3x. ESPECIFICACI\u00d3N T\u00c9CNICA_BASURERO PELLAIFA<\/p>\n","protected":false},"featured_media":680,"template":"","meta":{"jetpack_publicize_message":"","jetpack_is_tweetstorm":false,"jetpack_publicize_feature_enabled":true,"jetpack_social_post_already_shared":false,"jetpack_social_options":{"image_generator_settings":{"template":"highway","enabled":false}}},"product_cat":[27],"product_tag":[],"jetpack_publicize_connections":[],"jetpack_sharing_enabled":true,"_links":{"self":[{"href":"https:\/\/presur.cl\/index.php?rest_route=\/wp\/v2\/product\/678"}],"collection":[{"href":"https:\/\/presur.cl\/index.php?rest_route=\/wp\/v2\/product"}],"about":[{"href":"https:\/\/presur.cl\/index.php?rest_route=\/wp\/v2\/types\/product"}],"version-history":[{"count":2,"href":"https:\/\/presur.cl\/index.php?rest_route=\/wp\/v2\/product\/678\/revisions"}],"predecessor-version":[{"id":2691,"href":"https:\/\/presur.cl\/index.php?rest_route=\/wp\/v2\/product\/678\/revisions\/2691"}],"wp:featuredmedia":[{"embeddable":true,"href":"https:\/\/presur.cl\/index.php?rest_route=\/wp\/v2\/media\/680"}],"wp:attachment":[{"href":"https:\/\/presur.cl\/index.php?rest_route=%2Fwp%2Fv2%2Fmedia&parent=678"}],"wp:term":[{"taxonomy":"product_cat","embeddable":true,"href":"https:\/\/presur.cl\/index.php?rest_route=%2Fwp%2Fv2%2Fproduct_cat&post=678"},{"taxonomy":"product_tag","embeddable":true,"href":"https:\/\/presur.cl\/index.php?rest_route=%2Fwp%2Fv2%2Fproduct_tag&post=678"}],"curies":[{"name":"wp","href":"https:\/\/api.w.org\/{rel}","templated":true}]}}