{"id":687,"date":"2022-11-21T02:28:25","date_gmt":"2022-11-21T02:28:25","guid":{"rendered":"https:\/\/presur.cl\/?post_type=product&#038;p=687"},"modified":"2025-08-06T01:38:57","modified_gmt":"2025-08-06T01:38:57","slug":"basurero-reciclable-tipo-2","status":"publish","type":"product","link":"https:\/\/presur.cl\/?product=basurero-reciclable-tipo-2","title":{"rendered":"BASURERO INDIVIDUAL RECICLABLE TIPO2"},"content":{"rendered":"<p><strong>MATERIAL:<\/strong> Hormig\u00f3n gran\u00edtico<\/p>\n<p><strong>ESTRUCTURA<\/strong>: Monolito armado<\/p>\n<p><strong>TERMINACI\u00d3N:<\/strong> Gran\u00edtico pulido\/liso<\/p>\n<p><strong>INSTALACI\u00d3N:<\/strong> Anclado con esp\u00e1rragos<\/p>\n<p><strong>PESO:<\/strong> 100 Kg.<\/p>\n<p><strong>DIMENSIONES<\/strong>: 55 x 53 x 105h\u00a0Apr\u00f3x.<\/p>\n<p><a href=\"https:\/\/presur.cl\/wp-content\/uploads\/2022\/11\/BASURERO-RECICLABLE-INDIVIDUAL.pdf\">ESPECIFICACI\u00d3N T\u00c9CNICA_BASURERO RECICLABLE INDIVIDUAL TIPO 2<\/a><\/p>\n","protected":false},"excerpt":{"rendered":"<p>MATERIAL: Hormig\u00f3n gran\u00edtico ESTRUCTURA: Monolito armado TERMINACI\u00d3N: Gran\u00edtico pulido\/liso INSTALACI\u00d3N: Anclado con esp\u00e1rragos PESO: 100 Kg. DIMENSIONES: 55 x 53 x 105h\u00a0Apr\u00f3x. ESPECIFICACI\u00d3N T\u00c9CNICA_BASURERO RECICLABLE INDIVIDUAL TIPO 2<\/p>\n","protected":false},"featured_media":689,"template":"","meta":{"jetpack_publicize_message":"","jetpack_is_tweetstorm":false,"jetpack_publicize_feature_enabled":true,"jetpack_social_post_already_shared":false,"jetpack_social_options":{"image_generator_settings":{"template":"highway","enabled":false}}},"product_cat":[27],"product_tag":[],"jetpack_publicize_connections":[],"jetpack_sharing_enabled":true,"_links":{"self":[{"href":"https:\/\/presur.cl\/index.php?rest_route=\/wp\/v2\/product\/687"}],"collection":[{"href":"https:\/\/presur.cl\/index.php?rest_route=\/wp\/v2\/product"}],"about":[{"href":"https:\/\/presur.cl\/index.php?rest_route=\/wp\/v2\/types\/product"}],"version-history":[{"count":5,"href":"https:\/\/presur.cl\/index.php?rest_route=\/wp\/v2\/product\/687\/revisions"}],"predecessor-version":[{"id":3218,"href":"https:\/\/presur.cl\/index.php?rest_route=\/wp\/v2\/product\/687\/revisions\/3218"}],"wp:featuredmedia":[{"embeddable":true,"href":"https:\/\/presur.cl\/index.php?rest_route=\/wp\/v2\/media\/689"}],"wp:attachment":[{"href":"https:\/\/presur.cl\/index.php?rest_route=%2Fwp%2Fv2%2Fmedia&parent=687"}],"wp:term":[{"taxonomy":"product_cat","embeddable":true,"href":"https:\/\/presur.cl\/index.php?rest_route=%2Fwp%2Fv2%2Fproduct_cat&post=687"},{"taxonomy":"product_tag","embeddable":true,"href":"https:\/\/presur.cl\/index.php?rest_route=%2Fwp%2Fv2%2Fproduct_tag&post=687"}],"curies":[{"name":"wp","href":"https:\/\/api.w.org\/{rel}","templated":true}]}}