{"id":690,"date":"2022-11-21T02:31:46","date_gmt":"2022-11-21T02:31:46","guid":{"rendered":"https:\/\/presur.cl\/?post_type=product&#038;p=690"},"modified":"2024-05-13T15:48:52","modified_gmt":"2024-05-13T15:48:52","slug":"690","status":"publish","type":"product","link":"https:\/\/presur.cl\/?product=690","title":{"rendered":"BASURERO RECICLABLE TRIPLE"},"content":{"rendered":"<p><strong>MATERIAL:<\/strong> Hormig\u00f3n gran\u00edtico y Acero<\/p>\n<p><strong>ESTRUCTURA<\/strong>: Monolito armado<\/p>\n<p><strong>TERMINACI\u00d3N:<\/strong> Gran\u00edtico pulido<\/p>\n<p><strong>INSTALACI\u00d3N:<\/strong> Anclado con esp\u00e1rragos<\/p>\n<p><strong>PESO:<\/strong> 350 Kg.<\/p>\n<p><strong>DIMENSIONES<\/strong>: 150x 53 x 110h Apr\u00f3x.<\/p>\n<p><a href=\"https:\/\/presur.cl\/wp-content\/uploads\/2022\/11\/BASURERO-RECICLABLE-TRIPLE-1.pdf\">ESPECIFICACI\u00d3N T\u00c9CNICA_BASURERO RECICLABLE TRIPLE<\/a><\/p>\n","protected":false},"excerpt":{"rendered":"<p>MATERIAL: Hormig\u00f3n gran\u00edtico y Acero ESTRUCTURA: Monolito armado TERMINACI\u00d3N: Gran\u00edtico pulido INSTALACI\u00d3N: Anclado con esp\u00e1rragos PESO: 350 Kg. DIMENSIONES: 150x 53 x 110h Apr\u00f3x. ESPECIFICACI\u00d3N T\u00c9CNICA_BASURERO RECICLABLE TRIPLE<\/p>\n","protected":false},"featured_media":692,"template":"","meta":{"jetpack_publicize_message":"","jetpack_is_tweetstorm":false,"jetpack_publicize_feature_enabled":true,"jetpack_social_post_already_shared":false,"jetpack_social_options":{"image_generator_settings":{"template":"highway","enabled":false}}},"product_cat":[27],"product_tag":[],"jetpack_publicize_connections":[],"jetpack_sharing_enabled":true,"_links":{"self":[{"href":"https:\/\/presur.cl\/index.php?rest_route=\/wp\/v2\/product\/690"}],"collection":[{"href":"https:\/\/presur.cl\/index.php?rest_route=\/wp\/v2\/product"}],"about":[{"href":"https:\/\/presur.cl\/index.php?rest_route=\/wp\/v2\/types\/product"}],"version-history":[{"count":3,"href":"https:\/\/presur.cl\/index.php?rest_route=\/wp\/v2\/product\/690\/revisions"}],"predecessor-version":[{"id":2680,"href":"https:\/\/presur.cl\/index.php?rest_route=\/wp\/v2\/product\/690\/revisions\/2680"}],"wp:featuredmedia":[{"embeddable":true,"href":"https:\/\/presur.cl\/index.php?rest_route=\/wp\/v2\/media\/692"}],"wp:attachment":[{"href":"https:\/\/presur.cl\/index.php?rest_route=%2Fwp%2Fv2%2Fmedia&parent=690"}],"wp:term":[{"taxonomy":"product_cat","embeddable":true,"href":"https:\/\/presur.cl\/index.php?rest_route=%2Fwp%2Fv2%2Fproduct_cat&post=690"},{"taxonomy":"product_tag","embeddable":true,"href":"https:\/\/presur.cl\/index.php?rest_route=%2Fwp%2Fv2%2Fproduct_tag&post=690"}],"curies":[{"name":"wp","href":"https:\/\/api.w.org\/{rel}","templated":true}]}}