{"id":693,"date":"2022-11-21T02:37:27","date_gmt":"2022-11-21T02:37:27","guid":{"rendered":"https:\/\/presur.cl\/?post_type=product&#038;p=693"},"modified":"2025-10-06T16:57:40","modified_gmt":"2025-10-06T16:57:40","slug":"basurero-redondo-bio-sustentable","status":"publish","type":"product","link":"https:\/\/presur.cl\/?product=basurero-redondo-bio-sustentable","title":{"rendered":"BASURERO REDONDO BIO SUSTENTABLE"},"content":{"rendered":"<p><strong>MATERIAL: A<\/strong>cero y madera nativa o biopolim\u00e9rica<\/p>\n<p><strong>ESTRUCTURA<\/strong>: Met\u00e1lica<\/p>\n<p><strong>TERMINACI\u00d3N:<\/strong> &#8211;<\/p>\n<p><strong>INSTALACI\u00d3N:<\/strong> Anclado con esp\u00e1rragos<\/p>\n<p><strong>PESO:<\/strong> 35 Kg.<\/p>\n<p><strong>DIMENSIONES<\/strong>: D40 x 120h Apr\u00f3x.<\/p>\n<p><strong>OPCIONALES: <\/strong>Caf\u00e9\/plomo<\/p>\n<p><a href=\"https:\/\/presur.cl\/wp-content\/uploads\/2022\/11\/BASURERO-REDONDO-BIO-SUSTENTABLE-3.pdf\">ESPECIFICACI\u00d2N T\u00c9CNICA_BASURERO REDONDO BIO SUSTENTABLE<\/a><\/p>\n","protected":false},"excerpt":{"rendered":"<p>MATERIAL: Acero y madera nativa o biopolim\u00e9rica ESTRUCTURA: Met\u00e1lica TERMINACI\u00d3N: &#8211; INSTALACI\u00d3N: Anclado con esp\u00e1rragos PESO: 35 Kg. DIMENSIONES: D40 x 120h Apr\u00f3x. OPCIONALES: Caf\u00e9\/plomo ESPECIFICACI\u00d2N T\u00c9CNICA_BASURERO REDONDO BIO SUSTENTABLE<\/p>\n","protected":false},"featured_media":695,"template":"","meta":{"jetpack_publicize_message":"","jetpack_is_tweetstorm":false,"jetpack_publicize_feature_enabled":true,"jetpack_social_post_already_shared":false,"jetpack_social_options":{"image_generator_settings":{"template":"highway","enabled":false}}},"product_cat":[27],"product_tag":[],"jetpack_publicize_connections":[],"jetpack_sharing_enabled":true,"_links":{"self":[{"href":"https:\/\/presur.cl\/index.php?rest_route=\/wp\/v2\/product\/693"}],"collection":[{"href":"https:\/\/presur.cl\/index.php?rest_route=\/wp\/v2\/product"}],"about":[{"href":"https:\/\/presur.cl\/index.php?rest_route=\/wp\/v2\/types\/product"}],"version-history":[{"count":4,"href":"https:\/\/presur.cl\/index.php?rest_route=\/wp\/v2\/product\/693\/revisions"}],"predecessor-version":[{"id":3313,"href":"https:\/\/presur.cl\/index.php?rest_route=\/wp\/v2\/product\/693\/revisions\/3313"}],"wp:featuredmedia":[{"embeddable":true,"href":"https:\/\/presur.cl\/index.php?rest_route=\/wp\/v2\/media\/695"}],"wp:attachment":[{"href":"https:\/\/presur.cl\/index.php?rest_route=%2Fwp%2Fv2%2Fmedia&parent=693"}],"wp:term":[{"taxonomy":"product_cat","embeddable":true,"href":"https:\/\/presur.cl\/index.php?rest_route=%2Fwp%2Fv2%2Fproduct_cat&post=693"},{"taxonomy":"product_tag","embeddable":true,"href":"https:\/\/presur.cl\/index.php?rest_route=%2Fwp%2Fv2%2Fproduct_tag&post=693"}],"curies":[{"name":"wp","href":"https:\/\/api.w.org\/{rel}","templated":true}]}}