{"id":696,"date":"2022-11-21T02:47:00","date_gmt":"2022-11-21T02:47:00","guid":{"rendered":"https:\/\/presur.cl\/?post_type=product&#038;p=696"},"modified":"2025-02-04T12:32:44","modified_gmt":"2025-02-04T12:32:44","slug":"basurero-redondo-con-tapa-metalica","status":"publish","type":"product","link":"https:\/\/presur.cl\/?product=basurero-redondo-con-tapa-metalica","title":{"rendered":"BASURERO REDONDO CON TAPA MET\u00c1LICA"},"content":{"rendered":"<p><strong>MATERIAL:<\/strong> Acero laminado<\/p>\n<p><strong>ESTRUCTURA<\/strong>: Met\u00e1lica<\/p>\n<p><strong>TERMINACI\u00d3N:<\/strong> Gran\u00edtico pulido\/ Liso<\/p>\n<p><strong>INSTALACI\u00d3N:<\/strong> Anclado con esp\u00e1rragos<\/p>\n<p><strong>PESO:<\/strong> 190 Kg.<\/p>\n<p><strong>DIMENSIONES<\/strong>: 48 x 80h Apr\u00f3x.<\/p>\n<p><em><strong><a href=\"https:\/\/presur.cl\/wp-content\/uploads\/2022\/11\/BASURERO-REDONDO-CON-TAPA-METALICA-2.pdf\">ESPECIFICACI\u00d3N T\u00c9CNICA BASURERO REDONDO CON TAPA METALICA<\/a><\/strong><\/em><\/p>\n","protected":false},"excerpt":{"rendered":"<p>MATERIAL: Acero laminado ESTRUCTURA: Met\u00e1lica TERMINACI\u00d3N: Gran\u00edtico pulido\/ Liso INSTALACI\u00d3N: Anclado con esp\u00e1rragos PESO: 190 Kg. DIMENSIONES: 48 x 80h Apr\u00f3x. ESPECIFICACI\u00d3N T\u00c9CNICA BASURERO REDONDO CON TAPA METALICA<\/p>\n","protected":false},"featured_media":1066,"template":"","meta":{"jetpack_publicize_message":"","jetpack_is_tweetstorm":false,"jetpack_publicize_feature_enabled":true,"jetpack_social_post_already_shared":false,"jetpack_social_options":{"image_generator_settings":{"template":"highway","enabled":false}}},"product_cat":[27],"product_tag":[],"jetpack_publicize_connections":[],"jetpack_sharing_enabled":true,"_links":{"self":[{"href":"https:\/\/presur.cl\/index.php?rest_route=\/wp\/v2\/product\/696"}],"collection":[{"href":"https:\/\/presur.cl\/index.php?rest_route=\/wp\/v2\/product"}],"about":[{"href":"https:\/\/presur.cl\/index.php?rest_route=\/wp\/v2\/types\/product"}],"version-history":[{"count":5,"href":"https:\/\/presur.cl\/index.php?rest_route=\/wp\/v2\/product\/696\/revisions"}],"predecessor-version":[{"id":3001,"href":"https:\/\/presur.cl\/index.php?rest_route=\/wp\/v2\/product\/696\/revisions\/3001"}],"wp:featuredmedia":[{"embeddable":true,"href":"https:\/\/presur.cl\/index.php?rest_route=\/wp\/v2\/media\/1066"}],"wp:attachment":[{"href":"https:\/\/presur.cl\/index.php?rest_route=%2Fwp%2Fv2%2Fmedia&parent=696"}],"wp:term":[{"taxonomy":"product_cat","embeddable":true,"href":"https:\/\/presur.cl\/index.php?rest_route=%2Fwp%2Fv2%2Fproduct_cat&post=696"},{"taxonomy":"product_tag","embeddable":true,"href":"https:\/\/presur.cl\/index.php?rest_route=%2Fwp%2Fv2%2Fproduct_tag&post=696"}],"curies":[{"name":"wp","href":"https:\/\/api.w.org\/{rel}","templated":true}]}}