{"id":703,"date":"2022-11-21T03:34:34","date_gmt":"2022-11-21T03:34:34","guid":{"rendered":"https:\/\/presur.cl\/?post_type=product&#038;p=703"},"modified":"2025-09-04T16:47:35","modified_gmt":"2025-09-04T16:47:35","slug":"bebedero-alar","status":"publish","type":"product","link":"https:\/\/presur.cl\/?product=bebedero-alar","title":{"rendered":"BEBEDERO ALAR"},"content":{"rendered":"<p><strong>MATERIAL:<\/strong> Pl\u00e1stico reciclado y acero laminado<\/p>\n<p><strong>ESTRUCTURA<\/strong>: Met\u00e1lica<\/p>\n<p><strong>TERMINACI\u00d3N:<\/strong> Gran\u00edtico pulido\/ liso<\/p>\n<p><strong>INSTALACI\u00d3N:<\/strong> Anclado con esp\u00e1rragos<\/p>\n<p><strong>PESO:<\/strong> 250 Kg.<\/p>\n<p><strong>DIMENSIONES<\/strong>: 180 x 20 x 120h Apr\u00f3x.<\/p>\n<p><a href=\"https:\/\/presur.cl\/wp-content\/uploads\/2022\/11\/BEBEDERO-ALAR.pdf\">ESPECIFICACI\u00d3N T\u00c9CNICA_BEBEDERO ALAR<\/a><\/p>\n","protected":false},"excerpt":{"rendered":"<p>MATERIAL: Pl\u00e1stico reciclado y acero laminado ESTRUCTURA: Met\u00e1lica TERMINACI\u00d3N: Gran\u00edtico pulido\/ liso INSTALACI\u00d3N: Anclado con esp\u00e1rragos PESO: 250 Kg. DIMENSIONES: 180 x 20 x 120h Apr\u00f3x. ESPECIFICACI\u00d3N T\u00c9CNICA_BEBEDERO ALAR<\/p>\n","protected":false},"featured_media":705,"template":"","meta":{"jetpack_publicize_message":"","jetpack_is_tweetstorm":false,"jetpack_publicize_feature_enabled":true,"jetpack_social_post_already_shared":false,"jetpack_social_options":{"image_generator_settings":{"template":"highway","enabled":false}}},"product_cat":[28],"product_tag":[],"jetpack_publicize_connections":[],"jetpack_sharing_enabled":true,"_links":{"self":[{"href":"https:\/\/presur.cl\/index.php?rest_route=\/wp\/v2\/product\/703"}],"collection":[{"href":"https:\/\/presur.cl\/index.php?rest_route=\/wp\/v2\/product"}],"about":[{"href":"https:\/\/presur.cl\/index.php?rest_route=\/wp\/v2\/types\/product"}],"version-history":[{"count":2,"href":"https:\/\/presur.cl\/index.php?rest_route=\/wp\/v2\/product\/703\/revisions"}],"predecessor-version":[{"id":2711,"href":"https:\/\/presur.cl\/index.php?rest_route=\/wp\/v2\/product\/703\/revisions\/2711"}],"wp:featuredmedia":[{"embeddable":true,"href":"https:\/\/presur.cl\/index.php?rest_route=\/wp\/v2\/media\/705"}],"wp:attachment":[{"href":"https:\/\/presur.cl\/index.php?rest_route=%2Fwp%2Fv2%2Fmedia&parent=703"}],"wp:term":[{"taxonomy":"product_cat","embeddable":true,"href":"https:\/\/presur.cl\/index.php?rest_route=%2Fwp%2Fv2%2Fproduct_cat&post=703"},{"taxonomy":"product_tag","embeddable":true,"href":"https:\/\/presur.cl\/index.php?rest_route=%2Fwp%2Fv2%2Fproduct_tag&post=703"}],"curies":[{"name":"wp","href":"https:\/\/api.w.org\/{rel}","templated":true}]}}