{"id":739,"date":"2022-11-21T20:53:44","date_gmt":"2022-11-21T20:53:44","guid":{"rendered":"https:\/\/presur.cl\/?post_type=product&#038;p=739"},"modified":"2024-05-13T16:14:12","modified_gmt":"2024-05-13T16:14:12","slug":"jardinera-loncoche-l1","status":"publish","type":"product","link":"https:\/\/presur.cl\/?product=jardinera-loncoche-l1","title":{"rendered":"JARDINERA LONCOCHE L1"},"content":{"rendered":"<p><strong><span lang=\"ES\">MATERIAL:<\/span><\/strong><span lang=\"ES\"> Hormig\u00f3n gran\u00edtico<\/span><\/p>\n<p><strong><span lang=\"ES\">ESTRUCTURA<\/span><\/strong><span lang=\"ES\">: Monolito armado<\/span><\/p>\n<p><strong><span lang=\"ES\">TERMINACI\u00d3N:<\/span><\/strong><span lang=\"ES\"> Gran\u00edtico pulido\/ liso<\/span><\/p>\n<p><strong><span lang=\"ES\">INSTALACI\u00d3N:<\/span><\/strong><span lang=\"ES\"> Anclado con esp\u00e1rragos<\/span><\/p>\n<p><strong><span lang=\"ES\">PESO:<\/span><\/strong><span lang=\"ES\"> 107 Kg.<\/span><\/p>\n<p><strong><span lang=\"ES\">DIMENSIONES<\/span><\/strong><span lang=\"ES\">: 40 x 40 x 43h Apr\u00f3x.<\/span><\/p>\n<p><a href=\"https:\/\/presur.cl\/wp-content\/uploads\/2022\/11\/JARDINERA-LONCOCHE-L1.pdf\">ESPECIFICACI\u00d3N T\u00c9CNICA_JARDINERA LONCOCHE L1<\/a><\/p>\n","protected":false},"excerpt":{"rendered":"<p>MATERIAL: Hormig\u00f3n gran\u00edtico ESTRUCTURA: Monolito armado TERMINACI\u00d3N: Gran\u00edtico pulido\/ liso INSTALACI\u00d3N: Anclado con esp\u00e1rragos PESO: 107 Kg. DIMENSIONES: 40 x 40 x 43h Apr\u00f3x. ESPECIFICACI\u00d3N T\u00c9CNICA_JARDINERA LONCOCHE L1<\/p>\n","protected":false},"featured_media":741,"template":"","meta":{"jetpack_publicize_message":"","jetpack_is_tweetstorm":false,"jetpack_publicize_feature_enabled":true,"jetpack_social_post_already_shared":false,"jetpack_social_options":{"image_generator_settings":{"template":"highway","enabled":false}}},"product_cat":[29],"product_tag":[],"jetpack_publicize_connections":[],"jetpack_sharing_enabled":true,"_links":{"self":[{"href":"https:\/\/presur.cl\/index.php?rest_route=\/wp\/v2\/product\/739"}],"collection":[{"href":"https:\/\/presur.cl\/index.php?rest_route=\/wp\/v2\/product"}],"about":[{"href":"https:\/\/presur.cl\/index.php?rest_route=\/wp\/v2\/types\/product"}],"version-history":[{"count":2,"href":"https:\/\/presur.cl\/index.php?rest_route=\/wp\/v2\/product\/739\/revisions"}],"predecessor-version":[{"id":2725,"href":"https:\/\/presur.cl\/index.php?rest_route=\/wp\/v2\/product\/739\/revisions\/2725"}],"wp:featuredmedia":[{"embeddable":true,"href":"https:\/\/presur.cl\/index.php?rest_route=\/wp\/v2\/media\/741"}],"wp:attachment":[{"href":"https:\/\/presur.cl\/index.php?rest_route=%2Fwp%2Fv2%2Fmedia&parent=739"}],"wp:term":[{"taxonomy":"product_cat","embeddable":true,"href":"https:\/\/presur.cl\/index.php?rest_route=%2Fwp%2Fv2%2Fproduct_cat&post=739"},{"taxonomy":"product_tag","embeddable":true,"href":"https:\/\/presur.cl\/index.php?rest_route=%2Fwp%2Fv2%2Fproduct_tag&post=739"}],"curies":[{"name":"wp","href":"https:\/\/api.w.org\/{rel}","templated":true}]}}