{"id":756,"date":"2022-11-21T21:14:03","date_gmt":"2022-11-21T21:14:03","guid":{"rendered":"https:\/\/presur.cl\/?post_type=product&#038;p=756"},"modified":"2025-11-21T14:21:38","modified_gmt":"2025-11-21T14:21:38","slug":"jardinera-presur-900-circular","status":"publish","type":"product","link":"https:\/\/presur.cl\/?product=jardinera-presur-900-circular","title":{"rendered":"JARDINERA PRESUR 900 CIRCULAR"},"content":{"rendered":"<p><strong><span lang=\"ES\">MATERIAL:<\/span><\/strong><span lang=\"ES\"> Hormig\u00f3n gran\u00edtico<\/span><\/p>\n<p><strong><span lang=\"ES\">ESTRUCTURA<\/span><\/strong><span lang=\"ES\">: Monolito armado<\/span><\/p>\n<p><strong><span lang=\"ES\">TERMINACI\u00d3N:<\/span><\/strong><span lang=\"ES\"> Gran\u00edtico pulido\/ liso<\/span><\/p>\n<p><strong><span lang=\"ES\">INSTALACI\u00d3N:<\/span><\/strong><span lang=\"ES\"> Anclado con esp\u00e1rragos<\/span><\/p>\n<p><strong><span lang=\"ES\">PESO:<\/span><\/strong><span lang=\"ES\"> 350 Kg.<\/span><\/p>\n<p><strong><span lang=\"ES\">DIMENSIONES<\/span><\/strong><span lang=\"ES\">: D90 x 45h Apr\u00f3x.<\/span><\/p>\n<p><a href=\"https:\/\/presur.cl\/wp-content\/uploads\/2022\/11\/JARDINERA-PRESUR-900-CIRCULAR-1.pdf\">ESPECIFICACI\u00d3N T\u00c9CNICAJARDINERA-PRESUR-900-CIRCULAR<\/a><\/p>\n","protected":false},"excerpt":{"rendered":"<p>MATERIAL: Hormig\u00f3n gran\u00edtico ESTRUCTURA: Monolito armado TERMINACI\u00d3N: Gran\u00edtico pulido\/ liso INSTALACI\u00d3N: Anclado con esp\u00e1rragos PESO: 350 Kg. DIMENSIONES: D90 x 45h Apr\u00f3x. ESPECIFICACI\u00d3N T\u00c9CNICAJARDINERA-PRESUR-900-CIRCULAR<\/p>\n","protected":false},"featured_media":758,"template":"","meta":{"jetpack_publicize_message":"","jetpack_is_tweetstorm":false,"jetpack_publicize_feature_enabled":true,"jetpack_social_post_already_shared":false,"jetpack_social_options":{"image_generator_settings":{"template":"highway","enabled":false}}},"product_cat":[29],"product_tag":[],"jetpack_publicize_connections":[],"jetpack_sharing_enabled":true,"_links":{"self":[{"href":"https:\/\/presur.cl\/index.php?rest_route=\/wp\/v2\/product\/756"}],"collection":[{"href":"https:\/\/presur.cl\/index.php?rest_route=\/wp\/v2\/product"}],"about":[{"href":"https:\/\/presur.cl\/index.php?rest_route=\/wp\/v2\/types\/product"}],"version-history":[{"count":4,"href":"https:\/\/presur.cl\/index.php?rest_route=\/wp\/v2\/product\/756\/revisions"}],"predecessor-version":[{"id":3358,"href":"https:\/\/presur.cl\/index.php?rest_route=\/wp\/v2\/product\/756\/revisions\/3358"}],"wp:featuredmedia":[{"embeddable":true,"href":"https:\/\/presur.cl\/index.php?rest_route=\/wp\/v2\/media\/758"}],"wp:attachment":[{"href":"https:\/\/presur.cl\/index.php?rest_route=%2Fwp%2Fv2%2Fmedia&parent=756"}],"wp:term":[{"taxonomy":"product_cat","embeddable":true,"href":"https:\/\/presur.cl\/index.php?rest_route=%2Fwp%2Fv2%2Fproduct_cat&post=756"},{"taxonomy":"product_tag","embeddable":true,"href":"https:\/\/presur.cl\/index.php?rest_route=%2Fwp%2Fv2%2Fproduct_tag&post=756"}],"curies":[{"name":"wp","href":"https:\/\/api.w.org\/{rel}","templated":true}]}}