{"id":768,"date":"2022-11-21T21:27:42","date_gmt":"2022-11-21T21:27:42","guid":{"rendered":"https:\/\/presur.cl\/?post_type=product&#038;p=768"},"modified":"2024-10-02T20:41:18","modified_gmt":"2024-10-02T20:41:18","slug":"jardinera-presur-asiento-d200-2-piezas","status":"publish","type":"product","link":"https:\/\/presur.cl\/?product=jardinera-presur-asiento-d200-2-piezas","title":{"rendered":"JARDINERA PRESUR ASIENTO D200 2 PIEZAS"},"content":{"rendered":"<p><strong><span lang=\"ES\">MATERIAL:<\/span><\/strong><span lang=\"ES\"> Hormig\u00f3n gran\u00edtico<\/span><\/p>\n<p><strong><span lang=\"ES\">ESTRUCTURA<\/span><\/strong><span lang=\"ES\">: Monolito armado<\/span><\/p>\n<p><strong><span lang=\"ES\">TERMINACI\u00d3N:<\/span><\/strong><span lang=\"ES\"> Gran\u00edtico pulido\/ liso<\/span><\/p>\n<p><strong><span lang=\"ES\">INSTALACI\u00d3N:<\/span><\/strong><span lang=\"ES\"> Anclado con esp\u00e1rragos<\/span><\/p>\n<p><strong><span lang=\"ES\">PESO:<\/span><\/strong><span lang=\"ES\"> 1290 Kg.<\/span><\/p>\n<p><strong><span lang=\"ES\">DIMENSIONES<\/span><\/strong><span lang=\"ES\">: D200 x 45h Apr\u00f3x.<\/span><\/p>\n<p><a href=\"https:\/\/presur.cl\/wp-content\/uploads\/2022\/11\/JARDINERA-PRESUR-ASIENTO-D200-2-PIEZAS-1.pdf\">ESPECIFICACI\u00d3N T\u00c9CNICA_JARDINERA PRESUR ASIENTO D200 2 PIEZAS<\/a><\/p>\n","protected":false},"excerpt":{"rendered":"<p>MATERIAL: Hormig\u00f3n gran\u00edtico ESTRUCTURA: Monolito armado TERMINACI\u00d3N: Gran\u00edtico pulido\/ liso INSTALACI\u00d3N: Anclado con esp\u00e1rragos PESO: 1290 Kg. DIMENSIONES: D200 x 45h Apr\u00f3x. ESPECIFICACI\u00d3N T\u00c9CNICA_JARDINERA PRESUR ASIENTO D200 2 PIEZAS<\/p>\n","protected":false},"featured_media":766,"template":"","meta":{"jetpack_publicize_message":"","jetpack_is_tweetstorm":false,"jetpack_publicize_feature_enabled":true,"jetpack_social_post_already_shared":false,"jetpack_social_options":{"image_generator_settings":{"template":"highway","enabled":false}}},"product_cat":[29],"product_tag":[],"jetpack_publicize_connections":[],"jetpack_sharing_enabled":true,"_links":{"self":[{"href":"https:\/\/presur.cl\/index.php?rest_route=\/wp\/v2\/product\/768"}],"collection":[{"href":"https:\/\/presur.cl\/index.php?rest_route=\/wp\/v2\/product"}],"about":[{"href":"https:\/\/presur.cl\/index.php?rest_route=\/wp\/v2\/types\/product"}],"version-history":[{"count":4,"href":"https:\/\/presur.cl\/index.php?rest_route=\/wp\/v2\/product\/768\/revisions"}],"predecessor-version":[{"id":2860,"href":"https:\/\/presur.cl\/index.php?rest_route=\/wp\/v2\/product\/768\/revisions\/2860"}],"wp:featuredmedia":[{"embeddable":true,"href":"https:\/\/presur.cl\/index.php?rest_route=\/wp\/v2\/media\/766"}],"wp:attachment":[{"href":"https:\/\/presur.cl\/index.php?rest_route=%2Fwp%2Fv2%2Fmedia&parent=768"}],"wp:term":[{"taxonomy":"product_cat","embeddable":true,"href":"https:\/\/presur.cl\/index.php?rest_route=%2Fwp%2Fv2%2Fproduct_cat&post=768"},{"taxonomy":"product_tag","embeddable":true,"href":"https:\/\/presur.cl\/index.php?rest_route=%2Fwp%2Fv2%2Fproduct_tag&post=768"}],"curies":[{"name":"wp","href":"https:\/\/api.w.org\/{rel}","templated":true}]}}