{"id":771,"date":"2022-11-21T21:33:37","date_gmt":"2022-11-21T21:33:37","guid":{"rendered":"https:\/\/presur.cl\/?post_type=product&#038;p=771"},"modified":"2024-05-13T16:07:37","modified_gmt":"2024-05-13T16:07:37","slug":"jardinera-presur-cubo-50x50","status":"publish","type":"product","link":"https:\/\/presur.cl\/?product=jardinera-presur-cubo-50x50","title":{"rendered":"JARDINERA PRESUR CUBO"},"content":{"rendered":"<p><strong><span lang=\"ES\">MATERIAL:<\/span><\/strong><span lang=\"ES\"> Hormig\u00f3n gran\u00edtico<\/span><\/p>\n<p><strong><span lang=\"ES\">ESTRUCTURA<\/span><\/strong><span lang=\"ES\">: Monolito armado<\/span><\/p>\n<p><strong><span lang=\"ES\">TERMINACI\u00d3N:<\/span><\/strong><span lang=\"ES\"> Gran\u00edtico pulido\/ liso<\/span><\/p>\n<p><strong><span lang=\"ES\">INSTALACI\u00d3N:<\/span><\/strong><span lang=\"ES\"> Anclado con esp\u00e1rragos<\/span><\/p>\n<p>&nbsp;<\/p>\n<p><strong><span lang=\"ES\">DIMENSIONES JARDINERA PRESUR CUBO 50X50<\/span><\/strong><span lang=\"ES\">: 50 x 50 x 50h Apr\u00f3x , <strong>PESO:<\/strong>200 Kg.<\/span><\/p>\n<p><a href=\"https:\/\/presur.cl\/wp-content\/uploads\/2022\/11\/JARDINERA-PRESUR-CUBO-50X50.pdf\">ESPECIFICACI\u00d3N T\u00c9CNICA_JARDINERA PRESUR CUBO 50X50<\/a><\/p>\n<p>&nbsp;<\/p>\n<p><strong><span lang=\"ES\">DIMENSIONES JARDINERA PRESUR CUBO 60X60 <\/span><\/strong><span lang=\"ES\">: 60 x 60 x 60h Apr\u00f3x , <strong>PESO:<\/strong> 290 Kg.<\/span><\/p>\n<p><a href=\"https:\/\/presur.cl\/wp-content\/uploads\/2022\/11\/JARDINERA-PRESUR-CUBO-60X60.pdf\">ESPECIFICACI\u00d3N T\u00c9CNICA_JARDINERA PRESUR CUBO 60X60<\/a><\/p>\n<p>&nbsp;<\/p>\n<p><strong><span lang=\"ES\">DIMENSIONES JARDINERA PRESUR CUBO <\/span><\/strong><span lang=\"ES\">: 70 x 70 x 70h Apr\u00f3x. <strong>PESO:<\/strong>380 Kg.<\/span><\/p>\n<p><a href=\"https:\/\/presur.cl\/wp-content\/uploads\/2022\/11\/JARDINERA-PRESUR-CUBO-70X70-1.pdf\">ESPECIFICACI\u00d3N T\u00c9CNICA_JARDINERA PRESUR CUBO 70X70<\/a><\/p>\n<p>&nbsp;<\/p>\n<p><strong><span lang=\"ES\">DIMENSIONES JARDINERA PRESUR CUBO <\/span><\/strong><span lang=\"ES\">: 80 x 80 x 80h Apr\u00f3x. <strong>PESO:<\/strong>525 Kg.<\/span><\/p>\n<p><a href=\"https:\/\/presur.cl\/wp-content\/uploads\/2022\/11\/JARDINERA-PRESUR-CUBO-80X80.pdf\">ESPECIFICACI\u00d3N T\u00c9CNICA_JARDINERA PRESUR CUBO 80X80<\/a><\/p>\n","protected":false},"excerpt":{"rendered":"<p>MATERIAL: Hormig\u00f3n gran\u00edtico ESTRUCTURA: Monolito armado TERMINACI\u00d3N: Gran\u00edtico pulido\/ liso INSTALACI\u00d3N: Anclado con esp\u00e1rragos &nbsp; DIMENSIONES JARDINERA PRESUR CUBO 50X50: 50 x 50 x 50h Apr\u00f3x , PESO:200 Kg. ESPECIFICACI\u00d3N T\u00c9CNICA_JARDINERA PRESUR CUBO 50X50 &nbsp; DIMENSIONES JARDINERA PRESUR CUBO 60X60 : 60 x 60 x 60h Apr\u00f3x , PESO: 290 Kg. ESPECIFICACI\u00d3N T\u00c9CNICA_JARDINERA PRESUR CUBO [&hellip;]<\/p>\n","protected":false},"featured_media":773,"template":"","meta":{"jetpack_publicize_message":"","jetpack_is_tweetstorm":false,"jetpack_publicize_feature_enabled":true,"jetpack_social_post_already_shared":false,"jetpack_social_options":{"image_generator_settings":{"template":"highway","enabled":false}}},"product_cat":[29],"product_tag":[],"jetpack_publicize_connections":[],"jetpack_sharing_enabled":true,"_links":{"self":[{"href":"https:\/\/presur.cl\/index.php?rest_route=\/wp\/v2\/product\/771"}],"collection":[{"href":"https:\/\/presur.cl\/index.php?rest_route=\/wp\/v2\/product"}],"about":[{"href":"https:\/\/presur.cl\/index.php?rest_route=\/wp\/v2\/types\/product"}],"version-history":[{"count":5,"href":"https:\/\/presur.cl\/index.php?rest_route=\/wp\/v2\/product\/771\/revisions"}],"predecessor-version":[{"id":2714,"href":"https:\/\/presur.cl\/index.php?rest_route=\/wp\/v2\/product\/771\/revisions\/2714"}],"wp:featuredmedia":[{"embeddable":true,"href":"https:\/\/presur.cl\/index.php?rest_route=\/wp\/v2\/media\/773"}],"wp:attachment":[{"href":"https:\/\/presur.cl\/index.php?rest_route=%2Fwp%2Fv2%2Fmedia&parent=771"}],"wp:term":[{"taxonomy":"product_cat","embeddable":true,"href":"https:\/\/presur.cl\/index.php?rest_route=%2Fwp%2Fv2%2Fproduct_cat&post=771"},{"taxonomy":"product_tag","embeddable":true,"href":"https:\/\/presur.cl\/index.php?rest_route=%2Fwp%2Fv2%2Fproduct_tag&post=771"}],"curies":[{"name":"wp","href":"https:\/\/api.w.org\/{rel}","templated":true}]}}