{"id":789,"date":"2022-11-21T21:50:07","date_gmt":"2022-11-21T21:50:07","guid":{"rendered":"https:\/\/presur.cl\/?post_type=product&#038;p=789"},"modified":"2024-12-16T15:18:07","modified_gmt":"2024-12-16T15:18:07","slug":"mesa-180","status":"publish","type":"product","link":"https:\/\/presur.cl\/?product=mesa-180","title":{"rendered":"MESA HORMIG\u00d3N  160\/180\/220"},"content":{"rendered":"<p><strong><span lang=\"ES\">MATERIAL:<\/span><\/strong><span lang=\"ES\"> Hormig\u00f3n gran\u00edtico<\/span><\/p>\n<p><strong><span lang=\"ES\">ESTRUCTURA<\/span><\/strong><span lang=\"ES\">: Monolito armado<\/span><\/p>\n<p><strong><span lang=\"ES\">TERMINACI\u00d3N:<\/span><\/strong><span lang=\"ES\"> Gran\u00edtico pulido\/ liso<\/span><\/p>\n<p><strong><span lang=\"ES\">INSTALACI\u00d3N:<\/span><\/strong><span lang=\"ES\"> Anclado con esp\u00e1rragos<\/span><\/p>\n<p>&nbsp;<\/p>\n<p><strong><span lang=\"ES\">DIMENSIONES MESA 160<\/span><\/strong><span lang=\"ES\">: 160 x 70 x 80h Apr\u00f3x, <strong>PESO:<\/strong> 550 Kg.<\/span><\/p>\n<p><a href=\"https:\/\/presur.cl\/wp-content\/uploads\/2022\/11\/MESA-160-1.pdf\">ESPECIFICACI\u00d3N T\u00c9CNICA_MESA 160<\/a><\/p>\n<p>&nbsp;<\/p>\n<p><strong><span lang=\"ES\">DIMENSIONES MESA 180<\/span><\/strong><span lang=\"ES\">: 180 x 70 x 80h Apr\u00f3x, <strong>PESO:<\/strong> 580 Kg.<\/span><\/p>\n<p><a href=\"https:\/\/presur.cl\/wp-content\/uploads\/2022\/11\/MESA-180-2.pdf\">ESPECIFICACI\u00d3N T\u00c9CNICA_MESA 180<\/a><\/p>\n<p>&nbsp;<\/p>\n<p><strong><span lang=\"ES\">DIMENSIONES MESA 220<\/span><\/strong><span lang=\"ES\">: 220 x 80 x 75h Apr\u00f3x, <strong>PESO:<\/strong> 650Kg.<\/span><\/p>\n<p><a href=\"https:\/\/presur.cl\/wp-content\/uploads\/2022\/11\/MESA-220-1.pdf\">ESPECIFICACI\u00d3N T\u00c9CNICA_MESA 220<\/a><\/p>\n","protected":false},"excerpt":{"rendered":"<p>MATERIAL: Hormig\u00f3n gran\u00edtico ESTRUCTURA: Monolito armado TERMINACI\u00d3N: Gran\u00edtico pulido\/ liso INSTALACI\u00d3N: Anclado con esp\u00e1rragos &nbsp; DIMENSIONES MESA 160: 160 x 70 x 80h Apr\u00f3x, PESO: 550 Kg. ESPECIFICACI\u00d3N T\u00c9CNICA_MESA 160 &nbsp; DIMENSIONES MESA 180: 180 x 70 x 80h Apr\u00f3x, PESO: 580 Kg. ESPECIFICACI\u00d3N T\u00c9CNICA_MESA 180 &nbsp; DIMENSIONES MESA 220: 220 x 80 x 75h [&hellip;]<\/p>\n","protected":false},"featured_media":791,"template":"","meta":{"jetpack_publicize_message":"","jetpack_is_tweetstorm":false,"jetpack_publicize_feature_enabled":true,"jetpack_social_post_already_shared":false,"jetpack_social_options":{"image_generator_settings":{"template":"highway","enabled":false}}},"product_cat":[25],"product_tag":[],"jetpack_publicize_connections":[],"jetpack_sharing_enabled":true,"_links":{"self":[{"href":"https:\/\/presur.cl\/index.php?rest_route=\/wp\/v2\/product\/789"}],"collection":[{"href":"https:\/\/presur.cl\/index.php?rest_route=\/wp\/v2\/product"}],"about":[{"href":"https:\/\/presur.cl\/index.php?rest_route=\/wp\/v2\/types\/product"}],"version-history":[{"count":10,"href":"https:\/\/presur.cl\/index.php?rest_route=\/wp\/v2\/product\/789\/revisions"}],"predecessor-version":[{"id":2912,"href":"https:\/\/presur.cl\/index.php?rest_route=\/wp\/v2\/product\/789\/revisions\/2912"}],"wp:featuredmedia":[{"embeddable":true,"href":"https:\/\/presur.cl\/index.php?rest_route=\/wp\/v2\/media\/791"}],"wp:attachment":[{"href":"https:\/\/presur.cl\/index.php?rest_route=%2Fwp%2Fv2%2Fmedia&parent=789"}],"wp:term":[{"taxonomy":"product_cat","embeddable":true,"href":"https:\/\/presur.cl\/index.php?rest_route=%2Fwp%2Fv2%2Fproduct_cat&post=789"},{"taxonomy":"product_tag","embeddable":true,"href":"https:\/\/presur.cl\/index.php?rest_route=%2Fwp%2Fv2%2Fproduct_tag&post=789"}],"curies":[{"name":"wp","href":"https:\/\/api.w.org\/{rel}","templated":true}]}}