{"id":798,"date":"2022-11-22T01:42:30","date_gmt":"2022-11-22T01:42:30","guid":{"rendered":"https:\/\/presur.cl\/?post_type=product&#038;p=798"},"modified":"2024-05-13T16:20:25","modified_gmt":"2024-05-13T16:20:25","slug":"mesa-ajedrez-con-pisos-base-en-cruz","status":"publish","type":"product","link":"https:\/\/presur.cl\/?product=mesa-ajedrez-con-pisos-base-en-cruz","title":{"rendered":"MESA AJEDREZ CON PISOS, BASE EN CRUZ"},"content":{"rendered":"<p><strong>MATERIAL:<\/strong> Hormig\u00f3n gran\u00edtico<\/p>\n<p><strong>ESTRUCTURA<\/strong>: Monolito armado<\/p>\n<p><strong>TERMINACI\u00d3N:<\/strong> Gran\u00edtico pulido\/ liso<\/p>\n<p><strong>INSTALACI\u00d3N:<\/strong> Anclado con esp\u00e1rragos<\/p>\n<p><strong>PESO:<\/strong> 500 Kg.<\/p>\n<p><strong>DIMENSIONES<\/strong>: 80 x 80 x 80h Apr\u00f3x.<\/p>\n<p><b>PROTECCI\u00d3N:<\/b> Incluye sello anti-graffiti mate transparente<\/p>\n<p><b>EMBALAJE:<\/b> Sobre pallet (1 U. por cada pallet)<\/p>\n<p><a href=\"https:\/\/presur.cl\/wp-content\/uploads\/2022\/11\/MESA-AJEDREZ-CON-PISOS-BASE-EN-CRUZ.pdf\">ESPECIFICACI\u00d3N T\u00c9CNICA_MESA AJEDREZ CON PISOS, BASE EN CRUZ<\/a><\/p>\n","protected":false},"excerpt":{"rendered":"<p>MATERIAL: Hormig\u00f3n gran\u00edtico ESTRUCTURA: Monolito armado TERMINACI\u00d3N: Gran\u00edtico pulido\/ liso INSTALACI\u00d3N: Anclado con esp\u00e1rragos PESO: 500 Kg. DIMENSIONES: 80 x 80 x 80h Apr\u00f3x. PROTECCI\u00d3N: Incluye sello anti-graffiti mate transparente EMBALAJE: Sobre pallet (1 U. por cada pallet) ESPECIFICACI\u00d3N T\u00c9CNICA_MESA AJEDREZ CON PISOS, BASE EN CRUZ<\/p>\n","protected":false},"featured_media":800,"template":"","meta":{"jetpack_publicize_message":"","jetpack_is_tweetstorm":false,"jetpack_publicize_feature_enabled":true,"jetpack_social_post_already_shared":false,"jetpack_social_options":{"image_generator_settings":{"template":"highway","enabled":false}}},"product_cat":[25],"product_tag":[],"jetpack_publicize_connections":[],"jetpack_sharing_enabled":true,"_links":{"self":[{"href":"https:\/\/presur.cl\/index.php?rest_route=\/wp\/v2\/product\/798"}],"collection":[{"href":"https:\/\/presur.cl\/index.php?rest_route=\/wp\/v2\/product"}],"about":[{"href":"https:\/\/presur.cl\/index.php?rest_route=\/wp\/v2\/types\/product"}],"version-history":[{"count":3,"href":"https:\/\/presur.cl\/index.php?rest_route=\/wp\/v2\/product\/798\/revisions"}],"predecessor-version":[{"id":2738,"href":"https:\/\/presur.cl\/index.php?rest_route=\/wp\/v2\/product\/798\/revisions\/2738"}],"wp:featuredmedia":[{"embeddable":true,"href":"https:\/\/presur.cl\/index.php?rest_route=\/wp\/v2\/media\/800"}],"wp:attachment":[{"href":"https:\/\/presur.cl\/index.php?rest_route=%2Fwp%2Fv2%2Fmedia&parent=798"}],"wp:term":[{"taxonomy":"product_cat","embeddable":true,"href":"https:\/\/presur.cl\/index.php?rest_route=%2Fwp%2Fv2%2Fproduct_cat&post=798"},{"taxonomy":"product_tag","embeddable":true,"href":"https:\/\/presur.cl\/index.php?rest_route=%2Fwp%2Fv2%2Fproduct_tag&post=798"}],"curies":[{"name":"wp","href":"https:\/\/api.w.org\/{rel}","templated":true}]}}