{"id":807,"date":"2022-11-22T01:51:25","date_gmt":"2022-11-22T01:51:25","guid":{"rendered":"https:\/\/presur.cl\/?post_type=product&#038;p=807"},"modified":"2024-05-13T16:19:55","modified_gmt":"2024-05-13T16:19:55","slug":"mesa-doble-ajedrez","status":"publish","type":"product","link":"https:\/\/presur.cl\/?product=mesa-doble-ajedrez","title":{"rendered":"MESA DOBLE AJEDREZ"},"content":{"rendered":"<p><strong>MATERIAL:<\/strong> Hormig\u00f3n gran\u00edtico<\/p>\n<p><strong>ESTRUCTURA<\/strong>: Monolito armado<\/p>\n<p><strong>TERMINACI\u00d3N:<\/strong> Gran\u00edtico pulido\/ liso<\/p>\n<p><strong>INSTALACI\u00d3N:<\/strong> Anclado con esp\u00e1rragos<\/p>\n<p><strong>PESO:<\/strong> 1600 Kg.<\/p>\n<p><strong>DIMENSIONES<\/strong>: 180 x 76 x 75h Apr\u00f3x.<\/p>\n<p><b>PROTECCI\u00d3N:<\/b> Incluye sello anti-graffiti mate transparente<\/p>\n<p><b>EMBALAJE:<\/b> 1 pallet por juego<\/p>\n<p><a href=\"https:\/\/presur.cl\/wp-content\/uploads\/2022\/11\/MESA-DOBLE-AJEDREZ.pdf\">ESPECIFICACI\u00d3N T\u00c9CNICA_MESA DOBLE AJEDREZ<\/a><\/p>\n","protected":false},"excerpt":{"rendered":"<p>MATERIAL: Hormig\u00f3n gran\u00edtico ESTRUCTURA: Monolito armado TERMINACI\u00d3N: Gran\u00edtico pulido\/ liso INSTALACI\u00d3N: Anclado con esp\u00e1rragos PESO: 1600 Kg. DIMENSIONES: 180 x 76 x 75h Apr\u00f3x. PROTECCI\u00d3N: Incluye sello anti-graffiti mate transparente EMBALAJE: 1 pallet por juego ESPECIFICACI\u00d3N T\u00c9CNICA_MESA DOBLE AJEDREZ<\/p>\n","protected":false},"featured_media":809,"template":"","meta":{"jetpack_publicize_message":"","jetpack_is_tweetstorm":false,"jetpack_publicize_feature_enabled":true,"jetpack_social_post_already_shared":false,"jetpack_social_options":{"image_generator_settings":{"template":"highway","enabled":false}}},"product_cat":[25],"product_tag":[],"jetpack_publicize_connections":[],"jetpack_sharing_enabled":true,"_links":{"self":[{"href":"https:\/\/presur.cl\/index.php?rest_route=\/wp\/v2\/product\/807"}],"collection":[{"href":"https:\/\/presur.cl\/index.php?rest_route=\/wp\/v2\/product"}],"about":[{"href":"https:\/\/presur.cl\/index.php?rest_route=\/wp\/v2\/types\/product"}],"version-history":[{"count":2,"href":"https:\/\/presur.cl\/index.php?rest_route=\/wp\/v2\/product\/807\/revisions"}],"predecessor-version":[{"id":2735,"href":"https:\/\/presur.cl\/index.php?rest_route=\/wp\/v2\/product\/807\/revisions\/2735"}],"wp:featuredmedia":[{"embeddable":true,"href":"https:\/\/presur.cl\/index.php?rest_route=\/wp\/v2\/media\/809"}],"wp:attachment":[{"href":"https:\/\/presur.cl\/index.php?rest_route=%2Fwp%2Fv2%2Fmedia&parent=807"}],"wp:term":[{"taxonomy":"product_cat","embeddable":true,"href":"https:\/\/presur.cl\/index.php?rest_route=%2Fwp%2Fv2%2Fproduct_cat&post=807"},{"taxonomy":"product_tag","embeddable":true,"href":"https:\/\/presur.cl\/index.php?rest_route=%2Fwp%2Fv2%2Fproduct_tag&post=807"}],"curies":[{"name":"wp","href":"https:\/\/api.w.org\/{rel}","templated":true}]}}