{"id":815,"date":"2022-11-22T01:55:09","date_gmt":"2022-11-22T01:55:09","guid":{"rendered":"https:\/\/presur.cl\/?post_type=product&#038;p=815"},"modified":"2025-04-08T21:20:48","modified_gmt":"2025-04-08T21:20:48","slug":"mesa-parque-con-banca-freire","status":"publish","type":"product","link":"https:\/\/presur.cl\/?product=mesa-parque-con-banca-freire","title":{"rendered":"MESA PARQUE CON BANCA FREIRE"},"content":{"rendered":"<p><strong>MATERIAL:<\/strong> Hormig\u00f3n gran\u00edtico y banca con madera nativa o biopolim\u00e9rica<\/p>\n<p><strong>ESTRUCTURA<\/strong>: Monolito armado<\/p>\n<p><strong>TERMINACI\u00d3N:<\/strong> Gran\u00edtico pulido\/ liso<\/p>\n<p><strong>INSTALACI\u00d3N:<\/strong> Anclado con esp\u00e1rragos<\/p>\n<p><strong>PESO:<\/strong> 900 Kg.<\/p>\n<p><strong>DIMENSIONES<\/strong>: 180 x 76 x 75h Apr\u00f3x.<\/p>\n<p><a href=\"https:\/\/presur.cl\/wp-content\/uploads\/2022\/11\/MESA-PARQUE-CON-BANCA-FREIRE.pdf\">ESPECIFICACI\u00d3N T\u00c9CNICA_MESA PARQUE CON BANCA FREIRE<\/a><\/p>\n","protected":false},"excerpt":{"rendered":"<p>MATERIAL: Hormig\u00f3n gran\u00edtico y banca con madera nativa o biopolim\u00e9rica ESTRUCTURA: Monolito armado TERMINACI\u00d3N: Gran\u00edtico pulido\/ liso INSTALACI\u00d3N: Anclado con esp\u00e1rragos PESO: 900 Kg. DIMENSIONES: 180 x 76 x 75h Apr\u00f3x. ESPECIFICACI\u00d3N T\u00c9CNICA_MESA PARQUE CON BANCA FREIRE<\/p>\n","protected":false},"featured_media":817,"template":"","meta":{"jetpack_publicize_message":"","jetpack_is_tweetstorm":false,"jetpack_publicize_feature_enabled":true,"jetpack_social_post_already_shared":false,"jetpack_social_options":{"image_generator_settings":{"template":"highway","enabled":false}}},"product_cat":[25],"product_tag":[],"jetpack_publicize_connections":[],"jetpack_sharing_enabled":true,"_links":{"self":[{"href":"https:\/\/presur.cl\/index.php?rest_route=\/wp\/v2\/product\/815"}],"collection":[{"href":"https:\/\/presur.cl\/index.php?rest_route=\/wp\/v2\/product"}],"about":[{"href":"https:\/\/presur.cl\/index.php?rest_route=\/wp\/v2\/types\/product"}],"version-history":[{"count":3,"href":"https:\/\/presur.cl\/index.php?rest_route=\/wp\/v2\/product\/815\/revisions"}],"predecessor-version":[{"id":2733,"href":"https:\/\/presur.cl\/index.php?rest_route=\/wp\/v2\/product\/815\/revisions\/2733"}],"wp:featuredmedia":[{"embeddable":true,"href":"https:\/\/presur.cl\/index.php?rest_route=\/wp\/v2\/media\/817"}],"wp:attachment":[{"href":"https:\/\/presur.cl\/index.php?rest_route=%2Fwp%2Fv2%2Fmedia&parent=815"}],"wp:term":[{"taxonomy":"product_cat","embeddable":true,"href":"https:\/\/presur.cl\/index.php?rest_route=%2Fwp%2Fv2%2Fproduct_cat&post=815"},{"taxonomy":"product_tag","embeddable":true,"href":"https:\/\/presur.cl\/index.php?rest_route=%2Fwp%2Fv2%2Fproduct_tag&post=815"}],"curies":[{"name":"wp","href":"https:\/\/api.w.org\/{rel}","templated":true}]}}