{"id":819,"date":"2022-11-22T02:02:30","date_gmt":"2022-11-22T02:02:30","guid":{"rendered":"https:\/\/presur.cl\/?post_type=product&#038;p=819"},"modified":"2025-12-19T16:50:20","modified_gmt":"2025-12-19T16:50:20","slug":"mesa-pin-pong-baje-circulo","status":"publish","type":"product","link":"https:\/\/presur.cl\/?product=mesa-pin-pong-baje-circulo","title":{"rendered":"MESA PING PONG BASE CIRCULO"},"content":{"rendered":"<p><strong>MATERIAL:<\/strong> Hormig\u00f3n gran\u00edtico<\/p>\n<p><strong>ESTRUCTURA<\/strong>: Monolito armado<\/p>\n<p><strong>TERMINACI\u00d3N:<\/strong> Gran\u00edtico pulido\/ liso<\/p>\n<p><strong>INSTALACI\u00d3N:<\/strong> Anclado con esp\u00e1rragos<\/p>\n<p><strong>PESO:<\/strong> 1600 Kg.<\/p>\n<p><strong>DIMENSIONES<\/strong>:274x 152 x 76h Apr\u00f3x.<\/p>\n<p><b>PROTECCI\u00d3N:<\/b> Incluye sello anti-graffiti mate transparente<\/p>\n<p><b>EMBALAJE:<\/b> 2 u por cada pallet<\/p>\n<p><a href=\"https:\/\/presur.cl\/wp-content\/uploads\/2025\/12\/MESA-PING-PONG-BASE-CIRCULO.pdf\">ESPECIFICACI\u00d3N T\u00c9CNICA MESA PING PONG BASE CIRCULO<\/a><\/p>\n","protected":false},"excerpt":{"rendered":"<p>MATERIAL: Hormig\u00f3n gran\u00edtico ESTRUCTURA: Monolito armado TERMINACI\u00d3N: Gran\u00edtico pulido\/ liso INSTALACI\u00d3N: Anclado con esp\u00e1rragos PESO: 1600 Kg. DIMENSIONES:274x 152 x 76h Apr\u00f3x. PROTECCI\u00d3N: Incluye sello anti-graffiti mate transparente EMBALAJE: 2 u por cada pallet ESPECIFICACI\u00d3N T\u00c9CNICA MESA PING PONG BASE CIRCULO<\/p>\n","protected":false},"featured_media":821,"template":"","meta":{"jetpack_publicize_message":"","jetpack_is_tweetstorm":false,"jetpack_publicize_feature_enabled":true,"jetpack_social_post_already_shared":false,"jetpack_social_options":{"image_generator_settings":{"template":"highway","enabled":false}}},"product_cat":[25],"product_tag":[],"jetpack_publicize_connections":[],"jetpack_sharing_enabled":true,"_links":{"self":[{"href":"https:\/\/presur.cl\/index.php?rest_route=\/wp\/v2\/product\/819"}],"collection":[{"href":"https:\/\/presur.cl\/index.php?rest_route=\/wp\/v2\/product"}],"about":[{"href":"https:\/\/presur.cl\/index.php?rest_route=\/wp\/v2\/types\/product"}],"version-history":[{"count":11,"href":"https:\/\/presur.cl\/index.php?rest_route=\/wp\/v2\/product\/819\/revisions"}],"predecessor-version":[{"id":3393,"href":"https:\/\/presur.cl\/index.php?rest_route=\/wp\/v2\/product\/819\/revisions\/3393"}],"wp:featuredmedia":[{"embeddable":true,"href":"https:\/\/presur.cl\/index.php?rest_route=\/wp\/v2\/media\/821"}],"wp:attachment":[{"href":"https:\/\/presur.cl\/index.php?rest_route=%2Fwp%2Fv2%2Fmedia&parent=819"}],"wp:term":[{"taxonomy":"product_cat","embeddable":true,"href":"https:\/\/presur.cl\/index.php?rest_route=%2Fwp%2Fv2%2Fproduct_cat&post=819"},{"taxonomy":"product_tag","embeddable":true,"href":"https:\/\/presur.cl\/index.php?rest_route=%2Fwp%2Fv2%2Fproduct_tag&post=819"}],"curies":[{"name":"wp","href":"https:\/\/api.w.org\/{rel}","templated":true}]}}