{"id":849,"date":"2022-11-22T02:28:36","date_gmt":"2022-11-22T02:28:36","guid":{"rendered":"https:\/\/presur.cl\/?post_type=product&#038;p=849"},"modified":"2025-04-08T21:27:20","modified_gmt":"2025-04-08T21:27:20","slug":"monolito-esfera-d40","status":"publish","type":"product","link":"https:\/\/presur.cl\/?product=monolito-esfera-d40","title":{"rendered":"MONOLITO ESFERA"},"content":{"rendered":"<p><strong>MATERIAL:<\/strong> Hormig\u00f3n gran\u00edtico<\/p>\n<p><strong>ESTRUCTURA<\/strong>: Monolito armado<\/p>\n<p><strong>TERMINACI\u00d3N:<\/strong> Gran\u00edtico pulido\/ liso<\/p>\n<p><strong>INSTALACI\u00d3N:<\/strong> Anclado con esp\u00e1rragos<\/p>\n<p><b>PROTECCI\u00d3N:<\/b> Incluye sello anti-graffiti mate transparente<\/p>\n<p>&nbsp;<\/p>\n<p><strong>DIMENSIONES MONOLITO ESFERA D40<\/strong>: D40h Apr\u00f3x, <strong>PESO:<\/strong> 80 Kg.<\/p>\n<p><a href=\"https:\/\/presur.cl\/wp-content\/uploads\/2022\/11\/MONOLITO-ESFERA-D40.pdf\">ESPECIFICACI\u00d3N T\u00c9CNICA_MONOLITO ESFERA D40<\/a><\/p>\n<p>&nbsp;<\/p>\n<p><strong>DIMENSIONES MONOLITO ESFERA D50<\/strong>: D50h Apr\u00f3x, <strong>PESO:<\/strong> 110 Kg.<\/p>\n<p><a href=\"https:\/\/presur.cl\/wp-content\/uploads\/2022\/11\/MONOLITO-ESFERA-D50-1.pdf\">ESPECIFICACI\u00d3N T\u00c9CNICA_MONOLITO ESFERA D50<\/a><\/p>\n<p>&nbsp;<\/p>\n<p><strong>DIMENSIONES MONOLITO ESFERA D60<\/strong>: D60h Apr\u00f3x, <strong>PESO:<\/strong> 135 Kg.<\/p>\n<p><strong><em><a href=\"https:\/\/presur.cl\/wp-content\/uploads\/2022\/11\/MONOLITO-ESFERA-D60.pdf\">ESPECIFICACI\u00d3N T\u00c9CNICA_MONOLITO ESFERA D60<\/a><\/em><\/strong><\/p>\n<p>&nbsp;<\/p>\n<p><strong>DIMENSIONES MONOLITO ESFERA D120<\/strong>: D120h Apr\u00f3x, <strong>PESO:<\/strong> 2180 Kg.<\/p>\n<p><a href=\"https:\/\/presur.cl\/wp-content\/uploads\/2022\/11\/MONOLITO-ESFERA-D120.pdf\">ESPECIFICACI\u00d3N T\u00c9CNICA_MONOLITO ESFERA D120<\/a><\/p>\n<p>&nbsp;<\/p>\n<p>&nbsp;<\/p>\n","protected":false},"excerpt":{"rendered":"<p>MATERIAL: Hormig\u00f3n gran\u00edtico ESTRUCTURA: Monolito armado TERMINACI\u00d3N: Gran\u00edtico pulido\/ liso INSTALACI\u00d3N: Anclado con esp\u00e1rragos PROTECCI\u00d3N: Incluye sello anti-graffiti mate transparente &nbsp; DIMENSIONES MONOLITO ESFERA D40: D40h Apr\u00f3x, PESO: 80 Kg. ESPECIFICACI\u00d3N T\u00c9CNICA_MONOLITO ESFERA D40 &nbsp; DIMENSIONES MONOLITO ESFERA D50: D50h Apr\u00f3x, PESO: 110 Kg. ESPECIFICACI\u00d3N T\u00c9CNICA_MONOLITO ESFERA D50 &nbsp; DIMENSIONES MONOLITO ESFERA D60: D60h Apr\u00f3x, [&hellip;]<\/p>\n","protected":false},"featured_media":851,"template":"","meta":{"jetpack_publicize_message":"","jetpack_is_tweetstorm":false,"jetpack_publicize_feature_enabled":true,"jetpack_social_post_already_shared":false,"jetpack_social_options":{"image_generator_settings":{"template":"highway","enabled":false}}},"product_cat":[37],"product_tag":[],"jetpack_publicize_connections":[],"jetpack_sharing_enabled":true,"_links":{"self":[{"href":"https:\/\/presur.cl\/index.php?rest_route=\/wp\/v2\/product\/849"}],"collection":[{"href":"https:\/\/presur.cl\/index.php?rest_route=\/wp\/v2\/product"}],"about":[{"href":"https:\/\/presur.cl\/index.php?rest_route=\/wp\/v2\/types\/product"}],"version-history":[{"count":10,"href":"https:\/\/presur.cl\/index.php?rest_route=\/wp\/v2\/product\/849\/revisions"}],"predecessor-version":[{"id":2931,"href":"https:\/\/presur.cl\/index.php?rest_route=\/wp\/v2\/product\/849\/revisions\/2931"}],"wp:featuredmedia":[{"embeddable":true,"href":"https:\/\/presur.cl\/index.php?rest_route=\/wp\/v2\/media\/851"}],"wp:attachment":[{"href":"https:\/\/presur.cl\/index.php?rest_route=%2Fwp%2Fv2%2Fmedia&parent=849"}],"wp:term":[{"taxonomy":"product_cat","embeddable":true,"href":"https:\/\/presur.cl\/index.php?rest_route=%2Fwp%2Fv2%2Fproduct_cat&post=849"},{"taxonomy":"product_tag","embeddable":true,"href":"https:\/\/presur.cl\/index.php?rest_route=%2Fwp%2Fv2%2Fproduct_tag&post=849"}],"curies":[{"name":"wp","href":"https:\/\/api.w.org\/{rel}","templated":true}]}}