{"id":868,"date":"2022-11-22T02:54:24","date_gmt":"2022-11-22T02:54:24","guid":{"rendered":"https:\/\/presur.cl\/?post_type=product&#038;p=868"},"modified":"2024-05-13T16:27:02","modified_gmt":"2024-05-13T16:27:02","slug":"monolito-segregador-chaiten","status":"publish","type":"product","link":"https:\/\/presur.cl\/?product=monolito-segregador-chaiten","title":{"rendered":"MONOLITO SEGREGADOR CHAIT\u00c9N"},"content":{"rendered":"<p><strong>MATERIAL:<\/strong> Hormig\u00f3n gran\u00edtico<\/p>\n<p><strong>ESTRUCTURA<\/strong>: Monolito armado<\/p>\n<p><strong>TERMINACI\u00d3N:<\/strong> Gran\u00edtico pulido\/ liso<\/p>\n<p><strong>INSTALACI\u00d3N:<\/strong> Anclado con esp\u00e1rragos<\/p>\n<p><strong>PESO:<\/strong> 120 Kg.<\/p>\n<p><strong>DIMENSIONES<\/strong>: 48 x 40 x 40h Apr\u00f3x.<\/p>\n<p><b>PROTECCI\u00d3N:<\/b> Incluye sello anti-graffiti mate transparente<\/p>\n<p><b>EMBALAJE:<\/b> Sobre pallet (6 unds. por cada pallet)<\/p>\n<p><a href=\"https:\/\/presur.cl\/wp-content\/uploads\/2022\/11\/MONOLITO-SEGREGADOR-CHAITEN.pdf\">ESPECIFICACI\u00d3N T\u00c9CNICA_MONOLITO SEGREGADOR CHAIT\u00c9N<\/a><\/p>\n","protected":false},"excerpt":{"rendered":"<p>MATERIAL: Hormig\u00f3n gran\u00edtico ESTRUCTURA: Monolito armado TERMINACI\u00d3N: Gran\u00edtico pulido\/ liso INSTALACI\u00d3N: Anclado con esp\u00e1rragos PESO: 120 Kg. DIMENSIONES: 48 x 40 x 40h Apr\u00f3x. PROTECCI\u00d3N: Incluye sello anti-graffiti mate transparente EMBALAJE: Sobre pallet (6 unds. por cada pallet) ESPECIFICACI\u00d3N T\u00c9CNICA_MONOLITO SEGREGADOR CHAIT\u00c9N<\/p>\n","protected":false},"featured_media":870,"template":"","meta":{"jetpack_publicize_message":"","jetpack_is_tweetstorm":false,"jetpack_publicize_feature_enabled":true,"jetpack_social_post_already_shared":false,"jetpack_social_options":{"image_generator_settings":{"template":"highway","enabled":false}}},"product_cat":[37],"product_tag":[],"jetpack_publicize_connections":[],"jetpack_sharing_enabled":true,"_links":{"self":[{"href":"https:\/\/presur.cl\/index.php?rest_route=\/wp\/v2\/product\/868"}],"collection":[{"href":"https:\/\/presur.cl\/index.php?rest_route=\/wp\/v2\/product"}],"about":[{"href":"https:\/\/presur.cl\/index.php?rest_route=\/wp\/v2\/types\/product"}],"version-history":[{"count":3,"href":"https:\/\/presur.cl\/index.php?rest_route=\/wp\/v2\/product\/868\/revisions"}],"predecessor-version":[{"id":2748,"href":"https:\/\/presur.cl\/index.php?rest_route=\/wp\/v2\/product\/868\/revisions\/2748"}],"wp:featuredmedia":[{"embeddable":true,"href":"https:\/\/presur.cl\/index.php?rest_route=\/wp\/v2\/media\/870"}],"wp:attachment":[{"href":"https:\/\/presur.cl\/index.php?rest_route=%2Fwp%2Fv2%2Fmedia&parent=868"}],"wp:term":[{"taxonomy":"product_cat","embeddable":true,"href":"https:\/\/presur.cl\/index.php?rest_route=%2Fwp%2Fv2%2Fproduct_cat&post=868"},{"taxonomy":"product_tag","embeddable":true,"href":"https:\/\/presur.cl\/index.php?rest_route=%2Fwp%2Fv2%2Fproduct_tag&post=868"}],"curies":[{"name":"wp","href":"https:\/\/api.w.org\/{rel}","templated":true}]}}