{"id":873,"date":"2022-11-22T03:04:47","date_gmt":"2022-11-22T03:04:47","guid":{"rendered":"https:\/\/presur.cl\/?post_type=product&#038;p=873"},"modified":"2024-05-13T16:25:48","modified_gmt":"2024-05-13T16:25:48","slug":"monolito-segregador-curacautin-100","status":"publish","type":"product","link":"https:\/\/presur.cl\/?product=monolito-segregador-curacautin-100","title":{"rendered":"MONOLITO SEGREGADOR CURACAUT\u00cdN"},"content":{"rendered":"<p><strong>MATERIAL:<\/strong> Hormig\u00f3n gran\u00edtico<\/p>\n<p><strong>ESTRUCTURA<\/strong>: Monolito armado<\/p>\n<p><strong>TERMINACI\u00d3N:<\/strong> Gran\u00edtico pulido\/ liso<\/p>\n<p><strong>INSTALACI\u00d3N:<\/strong> Anclado con esp\u00e1rragos<\/p>\n<p><b>PROTECCI\u00d3N:<\/b> Incluye sello anti-graffiti mate transparente<\/p>\n<p><b>EMBALAJE:<\/b> Sobre pallet (30 unds. por cada pallet)<\/p>\n<p>&nbsp;<\/p>\n<p><strong>DIMENSIONES<\/strong>: D15 x 100h Apr\u00f3x, <strong>PESO:<\/strong> 45 Kg.<\/p>\n<p><a href=\"https:\/\/presur.cl\/wp-content\/uploads\/2022\/11\/MONOLITO-SEGREGADOR-CURACAUTIN-100.pdf\">ESPECIFICACI\u00d3N T\u00c9CNICA_MONOLITO SEGREGADOR CURACAUT\u00cdN 100<\/a><\/p>\n<p>&nbsp;<\/p>\n<p><strong>DIMENSIONES<\/strong>: D15 x 50h Apr\u00f3x, <strong>PESO:<\/strong> 22 Kg.<\/p>\n<p><a href=\"https:\/\/presur.cl\/wp-content\/uploads\/2022\/11\/MONOLITO-SEGREGADOR-CURACAUTIN.pdf\">ESPECIFICACI\u00d3N T\u00c9CNICA_MONOLITO SEGREGADOR CURACAUT\u00cdN<\/a><\/p>\n","protected":false},"excerpt":{"rendered":"<p>MATERIAL: Hormig\u00f3n gran\u00edtico ESTRUCTURA: Monolito armado TERMINACI\u00d3N: Gran\u00edtico pulido\/ liso INSTALACI\u00d3N: Anclado con esp\u00e1rragos PROTECCI\u00d3N: Incluye sello anti-graffiti mate transparente EMBALAJE: Sobre pallet (30 unds. por cada pallet) &nbsp; DIMENSIONES: D15 x 100h Apr\u00f3x, PESO: 45 Kg. ESPECIFICACI\u00d3N T\u00c9CNICA_MONOLITO SEGREGADOR CURACAUT\u00cdN 100 &nbsp; DIMENSIONES: D15 x 50h Apr\u00f3x, PESO: 22 Kg. ESPECIFICACI\u00d3N T\u00c9CNICA_MONOLITO SEGREGADOR CURACAUT\u00cdN<\/p>\n","protected":false},"featured_media":875,"template":"","meta":{"jetpack_publicize_message":"","jetpack_is_tweetstorm":false,"jetpack_publicize_feature_enabled":true,"jetpack_social_post_already_shared":false,"jetpack_social_options":{"image_generator_settings":{"template":"highway","enabled":false}}},"product_cat":[37],"product_tag":[],"jetpack_publicize_connections":[],"jetpack_sharing_enabled":true,"_links":{"self":[{"href":"https:\/\/presur.cl\/index.php?rest_route=\/wp\/v2\/product\/873"}],"collection":[{"href":"https:\/\/presur.cl\/index.php?rest_route=\/wp\/v2\/product"}],"about":[{"href":"https:\/\/presur.cl\/index.php?rest_route=\/wp\/v2\/types\/product"}],"version-history":[{"count":5,"href":"https:\/\/presur.cl\/index.php?rest_route=\/wp\/v2\/product\/873\/revisions"}],"predecessor-version":[{"id":2746,"href":"https:\/\/presur.cl\/index.php?rest_route=\/wp\/v2\/product\/873\/revisions\/2746"}],"wp:featuredmedia":[{"embeddable":true,"href":"https:\/\/presur.cl\/index.php?rest_route=\/wp\/v2\/media\/875"}],"wp:attachment":[{"href":"https:\/\/presur.cl\/index.php?rest_route=%2Fwp%2Fv2%2Fmedia&parent=873"}],"wp:term":[{"taxonomy":"product_cat","embeddable":true,"href":"https:\/\/presur.cl\/index.php?rest_route=%2Fwp%2Fv2%2Fproduct_cat&post=873"},{"taxonomy":"product_tag","embeddable":true,"href":"https:\/\/presur.cl\/index.php?rest_route=%2Fwp%2Fv2%2Fproduct_tag&post=873"}],"curies":[{"name":"wp","href":"https:\/\/api.w.org\/{rel}","templated":true}]}}