{"id":883,"date":"2022-11-22T03:10:21","date_gmt":"2022-11-22T03:10:21","guid":{"rendered":"https:\/\/presur.cl\/?post_type=product&#038;p=883"},"modified":"2024-05-13T16:25:23","modified_gmt":"2024-05-13T16:25:23","slug":"monolito-segregador-petrohue","status":"publish","type":"product","link":"https:\/\/presur.cl\/?product=monolito-segregador-petrohue","title":{"rendered":"MONOLITO SEGREGADOR PETROHUE"},"content":{"rendered":"<p><strong>MATERIAL:<\/strong> Hormig\u00f3n gran\u00edtico<\/p>\n<p><strong>ESTRUCTURA<\/strong>: Monolito armado<\/p>\n<p><strong>TERMINACI\u00d3N:<\/strong> Gran\u00edtico pulido\/ liso<\/p>\n<p><strong>INSTALACI\u00d3N:<\/strong> Anclado con esp\u00e1rragos<\/p>\n<p><strong>PESO:<\/strong> 135 Kg.<\/p>\n<p><strong>DIMENSIONES<\/strong>: D40 x 50h Apr\u00f3x.<\/p>\n<p><b>PROTECCI\u00d3N:<\/b> Incluye sello anti-graffiti mate transparente<\/p>\n<p><b>EMBALAJE:<\/b> Sobre pallet (6 unds. por cada pallet)<\/p>\n<p><a href=\"https:\/\/presur.cl\/wp-content\/uploads\/2022\/11\/MONOLITO-SEGREGADOR-PETROHUE.pdf\">ESPECIFICACI\u00d3N T\u00c9CNICA_MONOLITO SEGREGADOR PETROHUE<\/a><\/p>\n","protected":false},"excerpt":{"rendered":"<p>MATERIAL: Hormig\u00f3n gran\u00edtico ESTRUCTURA: Monolito armado TERMINACI\u00d3N: Gran\u00edtico pulido\/ liso INSTALACI\u00d3N: Anclado con esp\u00e1rragos PESO: 135 Kg. DIMENSIONES: D40 x 50h Apr\u00f3x. PROTECCI\u00d3N: Incluye sello anti-graffiti mate transparente EMBALAJE: Sobre pallet (6 unds. por cada pallet) ESPECIFICACI\u00d3N T\u00c9CNICA_MONOLITO SEGREGADOR PETROHUE<\/p>\n","protected":false},"featured_media":885,"template":"","meta":{"jetpack_publicize_message":"","jetpack_is_tweetstorm":false,"jetpack_publicize_feature_enabled":true,"jetpack_social_post_already_shared":false,"jetpack_social_options":{"image_generator_settings":{"template":"highway","enabled":false}}},"product_cat":[37],"product_tag":[],"jetpack_publicize_connections":[],"jetpack_sharing_enabled":true,"_links":{"self":[{"href":"https:\/\/presur.cl\/index.php?rest_route=\/wp\/v2\/product\/883"}],"collection":[{"href":"https:\/\/presur.cl\/index.php?rest_route=\/wp\/v2\/product"}],"about":[{"href":"https:\/\/presur.cl\/index.php?rest_route=\/wp\/v2\/types\/product"}],"version-history":[{"count":2,"href":"https:\/\/presur.cl\/index.php?rest_route=\/wp\/v2\/product\/883\/revisions"}],"predecessor-version":[{"id":2745,"href":"https:\/\/presur.cl\/index.php?rest_route=\/wp\/v2\/product\/883\/revisions\/2745"}],"wp:featuredmedia":[{"embeddable":true,"href":"https:\/\/presur.cl\/index.php?rest_route=\/wp\/v2\/media\/885"}],"wp:attachment":[{"href":"https:\/\/presur.cl\/index.php?rest_route=%2Fwp%2Fv2%2Fmedia&parent=883"}],"wp:term":[{"taxonomy":"product_cat","embeddable":true,"href":"https:\/\/presur.cl\/index.php?rest_route=%2Fwp%2Fv2%2Fproduct_cat&post=883"},{"taxonomy":"product_tag","embeddable":true,"href":"https:\/\/presur.cl\/index.php?rest_route=%2Fwp%2Fv2%2Fproduct_tag&post=883"}],"curies":[{"name":"wp","href":"https:\/\/api.w.org\/{rel}","templated":true}]}}