{"id":902,"date":"2022-11-22T03:28:28","date_gmt":"2022-11-22T03:28:28","guid":{"rendered":"https:\/\/presur.cl\/?post_type=product&#038;p=902"},"modified":"2024-05-13T16:39:30","modified_gmt":"2024-05-13T16:39:30","slug":"protectores-de-arbol-curarrehue","status":"publish","type":"product","link":"https:\/\/presur.cl\/?product=protectores-de-arbol-curarrehue","title":{"rendered":"PROTECTORES DE \u00c1RBOL CURARREHUE"},"content":{"rendered":"<p><strong>MATERIAL:<\/strong> Hormig\u00f3n gran\u00edtico<\/p>\n<p><strong>ESTRUCTURA<\/strong>: Monolito armado<\/p>\n<p><strong>TERMINACI\u00d3N:<\/strong> Gran\u00edtico pulido\/ liso<\/p>\n<p><strong>PESO:<\/strong> 215 Kg.<\/p>\n<p><strong>DIMENSIONES<\/strong>: 120 x 120 x 15h Apr\u00f3x.<\/p>\n<p><b>PROTECCI\u00d3N:<\/b> Incluye sello anti-graffiti mate transparente<\/p>\n<p><b>EMBALAJE:<\/b> Sobre pallet (5 unds. por cada pallet)<\/p>\n<p><a href=\"https:\/\/presur.cl\/wp-content\/uploads\/2022\/11\/PROTECTORES-DE-ARBOL-CURARREHUE.pdf\">ESPECIFICACI\u00d3N T\u00c9CNICA_PROTECTORES DE \u00c1RBOL CURARREHUE<\/a><\/p>\n","protected":false},"excerpt":{"rendered":"<p>MATERIAL: Hormig\u00f3n gran\u00edtico ESTRUCTURA: Monolito armado TERMINACI\u00d3N: Gran\u00edtico pulido\/ liso PESO: 215 Kg. DIMENSIONES: 120 x 120 x 15h Apr\u00f3x. PROTECCI\u00d3N: Incluye sello anti-graffiti mate transparente EMBALAJE: Sobre pallet (5 unds. por cada pallet) ESPECIFICACI\u00d3N T\u00c9CNICA_PROTECTORES DE \u00c1RBOL CURARREHUE<\/p>\n","protected":false},"featured_media":904,"template":"","meta":{"jetpack_publicize_message":"","jetpack_is_tweetstorm":false,"jetpack_publicize_feature_enabled":true,"jetpack_social_post_already_shared":false,"jetpack_social_options":{"image_generator_settings":{"template":"highway","enabled":false}}},"product_cat":[38],"product_tag":[],"jetpack_publicize_connections":[],"jetpack_sharing_enabled":true,"_links":{"self":[{"href":"https:\/\/presur.cl\/index.php?rest_route=\/wp\/v2\/product\/902"}],"collection":[{"href":"https:\/\/presur.cl\/index.php?rest_route=\/wp\/v2\/product"}],"about":[{"href":"https:\/\/presur.cl\/index.php?rest_route=\/wp\/v2\/types\/product"}],"version-history":[{"count":2,"href":"https:\/\/presur.cl\/index.php?rest_route=\/wp\/v2\/product\/902\/revisions"}],"predecessor-version":[{"id":2762,"href":"https:\/\/presur.cl\/index.php?rest_route=\/wp\/v2\/product\/902\/revisions\/2762"}],"wp:featuredmedia":[{"embeddable":true,"href":"https:\/\/presur.cl\/index.php?rest_route=\/wp\/v2\/media\/904"}],"wp:attachment":[{"href":"https:\/\/presur.cl\/index.php?rest_route=%2Fwp%2Fv2%2Fmedia&parent=902"}],"wp:term":[{"taxonomy":"product_cat","embeddable":true,"href":"https:\/\/presur.cl\/index.php?rest_route=%2Fwp%2Fv2%2Fproduct_cat&post=902"},{"taxonomy":"product_tag","embeddable":true,"href":"https:\/\/presur.cl\/index.php?rest_route=%2Fwp%2Fv2%2Fproduct_tag&post=902"}],"curies":[{"name":"wp","href":"https:\/\/api.w.org\/{rel}","templated":true}]}}