{"id":906,"date":"2022-11-22T03:38:03","date_gmt":"2022-11-22T03:38:03","guid":{"rendered":"https:\/\/presur.cl\/?post_type=product&#038;p=906"},"modified":"2025-02-04T13:07:48","modified_gmt":"2025-02-04T13:07:48","slug":"protectores-de-arbol-nieve","status":"publish","type":"product","link":"https:\/\/presur.cl\/?product=protectores-de-arbol-nieve","title":{"rendered":"PROTECTORES DE \u00c1RBOL NIEVE"},"content":{"rendered":"<p><strong>MATERIAL:<\/strong> Hormig\u00f3n gran\u00edtico<\/p>\n<p><strong>ESTRUCTURA<\/strong>: Monolito armado<\/p>\n<p><strong>TERMINACI\u00d3N:<\/strong> Gran\u00edtico pulido\/ liso<\/p>\n<p><strong>PESO: 4<\/strong>00Kg<\/p>\n<p><strong>DIMENSIONES<\/strong>: 160 x 160 x 15h Apr\u00f3x.<\/p>\n<p><b>PROTECCI\u00d3N:<\/b> Incluye sello anti-graffiti mate transparente<\/p>\n<p><b>EMBALAJE:<\/b> Sobre pallet (3 unds. por cada pallet)<\/p>\n<p><em><strong><a href=\"https:\/\/presur.cl\/wp-content\/uploads\/2022\/11\/PROTECTORES-DE-ARBOL-NIEVE-1.pdf\">ESPECIFICACI\u00d3N T\u00c9CNICA PROTECTORES DE \u00c1RBOL NIEVE<\/a><\/strong><\/em><\/p>\n","protected":false},"excerpt":{"rendered":"<p>MATERIAL: Hormig\u00f3n gran\u00edtico ESTRUCTURA: Monolito armado TERMINACI\u00d3N: Gran\u00edtico pulido\/ liso PESO: 400Kg DIMENSIONES: 160 x 160 x 15h Apr\u00f3x. PROTECCI\u00d3N: Incluye sello anti-graffiti mate transparente EMBALAJE: Sobre pallet (3 unds. por cada pallet) ESPECIFICACI\u00d3N T\u00c9CNICA PROTECTORES DE \u00c1RBOL NIEVE<\/p>\n","protected":false},"featured_media":908,"template":"","meta":{"jetpack_publicize_message":"","jetpack_is_tweetstorm":false,"jetpack_publicize_feature_enabled":true,"jetpack_social_post_already_shared":false,"jetpack_social_options":{"image_generator_settings":{"template":"highway","enabled":false}}},"product_cat":[38],"product_tag":[],"jetpack_publicize_connections":[],"jetpack_sharing_enabled":true,"_links":{"self":[{"href":"https:\/\/presur.cl\/index.php?rest_route=\/wp\/v2\/product\/906"}],"collection":[{"href":"https:\/\/presur.cl\/index.php?rest_route=\/wp\/v2\/product"}],"about":[{"href":"https:\/\/presur.cl\/index.php?rest_route=\/wp\/v2\/types\/product"}],"version-history":[{"count":5,"href":"https:\/\/presur.cl\/index.php?rest_route=\/wp\/v2\/product\/906\/revisions"}],"predecessor-version":[{"id":3199,"href":"https:\/\/presur.cl\/index.php?rest_route=\/wp\/v2\/product\/906\/revisions\/3199"}],"wp:featuredmedia":[{"embeddable":true,"href":"https:\/\/presur.cl\/index.php?rest_route=\/wp\/v2\/media\/908"}],"wp:attachment":[{"href":"https:\/\/presur.cl\/index.php?rest_route=%2Fwp%2Fv2%2Fmedia&parent=906"}],"wp:term":[{"taxonomy":"product_cat","embeddable":true,"href":"https:\/\/presur.cl\/index.php?rest_route=%2Fwp%2Fv2%2Fproduct_cat&post=906"},{"taxonomy":"product_tag","embeddable":true,"href":"https:\/\/presur.cl\/index.php?rest_route=%2Fwp%2Fv2%2Fproduct_tag&post=906"}],"curies":[{"name":"wp","href":"https:\/\/api.w.org\/{rel}","templated":true}]}}