{"id":915,"date":"2022-11-22T03:44:17","date_gmt":"2022-11-22T03:44:17","guid":{"rendered":"https:\/\/presur.cl\/?post_type=product&#038;p=915"},"modified":"2025-04-08T21:25:01","modified_gmt":"2025-04-08T21:25:01","slug":"protectores-de-arbol-pucura","status":"publish","type":"product","link":"https:\/\/presur.cl\/?product=protectores-de-arbol-pucura","title":{"rendered":"PROTECTORES DE \u00c1RBOL PUCURA"},"content":{"rendered":"\t\t<div data-elementor-type=\"product-post\" data-elementor-id=\"915\" class=\"elementor elementor-915\" data-elementor-post-type=\"product\">\n\t\t\t\t\t\t<section class=\"elementor-section elementor-top-section elementor-element elementor-element-22862aaa elementor-section-boxed elementor-section-height-default elementor-section-height-default\" data-id=\"22862aaa\" data-element_type=\"section\">\n\t\t\t\t\t\t<div class=\"elementor-container elementor-column-gap-default\">\n\t\t\t\t\t<div class=\"elementor-column elementor-col-100 elementor-top-column elementor-element elementor-element-7202dcef\" data-id=\"7202dcef\" data-element_type=\"column\">\n\t\t\t<div class=\"elementor-widget-wrap elementor-element-populated\">\n\t\t\t\t\t\t<div class=\"elementor-element elementor-element-567696cf elementor-widget elementor-widget-text-editor\" data-id=\"567696cf\" data-element_type=\"widget\" data-widget_type=\"text-editor.default\">\n\t\t\t\t<div class=\"elementor-widget-container\">\n\t\t\t\t\t\t\t\t\t<p><strong>MATERIAL:<\/strong> Hormig\u00f3n gran\u00edtico<\/p>\n<p><strong>ESTRUCTURA<\/strong>: Monolito armado<\/p>\n<p><strong>TERMINACI\u00d3N:<\/strong> Gran\u00edtico pulido\/ liso<\/p>\n<p><strong>PESO:<\/strong> 215 Kg.<\/p>\n<p><strong>DIMENSIONES<\/strong>: 120 x 120 x 015 cm Apr\u00f3x. \/<\/p>\n<p>160 x 160 x 012cm Apr\u00f3x.<\/p>\n<p><b>PROTECCI\u00d3N:<\/b> Incluye sello anti-graffiti mate transparente<\/p>\n<p><b>EMBALAJE:<\/b> Sobre pallet (5 unds. por cada pallet)<\/p>\n<p><em><strong><a href=\"https:\/\/presur.cl\/wp-content\/uploads\/2022\/11\/PROTECTORES-DE-ARBOL-PUCURA.pdf\">ESPECIFICACI\u00d3N T\u00c9CNICA _PROTECTOR DE \u00c1RBOL PUCURA 120<\/a><\/strong><\/em><\/p>\n<p><strong><em><a href=\"https:\/\/presur.cl\/wp-content\/uploads\/2024\/07\/PROTECTORES-DE-ARBOL-PUCURA-160-1.pdf\">ESPECIFICACI\u00d3N T\u00c9CNICA_PROTECTORES DE ARBOL PUCURA 160<\/a><\/em><\/strong><\/p>\t\t\t\t\t\t\t\t<\/div>\n\t\t\t\t<\/div>\n\t\t\t\t\t<\/div>\n\t\t<\/div>\n\t\t\t\t\t<\/div>\n\t\t<\/section>\n\t\t\t\t<\/div>\n\t\t","protected":false},"excerpt":{"rendered":"<p>MATERIAL: Hormig\u00f3n gran\u00edtico ESTRUCTURA: Monolito armado TERMINACI\u00d3N: Gran\u00edtico pulido\/ liso PESO: 215 Kg. DIMENSIONES: 120 x 120 x 015 cm Apr\u00f3x. \/ 160 x 160 x 012cm Apr\u00f3x. PROTECCI\u00d3N: Incluye sello anti-graffiti mate transparente EMBALAJE: Sobre pallet (5 unds. por cada pallet) ESPECIFICACI\u00d3N T\u00c9CNICA _PROTECTOR DE \u00c1RBOL PUCURA 120 ESPECIFICACI\u00d3N T\u00c9CNICA_PROTECTORES DE ARBOL PUCURA 160<\/p>\n","protected":false},"featured_media":917,"template":"","meta":{"jetpack_publicize_message":"","jetpack_is_tweetstorm":false,"jetpack_publicize_feature_enabled":true,"jetpack_social_post_already_shared":false,"jetpack_social_options":{"image_generator_settings":{"template":"highway","enabled":false}}},"product_cat":[38],"product_tag":[],"jetpack_publicize_connections":[],"jetpack_sharing_enabled":true,"_links":{"self":[{"href":"https:\/\/presur.cl\/index.php?rest_route=\/wp\/v2\/product\/915"}],"collection":[{"href":"https:\/\/presur.cl\/index.php?rest_route=\/wp\/v2\/product"}],"about":[{"href":"https:\/\/presur.cl\/index.php?rest_route=\/wp\/v2\/types\/product"}],"version-history":[{"count":10,"href":"https:\/\/presur.cl\/index.php?rest_route=\/wp\/v2\/product\/915\/revisions"}],"predecessor-version":[{"id":2934,"href":"https:\/\/presur.cl\/index.php?rest_route=\/wp\/v2\/product\/915\/revisions\/2934"}],"wp:featuredmedia":[{"embeddable":true,"href":"https:\/\/presur.cl\/index.php?rest_route=\/wp\/v2\/media\/917"}],"wp:attachment":[{"href":"https:\/\/presur.cl\/index.php?rest_route=%2Fwp%2Fv2%2Fmedia&parent=915"}],"wp:term":[{"taxonomy":"product_cat","embeddable":true,"href":"https:\/\/presur.cl\/index.php?rest_route=%2Fwp%2Fv2%2Fproduct_cat&post=915"},{"taxonomy":"product_tag","embeddable":true,"href":"https:\/\/presur.cl\/index.php?rest_route=%2Fwp%2Fv2%2Fproduct_tag&post=915"}],"curies":[{"name":"wp","href":"https:\/\/api.w.org\/{rel}","templated":true}]}}